{"id":16293,"date":"2023-10-04T07:13:02","date_gmt":"2023-10-04T07:13:02","guid":{"rendered":"https:\/\/ichoosr.com\/privacy\/"},"modified":"2025-06-12T09:21:12","modified_gmt":"2025-06-12T09:21:12","slug":"privacy","status":"publish","type":"page","link":"https:\/\/ichoosr.com\/pl\/privacy\/","title":{"rendered":"Privacy"},"content":{"rendered":"[vc_row type=&#8221;in_container&#8221; full_screen_row_position=&#8221;middle&#8221; column_margin=&#8221;default&#8221; column_direction=&#8221;default&#8221; column_direction_tablet=&#8221;default&#8221; column_direction_phone=&#8221;default&#8221; scene_position=&#8221;center&#8221; bottom_padding=&#8221;8%&#8221; bottom_padding_phone=&#8221;8%&#8221; text_color=&#8221;dark&#8221; text_align=&#8221;left&#8221; row_border_radius=&#8221;none&#8221; row_border_radius_applies=&#8221;bg&#8221; overflow=&#8221;visible&#8221; overlay_strength=&#8221;0.3&#8243; gradient_direction=&#8221;left_to_right&#8221; shape_divider_position=&#8221;bottom&#8221; bg_image_animation=&#8221;none&#8221; gradient_type=&#8221;default&#8221; shape_type=&#8221;&#8221;][vc_column column_padding=&#8221;no-extra-padding&#8221; column_padding_tablet=&#8221;inherit&#8221; column_padding_phone=&#8221;inherit&#8221; column_padding_position=&#8221;all&#8221; column_element_direction_desktop=&#8221;default&#8221; column_element_spacing=&#8221;default&#8221; desktop_text_alignment=&#8221;default&#8221; tablet_text_alignment=&#8221;default&#8221; phone_text_alignment=&#8221;default&#8221; background_color_opacity=&#8221;1&#8243; background_hover_color_opacity=&#8221;1&#8243; column_backdrop_filter=&#8221;none&#8221; column_shadow=&#8221;none&#8221; column_border_radius=&#8221;none&#8221; column_link_target=&#8221;_self&#8221; column_position=&#8221;default&#8221; gradient_direction=&#8221;left_to_right&#8221; overlay_strength=&#8221;0.3&#8243; width=&#8221;1\/1&#8243; tablet_width_inherit=&#8221;default&#8221; animation_type=&#8221;default&#8221; enable_animation=&#8221;true&#8221; animation=&#8221;fade-in&#8221; animation_easing=&#8221;easeInQuad&#8221; bg_image_animation=&#8221;none&#8221; border_type=&#8221;simple&#8221; column_border_width=&#8221;none&#8221; column_border_style=&#8221;solid&#8221; column_padding_type=&#8221;default&#8221; gradient_type=&#8221;default&#8221;][vc_column_text css=&#8221;&#8221; text_direction=&#8221;default&#8221;]<strong>Polityka Prywatno\u015bci<\/strong><\/p>\n<ol>\n<li><strong>WPROWADZENIE<\/strong><\/li>\n<\/ol>\n<p>Jeste\u015bmy iChoosr Ltd., prywatn\u0105 sp\u00f3\u0142k\u0105 z ograniczon\u0105 odpowiedzialno\u015bci\u0105 z siedzib\u0105 pod adresem Bakkersstraat 23, 1017 CW Amsterdam, zarejestrowan\u0105 pod numerem KvK: 30266372 | NIP: NL8210.22.143b01.<\/p>\n<p>iChoosr dok\u0142ada wszelkich stara\u0144, aby zapewni\u0107 ochron\u0119 prywatno\u015bci wszystkich odwiedzaj\u0105cych stron\u0119 <a href=\"http:\/\/ichoosr.co.uk\">ichoosr<\/a>\u00a0 oraz powi\u0105zane witryny, w tym, ale nie wy\u0142\u0105cznie, strony przeznaczone dla program\u00f3w Zakup\u00f3w Grupowych organizowanych przez iChoosr. Prosimy o uwa\u017cne przeczytanie niniejszej polityki prywatno\u015bci, aby zrozumie\u0107, w jakich celach i dlaczego wykorzystujemy dane osobowe, kt\u00f3re pozostawiasz na naszej stronie internetowej lub kt\u00f3re przekazujesz za po\u015brednictwem naszego serwisu offline poprzez gmin\u0119 lub wyznaczon\u0105 przez ni\u0105 stron\u0119 trzeci\u0105.<\/p>\n<p>Odwiedzaj\u0105c i korzystaj\u0105c z us\u0142ug na naszej stronie internetowej lub korzystaj\u0105c z naszego serwisu offline opartego na korespondencji pocztowej, wyra\u017casz zgod\u0119 na zbieranie, wykorzystywanie i (ograniczone) przekazywanie Twoich danych osobowych zgodnie z opisem w niniejszej polityce prywatno\u015bci.<\/p>\n<ol>\n<li><strong>DEFINICJE<\/strong><\/li>\n<\/ol>\n<ul>\n<li><strong>\u201eMy\u201d lub \u201enas\u201d<\/strong>: iChoosr Ltd., prywatna sp\u00f3\u0142ka z ograniczon\u0105 odpowiedzialno\u015bci\u0105 z siedzib\u0105 przy 58-59 Great Marlborough Street, Londyn, W1F 7JY, zarejestrowana w Anglii i Walii pod numerem 8241539.<\/li>\n<li><strong>\u201eLider Spo\u0142eczno\u015bci\u201d<\/strong>: wsp\u00f3\u0142organizator program\u00f3w Zakup\u00f3w Grupowych, jak wskazano na g\u00f3rze stron.<\/li>\n<li><strong>\u201eZakup Grupowy\u201d<\/strong>: aukcja odwrotna, w kt\u00f3rej Dostawcy sk\u0142adaj\u0105 oferty na \u015bwiadczenie us\u0142ug Tobie (i innym uczestnikom aukcji), a Ty masz mo\u017cliwo\u015b\u0107 zakupu energii od Dostawcy, kt\u00f3ry wygra\u0142 aukcj\u0119.<\/li>\n<li><strong>\u201eUczestnik\u201d<\/strong>: osoba (fizyczna lub prawna), kt\u00f3rej rejestracja na stronie zosta\u0142a potwierdzona przez iChoosr.<\/li>\n<li><strong>\u201eDostawca\u201d<\/strong>: dostawca energii oferuj\u0105cy produkt lub us\u0142ug\u0119 w ramach programu Zakup\u00f3w Grupowych.<\/li>\n<li><strong>\u201eZwyci\u0119ska Oferta\u201d<\/strong>: oferta wybrana przez iChoosr na podstawie tego, co iChoosr uznaje za najlepsz\u0105 ofert\u0119 dla Ciebie, w oparciu o Twoje okre\u015blone preferencje.<\/li>\n<li>Wszelkie odniesienia do \u201episemnie\u201d obejmuj\u0105 korespondencj\u0119 listown\u0105, e-mailow\u0105 i faksow\u0105 oraz zgody wyra\u017cone poprzez elektroniczne przes\u0142anie za po\u015brednictwem Internetu.<\/li>\n<\/ul>\n<ol>\n<li><strong>DANE OSOBOWE, KT\u00d3RE ZBIERAMY<\/strong><\/li>\n<\/ol>\n<p>Podczas odwiedzania naszych stron internetowych <a href=\"http:\/\/ichoosr.co.uk\">ichoosr<\/a>\u00a0 (dalej \u201eStrony\u201d) lub rejestracji w jednym z program\u00f3w Zakup\u00f3w Grupowych na jednej ze Stron, lub je\u015bli rejestrujesz si\u0119 za po\u015brednictwem gminy lub wyznaczonej przez ni\u0105 strony trzeciej, mo\u017cesz zosta\u0107 poproszony o podanie danych osobowych, w tym, ale nie wy\u0142\u0105cznie, Twojego imienia i nazwiska, adresu oraz danych kontaktowych (\u201eTwoje Dane Osobowe\u201d).<\/p>\n<p>Mo\u017cemy r\u00f3wnie\u017c zbiera\u0107 informacje (kt\u00f3re mog\u0105 obejmowa\u0107 Twoje Dane Osobowe) o tym, jak korzystasz ze Stron oraz Dane Osobowe zwi\u0105zane z Twoim uczestnictwem w programach Zakup\u00f3w Grupowych, a tak\u017ce wszelkie Dane Osobowe, kt\u00f3re przekazujesz nam podczas kontaktu telefonicznego, e-mailowego lub listownego w zwi\u0105zku z programami Zakup\u00f3w Grupowych.<\/p>\n<ol>\n<li><strong>JAK WYKORZYSTUJEMY TWOJE DANE OSOBOWE<\/strong><\/li>\n<\/ol>\n<p>Podane przez Ciebie Dane Osobowe s\u0105 wykorzystywane w nast\u0119puj\u0105cych celach:<\/p>\n<ul>\n<li>Zarz\u0105dzanie programami Zakup\u00f3w Grupowych dla Uczestnik\u00f3w;<\/li>\n<li>Wsparcie naszych us\u0142ug oraz ich dalsze ulepszanie i rozwijanie;<\/li>\n<li>Kontakt z Tob\u0105 za Twoj\u0105 zgod\u0105 poprzez e-mail lub listownie w celu poznania Twojej opinii na temat naszych us\u0142ug;<\/li>\n<li>Informowanie Ci\u0119 o wa\u017cnych zmianach lub rozwoju Stron lub naszych us\u0142ug;<\/li>\n<li>Kontakt z Tob\u0105, za Twoj\u0105 zgod\u0105, poprzez e-mail, listownie lub telefonicznie w celu zaproszenia Ci\u0119 do udzia\u0142u w promocji programu;<\/li>\n<li>Analiza ruchu na naszej Stronie w celu poprawy do\u015bwiadczenia u\u017cytkownika \u2013 korzystamy z Google Analytics, wi\u0119cej informacji w sekcji 5.3;<\/li>\n<li>Za Twoj\u0105 zgod\u0105, mo\u017cemy wykorzysta\u0107 Twoje Dane Osobowe do przesy\u0142ania Ci e-mailem, telefonicznie (poprzez wiadomo\u015b\u0107 tekstow\u0105) lub listownie informacji o naszych innych us\u0142ugach i produktach, kt\u00f3re naszym zdaniem mog\u0105 Ci\u0119 zainteresowa\u0107. Mo\u017cesz w ka\u017cdej chwili wycofa\u0107 swoj\u0105 zgod\u0119 na taki kontakt, kontaktuj\u0105c si\u0119 z nami za pomoc\u0105 poni\u017cszych danych kontaktowych, a my uszanujemy Twoje \u017cyczenie.<\/li>\n<\/ul>\n<ol>\n<li><strong>PRZEGL\u0104DANIE I KORYGOWANIE TWOICH DANYCH OSOBOWYCH<\/strong><\/li>\n<\/ol>\n<p>Masz prawo przegl\u0105da\u0107 i korygowa\u0107 Dane Osobowe, kt\u00f3re przechowujemy na Tw\u00f3j temat, i\/lub za\u017c\u0105da\u0107 ich usuni\u0119cia. Je\u015bli chcesz zobaczy\u0107, jakie Dane Osobowe posiadamy na Tw\u00f3j temat, skontaktuj si\u0119 z nami, korzystaj\u0105c z poni\u017cszych danych kontaktowych. Do\u0142o\u017cymy stara\u0144, aby zmieni\u0107 lub zaktualizowa\u0107 Twoje Dane Osobowe w ci\u0105gu czterech tygodni od otrzymania Twojego \u017c\u0105dania.<\/p>\n<ol>\n<li><strong>UDOST\u0118PNIANIE TWOICH DANYCH OSOBOWYCH STRONOM TRZECIM I MARKETING<\/strong><\/li>\n<\/ol>\n<ul>\n<li><strong>Lider Spo\u0142eczno\u015bci<\/strong>: Udost\u0119pnimy Twoje Dane Osobowe Liderowi Spo\u0142eczno\u015bci, z kt\u00f3rym organizujemy konkretny program Zakup\u00f3w Grupowych, do kt\u00f3rego si\u0119 rejestrujesz, aby wiedzia\u0142, kto uczestniczy\u0142, i m\u00f3g\u0142 zaktualizowa\u0107 swoj\u0105 baz\u0119 danych kontaktowych o aktualne dane kontaktowe.<\/li>\n<li><strong>Marketing od Lidera Spo\u0142eczno\u015bci<\/strong>: Lider Spo\u0142eczno\u015bci mo\u017ce chcie\u0107 skontaktowa\u0107 si\u0119 z Tob\u0105 (poprzez e-mail, wiadomo\u015b\u0107 tekstow\u0105 lub listownie), aby poinformowa\u0107 Ci\u0119 o innych us\u0142ugach\/produktach, kt\u00f3re oferuje i kt\u00f3re mog\u0105 Ci\u0119 zainteresowa\u0107. Je\u015bli nie chcesz otrzymywa\u0107 takich komunikat\u00f3w marketingowych, mo\u017cesz si\u0119 temu sprzeciwi\u0107, zaznaczaj\u0105c odpowiednie pole podczas rejestracji. Je\u015bli zmienisz zdanie po wyra\u017ceniu zgody na otrzymywanie takich komunikat\u00f3w marketingowych, mo\u017cesz w ka\u017cdej chwili skontaktowa\u0107 si\u0119 z odpowiednim Liderem Spo\u0142eczno\u015bci, aby wyrazi\u0107 sw\u00f3j sprzeciw, korzystaj\u0105c z danych kontaktowych podanych w odpowiednim programie Zakup\u00f3w Grupowych.<\/li>\n<li><strong>Zwyci\u0119ski Dostawca<\/strong>: Za Twoj\u0105 zgod\u0105, udost\u0119pnimy r\u00f3wnie\u017c Twoje Dane Osobowe Dostawcy ze Zwyci\u0119sk\u0105 Ofert\u0105, aby m\u00f3g\u0142 skontaktowa\u0107 si\u0119 z Tob\u0105 bezpo\u015brednio w zwi\u0105zku z programem Zakup\u00f3w Grupowych, do kt\u00f3rego zdecydowa\u0142e\u015b si\u0119 przyst\u0105pi\u0107.<\/li>\n<li>Poza udost\u0119pnianiem Twoich Danych Osobowych Liderowi Spo\u0142eczno\u015bci i Dostawcy ze Zwyci\u0119sk\u0105 Ofert\u0105, jak opisano powy\u017cej, iChoosr nie udost\u0119pni Twoich Danych Osobowych innym stronom trzecim, chyba \u017ce wyra\u017anie wyrazisz na to zgod\u0119 podczas procesu rejestracji lub je\u015bli b\u0119dziemy do tego zobowi\u0105zani przez prawo.<\/li>\n<\/ul>\n<ol>\n<li><strong>OCHRONA I ZABEZPIECZENIE TWOICH DANYCH OSOBOWYCH (cd.)<\/strong><\/li>\n<\/ol>\n<p>Dane Osobowe, kt\u00f3re nam przekazujesz, s\u0105 przechowywane na naszych serwerach, a my wdro\u017cyli\u015bmy konkretne kopie zapasowe technologiczne i \u015brodki bezpiecze\u0144stwa w celu ochrony Twoich Danych Osobowych. iChoosr przestrzega wytycznych okre\u015blonych przez rz\u0105d ka\u017cdego kraju, w kt\u00f3rym dzia\u0142amy, dotycz\u0105cych przetwarzania i ochrony Twoich Danych Osobowych. Zgodnie z brytyjsk\u0105 ustaw\u0105 o ochronie danych z 1998 roku, wdro\u017cyli\u015bmy \u015brodki technologiczne i organizacyjne w celu zapobie\u017cenia nieautoryzowanemu lub niezgodnemu z prawem przetwarzaniu Danych Osobowych oraz przypadkowej utracie, zniszczeniu lub uszkodzeniu Danych Osobowych. Jeste\u015bmy zarejestrowani w Jeste\u015bmy zarejestrowani w Biurze Komisarza ds. Ochrony Danych w Wielkiej Brytanii pod numerem rejestracyjnym Z3558072.<\/p>\n<p>Zgodnie z brytyjsk\u0105 ustaw\u0105 o ochronie danych osobowych z 1998 roku nie b\u0119dziemy przekazywa\u0107 Twoich danych osobowych do kraju lub terytorium poza Europejskim Obszarem Gospodarczym (EOG), chyba \u017ce dany kraj lub terytorium zapewnia odpowiedni poziom ochrony praw i wolno\u015bci os\u00f3b, kt\u00f3rych dane dotycz\u0105, w odniesieniu do przetwarzania danych osobowych.<\/p>\n<ol>\n<li><strong>ZMIANY W NASZEJ POLITYCE PRYWATNO\u015aCI<\/strong><\/li>\n<\/ol>\n<p>Wszelkie zmiany w naszej polityce prywatno\u015bci zostan\u0105 opublikowane na naszej stronie internetowej. Dodatkowo poinformujemy Ci\u0119 o nich, wysy\u0142aj\u0105c wiadomo\u015b\u0107 e-mail na g\u0142\u00f3wny adres e-mail, kt\u00f3ry poda\u0142e\u015b(-a\u015b) podczas rejestracji, lub list na adres pocztowy podany w trakcie procesu rejestracji offline.<\/p>\n<ol>\n<li><strong>KONTAKT<\/strong><\/li>\n<\/ol>\n<p>Je\u015bli masz jakiekolwiek pytania, uwagi lub chcesz skontaktowa\u0107 si\u0119 z nami w sprawie wykorzystania Twoich danych osobowych, mo\u017cesz to zrobi\u0107, wysy\u0142aj\u0105c wiadomo\u015b\u0107 e-mail lub list na nasz adres rejestrowy:<\/p>\n<p><strong>iChoosr Ltd.<\/strong><\/p>\n<p>Bakkersstraat 23,<\/p>\n<p>1017 CW Amsterdam<\/p>\n<p>Prosimy o podanie imienia i nazwiska, adresu, numeru telefonu oraz \u2013 je\u015bli to mo\u017cliwe \u2013 adresu e-mail w swojej korespondencji.<\/p>\n<p>Posiadamy procedur\u0119 obs\u0142ugi skarg, kt\u00f3r\u0105 stosujemy w celu rozwi\u0105zywania spor\u00f3w, gdy tylko si\u0119 pojawi\u0105 \u2013 daj nam zna\u0107, je\u015bli masz jakiekolwiek skargi lub uwagi. Je\u015bli sporu nie uda si\u0119 rozwi\u0105za\u0107, mo\u017cesz skorzysta\u0107 z platformy internetowego rozstrzygania spor\u00f3w Komisji Europejskiej, dost\u0119pnej tutaj: <a href=\"https:\/\/ec.europa.eu\/consumers\/odr\">https:\/\/ec.europa.eu\/consumers\/odr<\/a>[\/vc_column_text][\/vc_column][\/vc_row]\n","protected":false},"excerpt":{"rendered":"<p>[vc_row type=&#8221;in_container&#8221; full_screen_row_position=&#8221;middle&#8221; column_margin=&#8221;default&#8221; column_direction=&#8221;default&#8221; column_direction_tablet=&#8221;default&#8221; column_direction_phone=&#8221;default&#8221; scene_position=&#8221;center&#8221; bottom_padding=&#8221;8%&#8221; bottom_padding_phone=&#8221;8%&#8221; text_color=&#8221;dark&#8221; text_align=&#8221;left&#8221; row_border_radius=&#8221;none&#8221; row_border_radius_applies=&#8221;bg&#8221; overflow=&#8221;visible&#8221; overlay_strength=&#8221;0.3&#8243; gradient_direction=&#8221;left_to_right&#8221; shape_divider_position=&#8221;bottom&#8221; bg_image_animation=&#8221;none&#8221; gradient_type=&#8221;default&#8221; shape_type=&#8221;&#8221;][vc_column column_padding=&#8221;no-extra-padding&#8221; column_padding_tablet=&#8221;inherit&#8221; column_padding_phone=&#8221;inherit&#8221; column_padding_position=&#8221;all&#8221; column_element_direction_desktop=&#8221;default&#8221; column_element_spacing=&#8221;default&#8221; desktop_text_alignment=&#8221;default&#8221; tablet_text_alignment=&#8221;default&#8221; phone_text_alignment=&#8221;default&#8221;&#8230;<\/p>\n","protected":false},"author":25,"featured_media":14318,"parent":0,"menu_order":0,"comment_status":"closed","ping_status":"closed","template":"","meta":{"inline_featured_image":false,"footnotes":""},"class_list":["post-16293","page","type-page","status-publish","has-post-thumbnail"],"yoast_head":"<!-- This site is optimized with the Yoast SEO plugin v27.3 - https:\/\/yoast.com\/product\/yoast-seo-wordpress\/ -->\n<title>Privacy &#8212; iChoosr<\/title>\n<meta name=\"robots\" content=\"noindex, nofollow\" \/>\n<meta property=\"og:locale\" content=\"pl_PL\" \/>\n<meta property=\"og:type\" content=\"article\" \/>\n<meta property=\"og:title\" content=\"Privacy &#8212; iChoosr\" \/>\n<meta property=\"og:description\" content=\"[vc_row type=&#8221;in_container&#8221; full_screen_row_position=&#8221;middle&#8221; column_margin=&#8221;default&#8221; column_direction=&#8221;default&#8221; column_direction_tablet=&#8221;default&#8221; column_direction_phone=&#8221;default&#8221; scene_position=&#8221;center&#8221; bottom_padding=&#8221;8%&#8221; bottom_padding_phone=&#8221;8%&#8221; text_color=&#8221;dark&#8221; text_align=&#8221;left&#8221; row_border_radius=&#8221;none&#8221; row_border_radius_applies=&#8221;bg&#8221; overflow=&#8221;visible&#8221; overlay_strength=&#8221;0.3&#8243; gradient_direction=&#8221;left_to_right&#8221; shape_divider_position=&#8221;bottom&#8221; bg_image_animation=&#8221;none&#8221; gradient_type=&#8221;default&#8221; shape_type=&#8221;&#8221;][vc_column column_padding=&#8221;no-extra-padding&#8221; column_padding_tablet=&#8221;inherit&#8221; column_padding_phone=&#8221;inherit&#8221; column_padding_position=&#8221;all&#8221; column_element_direction_desktop=&#8221;default&#8221; column_element_spacing=&#8221;default&#8221; desktop_text_alignment=&#8221;default&#8221; tablet_text_alignment=&#8221;default&#8221; phone_text_alignment=&#8221;default&#8221;...\" \/>\n<meta property=\"og:url\" content=\"https:\/\/ichoosr.com\/pl\/privacy\/\" \/>\n<meta property=\"og:site_name\" content=\"iChoosr\" \/>\n<meta property=\"article:modified_time\" content=\"2025-06-12T09:21:12+00:00\" \/>\n<meta property=\"og:image\" content=\"https:\/\/ichoosr.com\/wp-content\/uploads\/2023\/09\/FI_ichoosr.jpg\" \/>\n\t<meta property=\"og:image:width\" content=\"1696\" \/>\n\t<meta property=\"og:image:height\" content=\"937\" \/>\n\t<meta property=\"og:image:type\" content=\"image\/jpeg\" \/>\n<meta name=\"twitter:card\" content=\"summary_large_image\" \/>\n<meta name=\"twitter:site\" content=\"@UKiChoosr\" \/>\n<meta name=\"twitter:label1\" content=\"Szacowany czas czytania\" \/>\n\t<meta name=\"twitter:data1\" content=\"6 minut\" \/>\n<script type=\"application\/ld+json\" class=\"yoast-schema-graph\">{\"@context\":\"https:\\\/\\\/schema.org\",\"@graph\":[{\"@type\":\"WebPage\",\"@id\":\"https:\\\/\\\/ichoosr.com\\\/pl\\\/privacy\\\/\",\"url\":\"https:\\\/\\\/ichoosr.com\\\/pl\\\/privacy\\\/\",\"name\":\"Privacy &#8212; iChoosr\",\"isPartOf\":{\"@id\":\"https:\\\/\\\/ichoosr.com\\\/pl\\\/#website\"},\"primaryImageOfPage\":{\"@id\":\"https:\\\/\\\/ichoosr.com\\\/pl\\\/privacy\\\/#primaryimage\"},\"image\":{\"@id\":\"https:\\\/\\\/ichoosr.com\\\/pl\\\/privacy\\\/#primaryimage\"},\"thumbnailUrl\":\"https:\\\/\\\/ichoosr.com\\\/wp-content\\\/uploads\\\/2023\\\/09\\\/FI_ichoosr.jpg\",\"datePublished\":\"2023-10-04T07:13:02+00:00\",\"dateModified\":\"2025-06-12T09:21:12+00:00\",\"breadcrumb\":{\"@id\":\"https:\\\/\\\/ichoosr.com\\\/pl\\\/privacy\\\/#breadcrumb\"},\"inLanguage\":\"pl-PL\",\"potentialAction\":[{\"@type\":\"ReadAction\",\"target\":[\"https:\\\/\\\/ichoosr.com\\\/pl\\\/privacy\\\/\"]}]},{\"@type\":\"ImageObject\",\"inLanguage\":\"pl-PL\",\"@id\":\"https:\\\/\\\/ichoosr.com\\\/pl\\\/privacy\\\/#primaryimage\",\"url\":\"https:\\\/\\\/ichoosr.com\\\/wp-content\\\/uploads\\\/2023\\\/09\\\/FI_ichoosr.jpg\",\"contentUrl\":\"https:\\\/\\\/ichoosr.com\\\/wp-content\\\/uploads\\\/2023\\\/09\\\/FI_ichoosr.jpg\",\"width\":1696,\"height\":937},{\"@type\":\"BreadcrumbList\",\"@id\":\"https:\\\/\\\/ichoosr.com\\\/pl\\\/privacy\\\/#breadcrumb\",\"itemListElement\":[{\"@type\":\"ListItem\",\"position\":1,\"name\":\"Homepage\",\"item\":\"https:\\\/\\\/ichoosr.com\\\/pl\\\/\"},{\"@type\":\"ListItem\",\"position\":2,\"name\":\"Privacy\"}]},{\"@type\":\"WebSite\",\"@id\":\"https:\\\/\\\/ichoosr.com\\\/pl\\\/#website\",\"url\":\"https:\\\/\\\/ichoosr.com\\\/pl\\\/\",\"name\":\"iChoosr\",\"description\":\"Empowering people, energising society.\",\"publisher\":{\"@id\":\"https:\\\/\\\/ichoosr.com\\\/pl\\\/#organization\"},\"alternateName\":\"Empowering people, energising society.\",\"potentialAction\":[{\"@type\":\"SearchAction\",\"target\":{\"@type\":\"EntryPoint\",\"urlTemplate\":\"https:\\\/\\\/ichoosr.com\\\/pl\\\/?s={search_term_string}\"},\"query-input\":{\"@type\":\"PropertyValueSpecification\",\"valueRequired\":true,\"valueName\":\"search_term_string\"}}],\"inLanguage\":\"pl-PL\"},{\"@type\":\"Organization\",\"@id\":\"https:\\\/\\\/ichoosr.com\\\/pl\\\/#organization\",\"name\":\"iChoosr\",\"url\":\"https:\\\/\\\/ichoosr.com\\\/pl\\\/\",\"logo\":{\"@type\":\"ImageObject\",\"inLanguage\":\"pl-PL\",\"@id\":\"https:\\\/\\\/ichoosr.com\\\/pl\\\/#\\\/schema\\\/logo\\\/image\\\/\",\"url\":\"https:\\\/\\\/ichoosr.com\\\/wp-content\\\/uploads\\\/2023\\\/09\\\/FI_ichoosr.jpg\",\"contentUrl\":\"https:\\\/\\\/ichoosr.com\\\/wp-content\\\/uploads\\\/2023\\\/09\\\/FI_ichoosr.jpg\",\"width\":1696,\"height\":937,\"caption\":\"iChoosr\"},\"image\":{\"@id\":\"https:\\\/\\\/ichoosr.com\\\/pl\\\/#\\\/schema\\\/logo\\\/image\\\/\"},\"sameAs\":[\"https:\\\/\\\/x.com\\\/UKiChoosr\"]}]}<\/script>\n<!-- \/ Yoast SEO plugin. -->","yoast_head_json":{"title":"Privacy &#8212; iChoosr","robots":{"index":"noindex","follow":"nofollow"},"og_locale":"pl_PL","og_type":"article","og_title":"Privacy &#8212; iChoosr","og_description":"[vc_row type=&#8221;in_container&#8221; full_screen_row_position=&#8221;middle&#8221; column_margin=&#8221;default&#8221; column_direction=&#8221;default&#8221; column_direction_tablet=&#8221;default&#8221; column_direction_phone=&#8221;default&#8221; scene_position=&#8221;center&#8221; bottom_padding=&#8221;8%&#8221; bottom_padding_phone=&#8221;8%&#8221; text_color=&#8221;dark&#8221; text_align=&#8221;left&#8221; row_border_radius=&#8221;none&#8221; row_border_radius_applies=&#8221;bg&#8221; overflow=&#8221;visible&#8221; overlay_strength=&#8221;0.3&#8243; gradient_direction=&#8221;left_to_right&#8221; shape_divider_position=&#8221;bottom&#8221; bg_image_animation=&#8221;none&#8221; gradient_type=&#8221;default&#8221; shape_type=&#8221;&#8221;][vc_column column_padding=&#8221;no-extra-padding&#8221; column_padding_tablet=&#8221;inherit&#8221; column_padding_phone=&#8221;inherit&#8221; column_padding_position=&#8221;all&#8221; column_element_direction_desktop=&#8221;default&#8221; column_element_spacing=&#8221;default&#8221; desktop_text_alignment=&#8221;default&#8221; tablet_text_alignment=&#8221;default&#8221; phone_text_alignment=&#8221;default&#8221;...","og_url":"https:\/\/ichoosr.com\/pl\/privacy\/","og_site_name":"iChoosr","article_modified_time":"2025-06-12T09:21:12+00:00","og_image":[{"width":1696,"height":937,"url":"https:\/\/ichoosr.com\/wp-content\/uploads\/2023\/09\/FI_ichoosr.jpg","type":"image\/jpeg"}],"twitter_card":"summary_large_image","twitter_site":"@UKiChoosr","twitter_misc":{"Szacowany czas czytania":"6 minut"},"schema":{"@context":"https:\/\/schema.org","@graph":[{"@type":"WebPage","@id":"https:\/\/ichoosr.com\/pl\/privacy\/","url":"https:\/\/ichoosr.com\/pl\/privacy\/","name":"Privacy &#8212; iChoosr","isPartOf":{"@id":"https:\/\/ichoosr.com\/pl\/#website"},"primaryImageOfPage":{"@id":"https:\/\/ichoosr.com\/pl\/privacy\/#primaryimage"},"image":{"@id":"https:\/\/ichoosr.com\/pl\/privacy\/#primaryimage"},"thumbnailUrl":"https:\/\/ichoosr.com\/wp-content\/uploads\/2023\/09\/FI_ichoosr.jpg","datePublished":"2023-10-04T07:13:02+00:00","dateModified":"2025-06-12T09:21:12+00:00","breadcrumb":{"@id":"https:\/\/ichoosr.com\/pl\/privacy\/#breadcrumb"},"inLanguage":"pl-PL","potentialAction":[{"@type":"ReadAction","target":["https:\/\/ichoosr.com\/pl\/privacy\/"]}]},{"@type":"ImageObject","inLanguage":"pl-PL","@id":"https:\/\/ichoosr.com\/pl\/privacy\/#primaryimage","url":"https:\/\/ichoosr.com\/wp-content\/uploads\/2023\/09\/FI_ichoosr.jpg","contentUrl":"https:\/\/ichoosr.com\/wp-content\/uploads\/2023\/09\/FI_ichoosr.jpg","width":1696,"height":937},{"@type":"BreadcrumbList","@id":"https:\/\/ichoosr.com\/pl\/privacy\/#breadcrumb","itemListElement":[{"@type":"ListItem","position":1,"name":"Homepage","item":"https:\/\/ichoosr.com\/pl\/"},{"@type":"ListItem","position":2,"name":"Privacy"}]},{"@type":"WebSite","@id":"https:\/\/ichoosr.com\/pl\/#website","url":"https:\/\/ichoosr.com\/pl\/","name":"iChoosr","description":"Empowering people, energising society.","publisher":{"@id":"https:\/\/ichoosr.com\/pl\/#organization"},"alternateName":"Empowering people, energising society.","potentialAction":[{"@type":"SearchAction","target":{"@type":"EntryPoint","urlTemplate":"https:\/\/ichoosr.com\/pl\/?s={search_term_string}"},"query-input":{"@type":"PropertyValueSpecification","valueRequired":true,"valueName":"search_term_string"}}],"inLanguage":"pl-PL"},{"@type":"Organization","@id":"https:\/\/ichoosr.com\/pl\/#organization","name":"iChoosr","url":"https:\/\/ichoosr.com\/pl\/","logo":{"@type":"ImageObject","inLanguage":"pl-PL","@id":"https:\/\/ichoosr.com\/pl\/#\/schema\/logo\/image\/","url":"https:\/\/ichoosr.com\/wp-content\/uploads\/2023\/09\/FI_ichoosr.jpg","contentUrl":"https:\/\/ichoosr.com\/wp-content\/uploads\/2023\/09\/FI_ichoosr.jpg","width":1696,"height":937,"caption":"iChoosr"},"image":{"@id":"https:\/\/ichoosr.com\/pl\/#\/schema\/logo\/image\/"},"sameAs":["https:\/\/x.com\/UKiChoosr"]}]}},"_links":{"self":[{"href":"https:\/\/ichoosr.com\/pl\/wp-json\/wp\/v2\/pages\/16293","targetHints":{"allow":["GET"]}}],"collection":[{"href":"https:\/\/ichoosr.com\/pl\/wp-json\/wp\/v2\/pages"}],"about":[{"href":"https:\/\/ichoosr.com\/pl\/wp-json\/wp\/v2\/types\/page"}],"author":[{"embeddable":true,"href":"https:\/\/ichoosr.com\/pl\/wp-json\/wp\/v2\/users\/25"}],"replies":[{"embeddable":true,"href":"https:\/\/ichoosr.com\/pl\/wp-json\/wp\/v2\/comments?post=16293"}],"version-history":[{"count":1,"href":"https:\/\/ichoosr.com\/pl\/wp-json\/wp\/v2\/pages\/16293\/revisions"}],"predecessor-version":[{"id":16307,"href":"https:\/\/ichoosr.com\/pl\/wp-json\/wp\/v2\/pages\/16293\/revisions\/16307"}],"wp:featuredmedia":[{"embeddable":true,"href":"https:\/\/ichoosr.com\/pl\/wp-json\/wp\/v2\/media\/14318"}],"wp:attachment":[{"href":"https:\/\/ichoosr.com\/pl\/wp-json\/wp\/v2\/media?parent=16293"}],"curies":[{"name":"wp","href":"https:\/\/api.w.org\/{rel}","templated":true}]}}