{"id":16259,"date":"2023-10-05T14:25:15","date_gmt":"2023-10-05T14:25:15","guid":{"rendered":"https:\/\/ichoosr.com\/?page_id=16259"},"modified":"2025-06-11T14:53:44","modified_gmt":"2025-06-11T14:53:44","slug":"polityka-plikow-cookie","status":"publish","type":"page","link":"https:\/\/ichoosr.com\/pl\/polityka-plikow-cookie\/","title":{"rendered":"Polityka Plik\u00f3w Cookie"},"content":{"rendered":"\n<p><strong>Wprowadzenie<\/strong><\/p>\n\n\n\n<p>Podczas odwiedzania naszej strony internetowej zapisujemy na Twoim komputerze lub urz\u0105dzeniu mobilnym ma\u0142e pliki danych, znane jako pliki cookie. Te pliki pomagaj\u0105 nam zapami\u0119ta\u0107 Twoje preferencje i dzia\u0142ania, takie jak dane logowania czy wyb\u00f3r j\u0119zyka, aby poprawi\u0107 Twoje przysz\u0142e do\u015bwiadczenia podczas przegl\u0105dania naszej strony. Dodatkowo, pliki cookie mog\u0105 by\u0107 wykorzystywane do analizy aktywno\u015bci u\u017cytkownik\u00f3w lub do reklamy ukierunkowanej. Informujemy Ci\u0119 o rodzajach plik\u00f3w cookie, kt\u00f3re stosujemy, ich celach oraz o tym, czy wymagana jest Twoja zgoda.<\/p>\n\n\n\n<p><strong>Pliki Cookie Funkcjonalne<\/strong><\/p>\n\n\n\n<p>Pliki cookie funkcjonalne s\u0105 kluczowe dla prawid\u0142owego dzia\u0142ania naszej strony internetowej. Na przyk\u0142ad umo\u017cliwiaj\u0105 poprawne wy\u015bwietlanie film\u00f3w. Te pliki mog\u0105 by\u0107 umieszczane bez konieczno\u015bci uzyskania Twojej zgody.<\/p>\n\n\n\n<p><strong>Pliki Cookie\/Tagi Analityczne<\/strong><\/p>\n\n\n\n<p>Pliki cookie analityczne pomagaj\u0105 nam gromadzi\u0107 dane na temat interakcji odwiedzaj\u0105cych z nasz\u0105 stron\u0105 internetow\u0105. Dostarczaj\u0105 statystyk dotycz\u0105cych takich aspekt\u00f3w jak cz\u0119stotliwo\u015b\u0107 odwiedzin, najcz\u0119\u015bciej klikane strony oraz strona wej\u015bciowa.<\/p>\n\n\n\n<p>W tym celu korzystamy z narz\u0119dzi takich jak Google Ads Conversion, Bing Tags, Google Tag Manager i Google Analytics. Zebrane dane s\u0105 przechowywane przez Google w Stanach Zjednoczonych. Je\u015bli jest to wymagane prawnie, Google mo\u017ce udost\u0119pni\u0107 te informacje stronom trzecim. Aby chroni\u0107 Twoj\u0105 prywatno\u015b\u0107, mamy umow\u0119 o przetwarzaniu danych z Google, anonimizujemy ostatni segment adres\u00f3w IP i ograniczamy Google w wykorzystywaniu zebranych danych do innych us\u0142ug. W testach A\/B prezentujemy dwie r\u00f3\u017cne wersje (Wersja A i Wersja B) naszej strony internetowej. U\u017cywamy plik\u00f3w cookie, aby okre\u015bli\u0107, kt\u00f3ra wersja dzia\u0142a lepiej. W tym celu umieszczamy plik cookie testu A\/B przy u\u017cyciu narz\u0119dzia Visual Website Optimiser. Wymagana jest Twoja zgoda na u\u017cycie tego typu plik\u00f3w cookie.<\/p>\n\n\n\n<p><strong>Pliki Cookie \u015aledz\u0105ce \/ Remarketingowe<\/strong><\/p>\n\n\n\n<p>Te pliki cookie \u015bledz\u0105 Twoje zachowanie online w celu optymalizacji reklam zgodnie z Twoimi preferencjami oraz umo\u017cliwienia ponownego kontaktu z Tob\u0105 poza nasz\u0105 stron\u0105 internetow\u0105. W tym celu tworzone s\u0105 profile u\u017cytkownik\u00f3w. Je\u015bli wyrazisz zgod\u0119 na te pliki cookie, strony trzecie, takie jak Facebook i Google, mog\u0105 r\u00f3wnie\u017c uzyska\u0107 dost\u0119p do zgromadzonych informacji.<\/p>\n\n\n\n<p>Wykorzystujemy pliki cookie z nast\u0119puj\u0105cych narz\u0119dzi: Facebook Pixel, Facebook Custom Audience, Google Ads Remarketing i Conversion oraz Adform.<\/p>\n\n\n\n<p>Ze wzgl\u0119du na wp\u0142yw tych plik\u00f3w cookie na Twoj\u0105 prywatno\u015b\u0107, wymagamy Twojej zgody na ich stosowanie.<\/p>\n\n\n\n<p><strong>O\u015bwiadczenia o Prywatno\u015bci Stron Trzecich<\/strong><\/p>\n\n\n\n<p>Je\u015bli chcesz dowiedzie\u0107 si\u0119, jak wspomniane strony trzecie przetwarzaj\u0105 Twoje dane osobowe, zapoznaj si\u0119 z ich politykami prywatno\u015bci:<\/p>\n\n\n\n<ul class=\"wp-block-list\">\n<li><a href=\"https:\/\/policies.google.com\/privacy\">Polityka prywatno\u015bci Google Analytics<\/a><\/li>\n\n\n\n<li><a href=\"https:\/\/www.facebook.com\/about\/privacy\">Polityka prywatno\u015bci Facebooka<\/a><\/li>\n\n\n\n<li><a href=\"https:\/\/policies.google.com\/privacy\">Polityka prywatno\u015bci Google Ads<\/a><\/li>\n\n\n\n<li><a href=\"https:\/\/site.adform.com\/privacy-center\/overview\">Polityka prywatno\u015bci Adform<\/a><\/li>\n<\/ul>\n\n\n\n<p>Te polityki mog\u0105 si\u0119 zmienia\u0107. Aby by\u0107 na bie\u017c\u0105co, zalecamy ich regularne sprawdzanie.<\/p>\n\n\n\n<p><strong>Nie Chcesz Akceptowa\u0107 Plik\u00f3w Cookie?<\/strong><\/p>\n\n\n\n<p>Mo\u017cesz zablokowa\u0107 wszystkie pliki cookie w ustawieniach swojej przegl\u0105darki, jednak pami\u0119taj, \u017ce nasza strona internetowa mo\u017ce nie dzia\u0142a\u0107 wtedy poprawnie. Zalecamy selektywne wy\u0142\u0105czanie jedynie niechcianych plik\u00f3w cookie w ustawieniach przegl\u0105darki.<\/p>\n\n\n\n<p>Je\u015bli korzystasz z wielu urz\u0105dze\u0144 i\/lub przegl\u0105darek, konieczne b\u0119dzie powt\u00f3rzenie tej czynno\u015bci dla ka\u017cdej kombinacji.<\/p>\n\n\n\n<p>Mo\u017cesz r\u00f3wnie\u017c usun\u0105\u0107 wszystkie wcze\u015bniej zapisane informacje za po\u015brednictwem ustawie\u0144 przegl\u0105darki.<\/p>\n\n\n\n<p><strong>Zmiany<\/strong><\/p>\n\n\n\n<p>Niniejsza polityka plik\u00f3w cookie mo\u017ce ulec zmianie. Prosimy o regularne zapoznawanie si\u0119 z jej tre\u015bci\u0105.<\/p>\n\n\n\n<p>W razie pyta\u0144 lub w\u0105tpliwo\u015bci dotycz\u0105cych naszej polityki cookie prosimy o kontakt z naszym Inspektorem ds. Prywatno\u015bci i Bezpiecze\u0144stwa \u2013 <strong>Marc Fielmich<\/strong>, pod adresem: <a href=\"mailto:privacy@ichoosr.com\">privacy@ichoosr.com<\/a><\/p>\n","protected":false},"excerpt":{"rendered":"<p>Wprowadzenie Podczas odwiedzania naszej strony internetowej zapisujemy na Twoim komputerze lub urz\u0105dzeniu mobilnym ma\u0142e pliki danych, znane jako pliki cookie. Te pliki pomagaj\u0105 nam zapami\u0119ta\u0107 Twoje preferencje i dzia\u0142ania, takie&#8230;<\/p>\n","protected":false},"author":29,"featured_media":14318,"parent":0,"menu_order":0,"comment_status":"closed","ping_status":"closed","template":"","meta":{"inline_featured_image":false,"footnotes":""},"class_list":["post-16259","page","type-page","status-publish","has-post-thumbnail"],"yoast_head":"<!-- This site is optimized with the Yoast SEO plugin v27.3 - https:\/\/yoast.com\/product\/yoast-seo-wordpress\/ -->\n<title>Polityka Plik\u00f3w Cookie &#8212; iChoosr<\/title>\n<meta name=\"robots\" content=\"noindex, nofollow\" \/>\n<meta property=\"og:locale\" content=\"pl_PL\" \/>\n<meta property=\"og:type\" content=\"article\" \/>\n<meta property=\"og:title\" content=\"Polityka Plik\u00f3w Cookie &#8212; iChoosr\" \/>\n<meta property=\"og:description\" content=\"Wprowadzenie Podczas odwiedzania naszej strony internetowej zapisujemy na Twoim komputerze lub urz\u0105dzeniu mobilnym ma\u0142e pliki danych, znane jako pliki cookie. Te pliki pomagaj\u0105 nam zapami\u0119ta\u0107 Twoje preferencje i dzia\u0142ania, takie...\" \/>\n<meta property=\"og:url\" content=\"https:\/\/ichoosr.com\/pl\/polityka-plikow-cookie\/\" \/>\n<meta property=\"og:site_name\" content=\"iChoosr\" \/>\n<meta property=\"article:modified_time\" content=\"2025-06-11T14:53:44+00:00\" \/>\n<meta property=\"og:image\" content=\"https:\/\/ichoosr.com\/wp-content\/uploads\/2023\/09\/FI_ichoosr.jpg\" \/>\n\t<meta property=\"og:image:width\" content=\"1696\" \/>\n\t<meta property=\"og:image:height\" content=\"937\" \/>\n\t<meta property=\"og:image:type\" content=\"image\/jpeg\" \/>\n<meta name=\"twitter:card\" content=\"summary_large_image\" \/>\n<meta name=\"twitter:site\" content=\"@UKiChoosr\" \/>\n<meta name=\"twitter:label1\" content=\"Szacowany czas czytania\" \/>\n\t<meta name=\"twitter:data1\" content=\"3 minuty\" \/>\n<script type=\"application\/ld+json\" class=\"yoast-schema-graph\">{\"@context\":\"https:\\\/\\\/schema.org\",\"@graph\":[{\"@type\":\"WebPage\",\"@id\":\"https:\\\/\\\/ichoosr.com\\\/pl\\\/polityka-plikow-cookie\\\/\",\"url\":\"https:\\\/\\\/ichoosr.com\\\/pl\\\/polityka-plikow-cookie\\\/\",\"name\":\"Polityka Plik\u00f3w Cookie &#8212; iChoosr\",\"isPartOf\":{\"@id\":\"https:\\\/\\\/ichoosr.com\\\/pl\\\/#website\"},\"primaryImageOfPage\":{\"@id\":\"https:\\\/\\\/ichoosr.com\\\/pl\\\/polityka-plikow-cookie\\\/#primaryimage\"},\"image\":{\"@id\":\"https:\\\/\\\/ichoosr.com\\\/pl\\\/polityka-plikow-cookie\\\/#primaryimage\"},\"thumbnailUrl\":\"https:\\\/\\\/ichoosr.com\\\/wp-content\\\/uploads\\\/2023\\\/09\\\/FI_ichoosr.jpg\",\"datePublished\":\"2023-10-05T14:25:15+00:00\",\"dateModified\":\"2025-06-11T14:53:44+00:00\",\"breadcrumb\":{\"@id\":\"https:\\\/\\\/ichoosr.com\\\/pl\\\/polityka-plikow-cookie\\\/#breadcrumb\"},\"inLanguage\":\"pl-PL\",\"potentialAction\":[{\"@type\":\"ReadAction\",\"target\":[\"https:\\\/\\\/ichoosr.com\\\/pl\\\/polityka-plikow-cookie\\\/\"]}]},{\"@type\":\"ImageObject\",\"inLanguage\":\"pl-PL\",\"@id\":\"https:\\\/\\\/ichoosr.com\\\/pl\\\/polityka-plikow-cookie\\\/#primaryimage\",\"url\":\"https:\\\/\\\/ichoosr.com\\\/wp-content\\\/uploads\\\/2023\\\/09\\\/FI_ichoosr.jpg\",\"contentUrl\":\"https:\\\/\\\/ichoosr.com\\\/wp-content\\\/uploads\\\/2023\\\/09\\\/FI_ichoosr.jpg\",\"width\":1696,\"height\":937},{\"@type\":\"BreadcrumbList\",\"@id\":\"https:\\\/\\\/ichoosr.com\\\/pl\\\/polityka-plikow-cookie\\\/#breadcrumb\",\"itemListElement\":[{\"@type\":\"ListItem\",\"position\":1,\"name\":\"Homepage\",\"item\":\"https:\\\/\\\/ichoosr.com\\\/pl\\\/\"},{\"@type\":\"ListItem\",\"position\":2,\"name\":\"Polityka Plik\u00f3w Cookie\"}]},{\"@type\":\"WebSite\",\"@id\":\"https:\\\/\\\/ichoosr.com\\\/pl\\\/#website\",\"url\":\"https:\\\/\\\/ichoosr.com\\\/pl\\\/\",\"name\":\"iChoosr\",\"description\":\"Empowering people, energising society.\",\"publisher\":{\"@id\":\"https:\\\/\\\/ichoosr.com\\\/pl\\\/#organization\"},\"alternateName\":\"Empowering people, energising society.\",\"potentialAction\":[{\"@type\":\"SearchAction\",\"target\":{\"@type\":\"EntryPoint\",\"urlTemplate\":\"https:\\\/\\\/ichoosr.com\\\/pl\\\/?s={search_term_string}\"},\"query-input\":{\"@type\":\"PropertyValueSpecification\",\"valueRequired\":true,\"valueName\":\"search_term_string\"}}],\"inLanguage\":\"pl-PL\"},{\"@type\":\"Organization\",\"@id\":\"https:\\\/\\\/ichoosr.com\\\/pl\\\/#organization\",\"name\":\"iChoosr\",\"url\":\"https:\\\/\\\/ichoosr.com\\\/pl\\\/\",\"logo\":{\"@type\":\"ImageObject\",\"inLanguage\":\"pl-PL\",\"@id\":\"https:\\\/\\\/ichoosr.com\\\/pl\\\/#\\\/schema\\\/logo\\\/image\\\/\",\"url\":\"https:\\\/\\\/ichoosr.com\\\/wp-content\\\/uploads\\\/2023\\\/09\\\/FI_ichoosr.jpg\",\"contentUrl\":\"https:\\\/\\\/ichoosr.com\\\/wp-content\\\/uploads\\\/2023\\\/09\\\/FI_ichoosr.jpg\",\"width\":1696,\"height\":937,\"caption\":\"iChoosr\"},\"image\":{\"@id\":\"https:\\\/\\\/ichoosr.com\\\/pl\\\/#\\\/schema\\\/logo\\\/image\\\/\"},\"sameAs\":[\"https:\\\/\\\/x.com\\\/UKiChoosr\"]}]}<\/script>\n<!-- \/ Yoast SEO plugin. -->","yoast_head_json":{"title":"Polityka Plik\u00f3w Cookie &#8212; iChoosr","robots":{"index":"noindex","follow":"nofollow"},"og_locale":"pl_PL","og_type":"article","og_title":"Polityka Plik\u00f3w Cookie &#8212; iChoosr","og_description":"Wprowadzenie Podczas odwiedzania naszej strony internetowej zapisujemy na Twoim komputerze lub urz\u0105dzeniu mobilnym ma\u0142e pliki danych, znane jako pliki cookie. Te pliki pomagaj\u0105 nam zapami\u0119ta\u0107 Twoje preferencje i dzia\u0142ania, takie...","og_url":"https:\/\/ichoosr.com\/pl\/polityka-plikow-cookie\/","og_site_name":"iChoosr","article_modified_time":"2025-06-11T14:53:44+00:00","og_image":[{"width":1696,"height":937,"url":"https:\/\/ichoosr.com\/wp-content\/uploads\/2023\/09\/FI_ichoosr.jpg","type":"image\/jpeg"}],"twitter_card":"summary_large_image","twitter_site":"@UKiChoosr","twitter_misc":{"Szacowany czas czytania":"3 minuty"},"schema":{"@context":"https:\/\/schema.org","@graph":[{"@type":"WebPage","@id":"https:\/\/ichoosr.com\/pl\/polityka-plikow-cookie\/","url":"https:\/\/ichoosr.com\/pl\/polityka-plikow-cookie\/","name":"Polityka Plik\u00f3w Cookie &#8212; iChoosr","isPartOf":{"@id":"https:\/\/ichoosr.com\/pl\/#website"},"primaryImageOfPage":{"@id":"https:\/\/ichoosr.com\/pl\/polityka-plikow-cookie\/#primaryimage"},"image":{"@id":"https:\/\/ichoosr.com\/pl\/polityka-plikow-cookie\/#primaryimage"},"thumbnailUrl":"https:\/\/ichoosr.com\/wp-content\/uploads\/2023\/09\/FI_ichoosr.jpg","datePublished":"2023-10-05T14:25:15+00:00","dateModified":"2025-06-11T14:53:44+00:00","breadcrumb":{"@id":"https:\/\/ichoosr.com\/pl\/polityka-plikow-cookie\/#breadcrumb"},"inLanguage":"pl-PL","potentialAction":[{"@type":"ReadAction","target":["https:\/\/ichoosr.com\/pl\/polityka-plikow-cookie\/"]}]},{"@type":"ImageObject","inLanguage":"pl-PL","@id":"https:\/\/ichoosr.com\/pl\/polityka-plikow-cookie\/#primaryimage","url":"https:\/\/ichoosr.com\/wp-content\/uploads\/2023\/09\/FI_ichoosr.jpg","contentUrl":"https:\/\/ichoosr.com\/wp-content\/uploads\/2023\/09\/FI_ichoosr.jpg","width":1696,"height":937},{"@type":"BreadcrumbList","@id":"https:\/\/ichoosr.com\/pl\/polityka-plikow-cookie\/#breadcrumb","itemListElement":[{"@type":"ListItem","position":1,"name":"Homepage","item":"https:\/\/ichoosr.com\/pl\/"},{"@type":"ListItem","position":2,"name":"Polityka Plik\u00f3w Cookie"}]},{"@type":"WebSite","@id":"https:\/\/ichoosr.com\/pl\/#website","url":"https:\/\/ichoosr.com\/pl\/","name":"iChoosr","description":"Empowering people, energising society.","publisher":{"@id":"https:\/\/ichoosr.com\/pl\/#organization"},"alternateName":"Empowering people, energising society.","potentialAction":[{"@type":"SearchAction","target":{"@type":"EntryPoint","urlTemplate":"https:\/\/ichoosr.com\/pl\/?s={search_term_string}"},"query-input":{"@type":"PropertyValueSpecification","valueRequired":true,"valueName":"search_term_string"}}],"inLanguage":"pl-PL"},{"@type":"Organization","@id":"https:\/\/ichoosr.com\/pl\/#organization","name":"iChoosr","url":"https:\/\/ichoosr.com\/pl\/","logo":{"@type":"ImageObject","inLanguage":"pl-PL","@id":"https:\/\/ichoosr.com\/pl\/#\/schema\/logo\/image\/","url":"https:\/\/ichoosr.com\/wp-content\/uploads\/2023\/09\/FI_ichoosr.jpg","contentUrl":"https:\/\/ichoosr.com\/wp-content\/uploads\/2023\/09\/FI_ichoosr.jpg","width":1696,"height":937,"caption":"iChoosr"},"image":{"@id":"https:\/\/ichoosr.com\/pl\/#\/schema\/logo\/image\/"},"sameAs":["https:\/\/x.com\/UKiChoosr"]}]}},"_links":{"self":[{"href":"https:\/\/ichoosr.com\/pl\/wp-json\/wp\/v2\/pages\/16259","targetHints":{"allow":["GET"]}}],"collection":[{"href":"https:\/\/ichoosr.com\/pl\/wp-json\/wp\/v2\/pages"}],"about":[{"href":"https:\/\/ichoosr.com\/pl\/wp-json\/wp\/v2\/types\/page"}],"author":[{"embeddable":true,"href":"https:\/\/ichoosr.com\/pl\/wp-json\/wp\/v2\/users\/29"}],"replies":[{"embeddable":true,"href":"https:\/\/ichoosr.com\/pl\/wp-json\/wp\/v2\/comments?post=16259"}],"version-history":[{"count":1,"href":"https:\/\/ichoosr.com\/pl\/wp-json\/wp\/v2\/pages\/16259\/revisions"}],"predecessor-version":[{"id":16261,"href":"https:\/\/ichoosr.com\/pl\/wp-json\/wp\/v2\/pages\/16259\/revisions\/16261"}],"wp:featuredmedia":[{"embeddable":true,"href":"https:\/\/ichoosr.com\/pl\/wp-json\/wp\/v2\/media\/14318"}],"wp:attachment":[{"href":"https:\/\/ichoosr.com\/pl\/wp-json\/wp\/v2\/media?parent=16259"}],"curies":[{"name":"wp","href":"https:\/\/api.w.org\/{rel}","templated":true}]}}