{"id":16270,"date":"2025-06-11T13:46:21","date_gmt":"2025-06-11T13:46:21","guid":{"rendered":"https:\/\/ichoosr.com\/?page_id=16270"},"modified":"2025-06-12T09:29:55","modified_gmt":"2025-06-12T09:29:55","slug":"legal","status":"publish","type":"page","link":"https:\/\/ichoosr.com\/fr\/legal\/","title":{"rendered":"Legal"},"content":{"rendered":"\r\n<p><strong>Mentions l\u00e9gales<\/strong><\/p>\r\n\r\n\r\n\r\n<p><strong>\u00c9diteur du site<\/strong><\/p>\r\n\r\n\r\n\r\n<p>Ce site est \u00e9dit\u00e9 par :<\/p>\r\n\r\n\r\n\r\n<p><strong>iChoosr B.V.<\/strong><\/p>\r\n\r\n\r\n\r\n<p>Bakkersstraat 23<\/p>\r\n\r\n\r\n\r\n<p>1017 CW Amsterdam<\/p>\r\n\r\n\r\n\r\n<p>Pays-Bas<\/p>\r\n\r\n\r\n\r\n<p>Forme juridique : Besloten Vennootschap (B.V.)<\/p>\r\n\r\n\r\n\r\n<p>Num\u00e9ro d\u2019immatriculation \u00e0 la Chambre de Commerce (KvK) : 34353654<\/p>\r\n\r\n\r\n\r\n<p>Num\u00e9ro de TVA intracommunautaire : NL8202.29.828.B01<\/p>\r\n\r\n\r\n\r\n<p>Repr\u00e9sentants l\u00e9gaux : Cas Bijlholt, Sjoerd Seffinga<\/p>\r\n\r\n\r\n\r\n<p>Email : <a href=\"mailto:info@ichoosr.com\">info@ichoosr.com<\/a><\/p>\r\n\r\n\r\n\r\n<p>T\u00e9l\u00e9phone : +31 20 777 0060<\/p>\r\n\r\n\r\n\r\n<p>Site web : <a href=\"https:\/\/www.ichoosr.com\/\">www.ichoosr.com<\/a><\/p>\r\n\r\n\r\n\r\n<p><strong>H\u00e9bergeur du site<\/strong><\/p>\r\n\r\n\r\n\r\n<p>Le site est h\u00e9berg\u00e9 par :<\/p>\r\n\r\n\r\n\r\n<p><strong>Microsoft Ireland Operations Limited<\/strong><\/p>\r\n\r\n\r\n\r\n<p>One Microsoft Place<\/p>\r\n\r\n\r\n\r\n<p>South County Business Park<\/p>\r\n\r\n\r\n\r\n<p>Leopardstown, Dublin 18<\/p>\r\n\r\n\r\n\r\n<p>Irlande<\/p>\r\n\r\n\r\n\r\n<p>Site web: Microsoft Azure<\/p>\r\n\r\n\r\n\r\n<p>Les donn\u00e9es sont h\u00e9berg\u00e9es dans la r\u00e9gion Azure Allemagne (Francfort).<\/p>\r\n\r\n\r\n\r\n<p><strong>Responsable de la publication<\/strong><\/p>\r\n\r\n\r\n\r\n<p>Cas Bijlhout<\/p>\r\n\r\n\r\n\r\n<p><strong>Propri\u00e9t\u00e9 intellectuelle<\/strong><\/p>\r\n\r\n\r\n\r\n<p>L\u2019ensemble des \u00e9l\u00e9ments pr\u00e9sents sur ce site (textes, images, graphismes, logos, etc.) sont la propri\u00e9t\u00e9 exclusive de iChoosr B.V., sauf mention contraire.<\/p>\r\n\r\n\r\n\r\n<p>Toute reproduction, repr\u00e9sentation, modification, publication, transmission ou alt\u00e9ration, totale ou partielle, du site ou de son contenu, par quelque proc\u00e9d\u00e9 que ce soit, est interdite sans autorisation \u00e9crite pr\u00e9alable.<\/p>\r\n\r\n\r\n\r\n<p><strong>Protection des donn\u00e9es personnelles<\/strong><\/p>\r\n\r\n\r\n\r\n<p>Pour plus d\u2019informations sur la collecte et le traitement de vos donn\u00e9es personnelles, veuillez consulter notre <a href=\"https:\/\/ichoosr.atlassian.net\/wiki\">Politique de confidentialit\u00e9<\/a>.<\/p>\r\n\r\n\r\n\r\n<p>Vous pouvez exercer vos droits (acc\u00e8s, rectification, suppression, opposition, limitation, portabilit\u00e9) en contactant notre D\u00e9l\u00e9gu\u00e9 \u00e0 la Protection des Donn\u00e9es (DPO) \u00e0 l\u2019adresse suivante : <a href=\"mailto:info@ichoosr.com\"><strong>info@ichoosr.com<\/strong><\/a><\/p>\r\n\r\n\r\n\r\n<p>En cas de r\u00e9clamation, vous pouvez \u00e9galement vous adresser \u00e0 la <strong>CNIL<\/strong> : <a href=\"https:\/\/www.cnil.fr\/\">www.cnil.fr<\/a><\/p>\r\n","protected":false},"excerpt":{"rendered":"<p>Mentions l\u00e9gales \u00c9diteur du site Ce site est \u00e9dit\u00e9 par : iChoosr B.V. Bakkersstraat 23 1017 CW Amsterdam Pays-Bas Forme juridique : Besloten Vennootschap (B.V.) Num\u00e9ro d\u2019immatriculation \u00e0 la Chambre&#8230;<\/p>\n","protected":false},"author":29,"featured_media":15018,"parent":0,"menu_order":0,"comment_status":"closed","ping_status":"closed","template":"","meta":{"inline_featured_image":false,"footnotes":""},"class_list":["post-16270","page","type-page","status-publish","has-post-thumbnail"],"yoast_head":"<!-- This site is optimized with the Yoast SEO plugin v27.3 - https:\/\/yoast.com\/product\/yoast-seo-wordpress\/ -->\n<title>Legal &#8212; iChoosr<\/title>\n<meta name=\"robots\" content=\"noindex, nofollow\" \/>\n<meta property=\"og:locale\" content=\"fr_FR\" \/>\n<meta property=\"og:type\" content=\"article\" \/>\n<meta property=\"og:title\" content=\"Legal &#8212; iChoosr\" \/>\n<meta property=\"og:description\" content=\"Mentions l\u00e9gales \u00c9diteur du site Ce site est \u00e9dit\u00e9 par : iChoosr B.V. Bakkersstraat 23 1017 CW Amsterdam Pays-Bas Forme juridique : Besloten Vennootschap (B.V.) Num\u00e9ro d\u2019immatriculation \u00e0 la Chambre...\" \/>\n<meta property=\"og:url\" content=\"https:\/\/ichoosr.com\/fr\/legal\/\" \/>\n<meta property=\"og:site_name\" content=\"iChoosr\" \/>\n<meta property=\"article:modified_time\" content=\"2025-06-12T09:29:55+00:00\" \/>\n<meta property=\"og:image\" content=\"https:\/\/ichoosr.com\/wp-content\/uploads\/2023\/09\/FI_ichoosr.jpg\" \/>\n\t<meta property=\"og:image:width\" content=\"1696\" \/>\n\t<meta property=\"og:image:height\" content=\"937\" \/>\n\t<meta property=\"og:image:type\" content=\"image\/jpeg\" \/>\n<meta name=\"twitter:card\" content=\"summary_large_image\" \/>\n<meta name=\"twitter:site\" content=\"@UKiChoosr\" \/>\n<meta name=\"twitter:label1\" content=\"Dur\u00e9e de lecture estim\u00e9e\" \/>\n\t<meta name=\"twitter:data1\" content=\"2 minutes\" \/>\n<script type=\"application\/ld+json\" class=\"yoast-schema-graph\">{\"@context\":\"https:\\\/\\\/schema.org\",\"@graph\":[{\"@type\":\"WebPage\",\"@id\":\"https:\\\/\\\/ichoosr.com\\\/fr\\\/legal\\\/\",\"url\":\"https:\\\/\\\/ichoosr.com\\\/fr\\\/legal\\\/\",\"name\":\"Legal &#8212; iChoosr\",\"isPartOf\":{\"@id\":\"https:\\\/\\\/ichoosr.com\\\/fr\\\/#website\"},\"primaryImageOfPage\":{\"@id\":\"https:\\\/\\\/ichoosr.com\\\/fr\\\/legal\\\/#primaryimage\"},\"image\":{\"@id\":\"https:\\\/\\\/ichoosr.com\\\/fr\\\/legal\\\/#primaryimage\"},\"thumbnailUrl\":\"https:\\\/\\\/ichoosr.com\\\/wp-content\\\/uploads\\\/2023\\\/09\\\/FI_ichoosr.jpg\",\"datePublished\":\"2025-06-11T13:46:21+00:00\",\"dateModified\":\"2025-06-12T09:29:55+00:00\",\"breadcrumb\":{\"@id\":\"https:\\\/\\\/ichoosr.com\\\/fr\\\/legal\\\/#breadcrumb\"},\"inLanguage\":\"fr-FR\",\"potentialAction\":[{\"@type\":\"ReadAction\",\"target\":[\"https:\\\/\\\/ichoosr.com\\\/fr\\\/legal\\\/\"]}]},{\"@type\":\"ImageObject\",\"inLanguage\":\"fr-FR\",\"@id\":\"https:\\\/\\\/ichoosr.com\\\/fr\\\/legal\\\/#primaryimage\",\"url\":\"https:\\\/\\\/ichoosr.com\\\/wp-content\\\/uploads\\\/2023\\\/09\\\/FI_ichoosr.jpg\",\"contentUrl\":\"https:\\\/\\\/ichoosr.com\\\/wp-content\\\/uploads\\\/2023\\\/09\\\/FI_ichoosr.jpg\",\"width\":1696,\"height\":937},{\"@type\":\"BreadcrumbList\",\"@id\":\"https:\\\/\\\/ichoosr.com\\\/fr\\\/legal\\\/#breadcrumb\",\"itemListElement\":[{\"@type\":\"ListItem\",\"position\":1,\"name\":\"Homepage\",\"item\":\"https:\\\/\\\/ichoosr.com\\\/fr\\\/\"},{\"@type\":\"ListItem\",\"position\":2,\"name\":\"Legal\"}]},{\"@type\":\"WebSite\",\"@id\":\"https:\\\/\\\/ichoosr.com\\\/fr\\\/#website\",\"url\":\"https:\\\/\\\/ichoosr.com\\\/fr\\\/\",\"name\":\"iChoosr\",\"description\":\"Empowering people, energising society.\",\"publisher\":{\"@id\":\"https:\\\/\\\/ichoosr.com\\\/fr\\\/#organization\"},\"alternateName\":\"Empowering people, energising society.\",\"potentialAction\":[{\"@type\":\"SearchAction\",\"target\":{\"@type\":\"EntryPoint\",\"urlTemplate\":\"https:\\\/\\\/ichoosr.com\\\/fr\\\/?s={search_term_string}\"},\"query-input\":{\"@type\":\"PropertyValueSpecification\",\"valueRequired\":true,\"valueName\":\"search_term_string\"}}],\"inLanguage\":\"fr-FR\"},{\"@type\":\"Organization\",\"@id\":\"https:\\\/\\\/ichoosr.com\\\/fr\\\/#organization\",\"name\":\"iChoosr\",\"url\":\"https:\\\/\\\/ichoosr.com\\\/fr\\\/\",\"logo\":{\"@type\":\"ImageObject\",\"inLanguage\":\"fr-FR\",\"@id\":\"https:\\\/\\\/ichoosr.com\\\/fr\\\/#\\\/schema\\\/logo\\\/image\\\/\",\"url\":\"https:\\\/\\\/ichoosr.com\\\/wp-content\\\/uploads\\\/2023\\\/09\\\/FI_ichoosr.jpg\",\"contentUrl\":\"https:\\\/\\\/ichoosr.com\\\/wp-content\\\/uploads\\\/2023\\\/09\\\/FI_ichoosr.jpg\",\"width\":1696,\"height\":937,\"caption\":\"iChoosr\"},\"image\":{\"@id\":\"https:\\\/\\\/ichoosr.com\\\/fr\\\/#\\\/schema\\\/logo\\\/image\\\/\"},\"sameAs\":[\"https:\\\/\\\/x.com\\\/UKiChoosr\"]}]}<\/script>\n<!-- \/ Yoast SEO plugin. -->","yoast_head_json":{"title":"Legal &#8212; iChoosr","robots":{"index":"noindex","follow":"nofollow"},"og_locale":"fr_FR","og_type":"article","og_title":"Legal &#8212; iChoosr","og_description":"Mentions l\u00e9gales \u00c9diteur du site Ce site est \u00e9dit\u00e9 par : iChoosr B.V. Bakkersstraat 23 1017 CW Amsterdam Pays-Bas Forme juridique : Besloten Vennootschap (B.V.) Num\u00e9ro d\u2019immatriculation \u00e0 la Chambre...","og_url":"https:\/\/ichoosr.com\/fr\/legal\/","og_site_name":"iChoosr","article_modified_time":"2025-06-12T09:29:55+00:00","og_image":[{"width":1696,"height":937,"url":"https:\/\/ichoosr.com\/wp-content\/uploads\/2023\/09\/FI_ichoosr.jpg","type":"image\/jpeg"}],"twitter_card":"summary_large_image","twitter_site":"@UKiChoosr","twitter_misc":{"Dur\u00e9e de lecture estim\u00e9e":"2 minutes"},"schema":{"@context":"https:\/\/schema.org","@graph":[{"@type":"WebPage","@id":"https:\/\/ichoosr.com\/fr\/legal\/","url":"https:\/\/ichoosr.com\/fr\/legal\/","name":"Legal &#8212; iChoosr","isPartOf":{"@id":"https:\/\/ichoosr.com\/fr\/#website"},"primaryImageOfPage":{"@id":"https:\/\/ichoosr.com\/fr\/legal\/#primaryimage"},"image":{"@id":"https:\/\/ichoosr.com\/fr\/legal\/#primaryimage"},"thumbnailUrl":"https:\/\/ichoosr.com\/wp-content\/uploads\/2023\/09\/FI_ichoosr.jpg","datePublished":"2025-06-11T13:46:21+00:00","dateModified":"2025-06-12T09:29:55+00:00","breadcrumb":{"@id":"https:\/\/ichoosr.com\/fr\/legal\/#breadcrumb"},"inLanguage":"fr-FR","potentialAction":[{"@type":"ReadAction","target":["https:\/\/ichoosr.com\/fr\/legal\/"]}]},{"@type":"ImageObject","inLanguage":"fr-FR","@id":"https:\/\/ichoosr.com\/fr\/legal\/#primaryimage","url":"https:\/\/ichoosr.com\/wp-content\/uploads\/2023\/09\/FI_ichoosr.jpg","contentUrl":"https:\/\/ichoosr.com\/wp-content\/uploads\/2023\/09\/FI_ichoosr.jpg","width":1696,"height":937},{"@type":"BreadcrumbList","@id":"https:\/\/ichoosr.com\/fr\/legal\/#breadcrumb","itemListElement":[{"@type":"ListItem","position":1,"name":"Homepage","item":"https:\/\/ichoosr.com\/fr\/"},{"@type":"ListItem","position":2,"name":"Legal"}]},{"@type":"WebSite","@id":"https:\/\/ichoosr.com\/fr\/#website","url":"https:\/\/ichoosr.com\/fr\/","name":"iChoosr","description":"Empowering people, energising society.","publisher":{"@id":"https:\/\/ichoosr.com\/fr\/#organization"},"alternateName":"Empowering people, energising society.","potentialAction":[{"@type":"SearchAction","target":{"@type":"EntryPoint","urlTemplate":"https:\/\/ichoosr.com\/fr\/?s={search_term_string}"},"query-input":{"@type":"PropertyValueSpecification","valueRequired":true,"valueName":"search_term_string"}}],"inLanguage":"fr-FR"},{"@type":"Organization","@id":"https:\/\/ichoosr.com\/fr\/#organization","name":"iChoosr","url":"https:\/\/ichoosr.com\/fr\/","logo":{"@type":"ImageObject","inLanguage":"fr-FR","@id":"https:\/\/ichoosr.com\/fr\/#\/schema\/logo\/image\/","url":"https:\/\/ichoosr.com\/wp-content\/uploads\/2023\/09\/FI_ichoosr.jpg","contentUrl":"https:\/\/ichoosr.com\/wp-content\/uploads\/2023\/09\/FI_ichoosr.jpg","width":1696,"height":937,"caption":"iChoosr"},"image":{"@id":"https:\/\/ichoosr.com\/fr\/#\/schema\/logo\/image\/"},"sameAs":["https:\/\/x.com\/UKiChoosr"]}]}},"_links":{"self":[{"href":"https:\/\/ichoosr.com\/fr\/wp-json\/wp\/v2\/pages\/16270","targetHints":{"allow":["GET"]}}],"collection":[{"href":"https:\/\/ichoosr.com\/fr\/wp-json\/wp\/v2\/pages"}],"about":[{"href":"https:\/\/ichoosr.com\/fr\/wp-json\/wp\/v2\/types\/page"}],"author":[{"embeddable":true,"href":"https:\/\/ichoosr.com\/fr\/wp-json\/wp\/v2\/users\/29"}],"replies":[{"embeddable":true,"href":"https:\/\/ichoosr.com\/fr\/wp-json\/wp\/v2\/comments?post=16270"}],"version-history":[{"count":2,"href":"https:\/\/ichoosr.com\/fr\/wp-json\/wp\/v2\/pages\/16270\/revisions"}],"predecessor-version":[{"id":16312,"href":"https:\/\/ichoosr.com\/fr\/wp-json\/wp\/v2\/pages\/16270\/revisions\/16312"}],"wp:featuredmedia":[{"embeddable":true,"href":"https:\/\/ichoosr.com\/fr\/wp-json\/wp\/v2\/media\/15018"}],"wp:attachment":[{"href":"https:\/\/ichoosr.com\/fr\/wp-json\/wp\/v2\/media?parent=16270"}],"curies":[{"name":"wp","href":"https:\/\/api.w.org\/{rel}","templated":true}]}}