{"id":16267,"date":"2023-10-04T07:13:02","date_gmt":"2023-10-04T07:13:02","guid":{"rendered":"https:\/\/ichoosr.com\/?page_id=16267"},"modified":"2025-06-12T08:24:06","modified_gmt":"2025-06-12T08:24:06","slug":"politique-de-confidentialite","status":"publish","type":"page","link":"https:\/\/ichoosr.com\/fr\/politique-de-confidentialite\/","title":{"rendered":"Politique de Confidentialit\u00e9"},"content":{"rendered":"\n<ol start=\"1\" class=\"wp-block-list\">\n<li><strong>INTRODUCTION<\/strong><\/li>\n<\/ol>\n\n\n\n<p>Nous sommes iChoosr Ltd., une soci\u00e9t\u00e9 \u00e0 responsabilit\u00e9 limit\u00e9e dont le si\u00e8ge social est situ\u00e9 \u00e0 Bakkersstraat 23, 1017 CW Amsterdam, enregistr\u00e9e sous le num\u00e9ro KvK : 30266372 | TVA : NL8210.22.143b01.<\/p>\n\n\n\n<p>iChoosr s\u2019efforce de garantir la confidentialit\u00e9 de tous les visiteurs de <a href=\"http:\/\/ichoosr.co.uk\">ichoosr<\/a>&nbsp; et des sites affili\u00e9s, y compris, mais sans s\u2019y limiter, les sites con\u00e7us pour les programmes d\u2019achat collectif organis\u00e9s par iChoosr. Veuillez lire attentivement cette politique de confidentialit\u00e9 afin de comprendre les objectifs et les raisons pour lesquels nous utilisons les donn\u00e9es personnelles que vous laissez sur notre site ou que vous fournissez via notre service hors ligne par l\u2019interm\u00e9diaire d\u2019une collectivit\u00e9 locale ou d\u2019un tiers d\u00e9sign\u00e9 par celle-ci.<\/p>\n\n\n\n<p>En visitant et en utilisant les services de notre site ou de notre service postal hors ligne, vous acceptez la collecte, l\u2019utilisation et le transfert (limit\u00e9) de vos donn\u00e9es personnelles comme expliqu\u00e9 dans cette politique de confidentialit\u00e9.<\/p>\n\n\n\n<ol start=\"2\" class=\"wp-block-list\">\n<li><strong>D\u00c9FINITIONS<\/strong><\/li>\n<\/ol>\n\n\n\n<ul class=\"wp-block-list\">\n<li><strong>\u201cNous\u201d ou \u201cnotre\u201d<\/strong> : iChoosr Ltd., soci\u00e9t\u00e9 \u00e0 responsabilit\u00e9 limit\u00e9e dont le si\u00e8ge social est situ\u00e9 au 58-59 Great Marlborough Street, Londres, W1F 7JY, enregistr\u00e9e en Angleterre et au Pays de Galles sous le num\u00e9ro 8241539.<\/li>\n\n\n\n<li><strong>\u201cLeader communautaire\u201d<\/strong> : co-organisateur des programmes d\u2019achat collectif, tel que mentionn\u00e9 en haut des sites.<\/li>\n\n\n\n<li><strong>\u201cAchat collectif\u201d<\/strong> : ench\u00e8re invers\u00e9e dans laquelle des fournisseurs proposent des services aux participants, avec la possibilit\u00e9 pour vous d\u2019acheter de l\u2019\u00e9nergie aupr\u00e8s du fournisseur gagnant.<\/li>\n\n\n\n<li><strong>\u201cParticipant\u201d<\/strong> : personne (physique ou morale) dont l\u2019inscription sur le site est confirm\u00e9e par iChoosr.<\/li>\n\n\n\n<li><strong>\u201cFournisseur\u201d<\/strong> : fournisseur d\u2019\u00e9nergie proposant le produit ou service dans le cadre d\u2019un programme d\u2019achat collectif.<\/li>\n\n\n\n<li><strong>\u201cOffre gagnante\u201d<\/strong> : offre s\u00e9lectionn\u00e9e par iChoosr en fonction de ce qu\u2019elle consid\u00e8re comme la meilleure affaire pour vous, bas\u00e9e sur vos pr\u00e9f\u00e9rences d\u00e9clar\u00e9es.<\/li>\n\n\n\n<li>Toute mention \u00e9crite inclut les correspondances par lettre, e-mail, fax ou soumissions \u00e9lectroniques via Internet.<\/li>\n<\/ul>\n\n\n\n<ol start=\"3\" class=\"wp-block-list\">\n<li><strong>DONN\u00c9ES PERSONNELLES QUE NOUS COLLECTONS<\/strong><\/li>\n<\/ol>\n\n\n\n<p>Lorsque vous visitez nos sites <a href=\"http:\/\/ichoosr.co.uk\">ichoosr<\/a>&nbsp; (les \u201cSites\u201d) ou que vous vous inscrivez \u00e0 l\u2019un des programmes d\u2019achat collectif sur l\u2019un des Sites, ou si vous vous inscrivez via une collectivit\u00e9 locale ou un tiers d\u00e9sign\u00e9, il peut vous \u00eatre demand\u00e9 de fournir des donn\u00e9es personnelles, y compris, mais sans s\u2019y limiter, votre nom, adresse et coordonn\u00e9es (\u201cDonn\u00e9es personnelles\u201d).<\/p>\n\n\n\n<p>Nous pouvons \u00e9galement collecter des informations (qui peuvent inclure vos donn\u00e9es personnelles) sur la fa\u00e7on dont vous utilisez les Sites et des donn\u00e9es personnelles relatives \u00e0 votre participation aux programmes d\u2019achat collectif, ainsi que toute donn\u00e9e personnelle que vous nous fournissez lorsque vous nous contactez par t\u00e9l\u00e9phone, e-mail ou courrier concernant les programmes d\u2019achat collectif.<\/p>\n\n\n\n<ol start=\"4\" class=\"wp-block-list\">\n<li><strong>COMMENT NOUS UTILISONS VOS DONN\u00c9ES PERSONNELLES<\/strong><\/li>\n<\/ol>\n\n\n\n<p>Les donn\u00e9es personnelles que vous fournissez sont utilis\u00e9es aux fins suivantes :<\/p>\n\n\n\n<ul class=\"wp-block-list\">\n<li>Administrer les programmes d\u2019achat collectif pour les participants ;<\/li>\n\n\n\n<li>Soutenir nos services et les am\u00e9liorer ;<\/li>\n\n\n\n<li>Vous contacter, avec votre permission, par e-mail ou courrier pour recueillir votre avis sur nos services ;<\/li>\n\n\n\n<li>Vous informer des changements importants ou des d\u00e9veloppements concernant les Sites ou nos services ;<\/li>\n\n\n\n<li>Vous contacter, avec votre permission, par e-mail, courrier ou t\u00e9l\u00e9phone pour vous inviter \u00e0 participer \u00e0 la promotion du programme ;<\/li>\n\n\n\n<li>Analyser le trafic web sur notre Site afin d\u2019am\u00e9liorer l\u2019exp\u00e9rience utilisateur \u2013 nous utilisons Google Analytics (voir section 5.3 pour plus d\u2019informations) ;<\/li>\n\n\n\n<li>Avec votre permission, utiliser vos donn\u00e9es personnelles pour vous envoyer par e-mail, t\u00e9l\u00e9phone (SMS) ou courrier des informations sur nos autres services et produits susceptibles de vous int\u00e9resser. Vous pouvez retirer votre consentement \u00e0 tout moment en nous contactant aux coordonn\u00e9es ci-dessous, et nous respecterons votre choix.<\/li>\n<\/ul>\n\n\n\n<ol start=\"5\" class=\"wp-block-list\">\n<li><strong>EXAMEN ET CORRECTION DE VOS DONN\u00c9ES PERSONNELLES<\/strong><\/li>\n<\/ol>\n\n\n\n<p>Vous avez le droit d\u2019examiner et de corriger les donn\u00e9es personnelles que nous d\u00e9tenons \u00e0 votre sujet et\/ou de demander leur suppression. Si vous souhaitez consulter les donn\u00e9es personnelles que nous d\u00e9tenons, veuillez nous contacter aux coordonn\u00e9es ci-dessous. Nous nous efforcerons de modifier ou de mettre \u00e0 jour vos donn\u00e9es personnelles dans un d\u00e9lai de quatre semaines \u00e0 compter de la r\u00e9ception de votre demande.<\/p>\n\n\n\n<ol start=\"6\" class=\"wp-block-list\">\n<li><strong>PARTAGE DE VOS DONN\u00c9ES PERSONNELLES AVEC DES TIERS ET MARKETING<\/strong><\/li>\n<\/ol>\n\n\n\n<ul class=\"wp-block-list\">\n<li><strong>Leader communautaire<\/strong> : Nous partagerons vos donn\u00e9es personnelles avec le leader communautaire avec lequel nous organisons le programme d\u2019achat collectif sp\u00e9cifique auquel vous vous inscrivez, afin qu\u2019il sache qui a particip\u00e9 et puisse mettre \u00e0 jour sa base de donn\u00e9es de contacts.<\/li>\n\n\n\n<li><strong>Marketing du leader communautaire<\/strong> : Le leader communautaire peut souhaiter vous contacter (par e-mail, SMS ou courrier) pour vous informer d\u2019autres services\/produits qu\u2019il propose et qui pourraient vous int\u00e9resser. Si vous ne souhaitez pas recevoir de telles communications, vous pouvez vous y opposer en cochant la case appropri\u00e9e lors de votre inscription. Si vous changez d\u2019avis apr\u00e8s avoir consenti \u00e0 recevoir ces communications, vous pouvez contacter le leader communautaire concern\u00e9 \u00e0 tout moment pour exprimer votre opposition en utilisant les coordonn\u00e9es fournies dans le programme d\u2019achat collectif concern\u00e9.<\/li>\n\n\n\n<li><strong>Fournisseur gagnant<\/strong> : Avec votre consentement, nous partagerons \u00e9galement vos donn\u00e9es personnelles avec le fournisseur ayant pr\u00e9sent\u00e9 l\u2019offre gagnante afin qu\u2019il puisse vous contacter directement concernant le programme d\u2019achat collectif auquel vous avez choisi de participer.<\/li>\n\n\n\n<li>En dehors du partage de vos donn\u00e9es personnelles avec le leader communautaire et le fournisseur ayant pr\u00e9sent\u00e9 l\u2019offre gagnante comme d\u00e9crit ci-dessus, iChoosr ne partagera pas vos donn\u00e9es personnelles avec d\u2019autres tiers, sauf si vous y avez explicitement consenti lors du processus d\u2019inscription ou si la loi nous y oblige.<\/li>\n<\/ul>\n\n\n\n<ol start=\"7\" class=\"wp-block-list\">\n<li><strong>PROTECTION DE VOS DONN\u00c9ES PERSONNELLES<\/strong><\/li>\n<\/ol>\n\n\n\n<p>Les donn\u00e9es personnelles que vous nous fournissez sont stock\u00e9es sur nos serveurs, et nous avons mis en place des sauvegardes technologiques sp\u00e9cifiques et des mesures de s\u00e9curit\u00e9 pour prot\u00e9ger vos donn\u00e9es personnelles. iChoosr adh\u00e8re aux directives \u00e9tablies par le gouvernement de chaque pays dans lequel nous op\u00e9rons pour le traitement et la protection de vos donn\u00e9es personnelles. Conform\u00e9ment \u00e0 la loi britannique sur la protection des donn\u00e9es de 1998, nous avons mis en place des mesures technologiques et organisationnelles pour pr\u00e9venir le traitement non autoris\u00e9 ou ill\u00e9gal des donn\u00e9es personnelles et contre la perte accidentelle, la destruction ou l\u2019endommagement des donn\u00e9es personnelles. Nous sommes enregistr\u00e9s aupr\u00e8s du Commissaire britannique \u00e0 la protection des donn\u00e9es sous le num\u00e9ro d\u2019enregistrement Z3558072.<\/p>\n\n\n\n<p>Conform\u00e9ment \u00e0 la loi britannique sur la protection des donn\u00e9es de 1998, nous ne transf\u00e9rerons pas vos donn\u00e9es personnelles vers un pays ou un territoire en dehors de l\u2019EEE, sauf si ce pays ou territoire assure un niveau ad\u00e9quat de protection des droits et libert\u00e9s des personnes concern\u00e9es en ce qui concerne le traitement des donn\u00e9es personnelles.<\/p>\n\n\n\n<ol start=\"8\" class=\"wp-block-list\">\n<li><strong>MODIFICATIONS DE NOTRE POLITIQUE DE CONFIDENTIALIT\u00c9<\/strong><\/li>\n<\/ol>\n\n\n\n<p>Les modifications de notre politique de confidentialit\u00e9 seront publi\u00e9es sur notre site web, et nous vous en informerons en envoyant un e-mail \u00e0 l\u2019adresse e-mail principale que vous avez sp\u00e9cifi\u00e9e ou une lettre \u00e0 l\u2019adresse postale que vous avez fournie lors du processus d\u2019inscription hors ligne.<\/p>\n\n\n\n<ol start=\"9\" class=\"wp-block-list\">\n<li><strong>CONTACT<\/strong><\/li>\n<\/ol>\n\n\n\n<p>Si vous avez des questions ou si vous souhaitez nous contacter pour des commentaires ou des demandes concernant l\u2019utilisation de vos donn\u00e9es personnelles, vous pouvez le faire par e-mail ou par courrier \u00e0 notre si\u00e8ge social : iChoosr Ltd., 58-59 Great Marlborough Street, Londres, W1F 7JY. Veuillez fournir votre pr\u00e9nom et nom, adresse, num\u00e9ro de t\u00e9l\u00e9phone et, si possible, adresse e-mail dans votre correspondance.<\/p>\n\n\n\n<p>Nous avons mis en place une proc\u00e9dure de traitement des plaintes que nous utiliserons pour tenter de r\u00e9soudre les litiges d\u00e8s leur apparition : veuillez nous informer si vous avez des plaintes ou des commentaires. Si votre litige reste non r\u00e9solu, vous pouvez \u00eatre \u00e9ligible \u00e0 utiliser la plateforme de r\u00e9solution des litiges en ligne de la Commission europ\u00e9enne ici.<\/p>\n","protected":false},"excerpt":{"rendered":"<p>Nous sommes iChoosr Ltd., une soci\u00e9t\u00e9 \u00e0 responsabilit\u00e9 limit\u00e9e dont le si\u00e8ge social est situ\u00e9 \u00e0 Bakkersstraat 23, 1017 CW Amsterdam, enregistr\u00e9e sous le num\u00e9ro KvK : 30266372 | TVA&#8230;<\/p>\n","protected":false},"author":29,"featured_media":15018,"parent":0,"menu_order":0,"comment_status":"closed","ping_status":"closed","template":"","meta":{"inline_featured_image":false,"footnotes":""},"class_list":["post-16267","page","type-page","status-publish","has-post-thumbnail"],"yoast_head":"<!-- This site is optimized with the Yoast SEO plugin v27.3 - https:\/\/yoast.com\/product\/yoast-seo-wordpress\/ -->\n<title>Politique de Confidentialit\u00e9 &#8212; iChoosr<\/title>\n<meta name=\"robots\" content=\"noindex, nofollow\" \/>\n<meta property=\"og:locale\" content=\"fr_FR\" \/>\n<meta property=\"og:type\" content=\"article\" \/>\n<meta property=\"og:title\" content=\"Politique de Confidentialit\u00e9 &#8212; iChoosr\" \/>\n<meta property=\"og:description\" content=\"Nous sommes iChoosr Ltd., une soci\u00e9t\u00e9 \u00e0 responsabilit\u00e9 limit\u00e9e dont le si\u00e8ge social est situ\u00e9 \u00e0 Bakkersstraat 23, 1017 CW Amsterdam, enregistr\u00e9e sous le num\u00e9ro KvK : 30266372 | TVA...\" \/>\n<meta property=\"og:url\" content=\"https:\/\/ichoosr.com\/fr\/politique-de-confidentialite\/\" \/>\n<meta property=\"og:site_name\" content=\"iChoosr\" \/>\n<meta property=\"article:modified_time\" content=\"2025-06-12T08:24:06+00:00\" \/>\n<meta property=\"og:image\" content=\"https:\/\/ichoosr.com\/wp-content\/uploads\/2023\/09\/FI_ichoosr.jpg\" \/>\n\t<meta property=\"og:image:width\" content=\"1696\" \/>\n\t<meta property=\"og:image:height\" content=\"937\" \/>\n\t<meta property=\"og:image:type\" content=\"image\/jpeg\" \/>\n<meta name=\"twitter:card\" content=\"summary_large_image\" \/>\n<meta name=\"twitter:site\" content=\"@UKiChoosr\" \/>\n<meta name=\"twitter:label1\" content=\"Dur\u00e9e de lecture estim\u00e9e\" \/>\n\t<meta name=\"twitter:data1\" content=\"6 minutes\" \/>\n<script type=\"application\/ld+json\" class=\"yoast-schema-graph\">{\"@context\":\"https:\\\/\\\/schema.org\",\"@graph\":[{\"@type\":\"WebPage\",\"@id\":\"https:\\\/\\\/ichoosr.com\\\/fr\\\/politique-de-confidentialite\\\/\",\"url\":\"https:\\\/\\\/ichoosr.com\\\/fr\\\/politique-de-confidentialite\\\/\",\"name\":\"Politique de Confidentialit\u00e9 &#8212; iChoosr\",\"isPartOf\":{\"@id\":\"https:\\\/\\\/ichoosr.com\\\/fr\\\/#website\"},\"primaryImageOfPage\":{\"@id\":\"https:\\\/\\\/ichoosr.com\\\/fr\\\/politique-de-confidentialite\\\/#primaryimage\"},\"image\":{\"@id\":\"https:\\\/\\\/ichoosr.com\\\/fr\\\/politique-de-confidentialite\\\/#primaryimage\"},\"thumbnailUrl\":\"https:\\\/\\\/ichoosr.com\\\/wp-content\\\/uploads\\\/2023\\\/09\\\/FI_ichoosr.jpg\",\"datePublished\":\"2023-10-04T07:13:02+00:00\",\"dateModified\":\"2025-06-12T08:24:06+00:00\",\"breadcrumb\":{\"@id\":\"https:\\\/\\\/ichoosr.com\\\/fr\\\/politique-de-confidentialite\\\/#breadcrumb\"},\"inLanguage\":\"fr-FR\",\"potentialAction\":[{\"@type\":\"ReadAction\",\"target\":[\"https:\\\/\\\/ichoosr.com\\\/fr\\\/politique-de-confidentialite\\\/\"]}]},{\"@type\":\"ImageObject\",\"inLanguage\":\"fr-FR\",\"@id\":\"https:\\\/\\\/ichoosr.com\\\/fr\\\/politique-de-confidentialite\\\/#primaryimage\",\"url\":\"https:\\\/\\\/ichoosr.com\\\/wp-content\\\/uploads\\\/2023\\\/09\\\/FI_ichoosr.jpg\",\"contentUrl\":\"https:\\\/\\\/ichoosr.com\\\/wp-content\\\/uploads\\\/2023\\\/09\\\/FI_ichoosr.jpg\",\"width\":1696,\"height\":937},{\"@type\":\"BreadcrumbList\",\"@id\":\"https:\\\/\\\/ichoosr.com\\\/fr\\\/politique-de-confidentialite\\\/#breadcrumb\",\"itemListElement\":[{\"@type\":\"ListItem\",\"position\":1,\"name\":\"Homepage\",\"item\":\"https:\\\/\\\/ichoosr.com\\\/fr\\\/\"},{\"@type\":\"ListItem\",\"position\":2,\"name\":\"Politique de Confidentialit\u00e9\"}]},{\"@type\":\"WebSite\",\"@id\":\"https:\\\/\\\/ichoosr.com\\\/fr\\\/#website\",\"url\":\"https:\\\/\\\/ichoosr.com\\\/fr\\\/\",\"name\":\"iChoosr\",\"description\":\"Empowering people, energising society.\",\"publisher\":{\"@id\":\"https:\\\/\\\/ichoosr.com\\\/fr\\\/#organization\"},\"alternateName\":\"Empowering people, energising society.\",\"potentialAction\":[{\"@type\":\"SearchAction\",\"target\":{\"@type\":\"EntryPoint\",\"urlTemplate\":\"https:\\\/\\\/ichoosr.com\\\/fr\\\/?s={search_term_string}\"},\"query-input\":{\"@type\":\"PropertyValueSpecification\",\"valueRequired\":true,\"valueName\":\"search_term_string\"}}],\"inLanguage\":\"fr-FR\"},{\"@type\":\"Organization\",\"@id\":\"https:\\\/\\\/ichoosr.com\\\/fr\\\/#organization\",\"name\":\"iChoosr\",\"url\":\"https:\\\/\\\/ichoosr.com\\\/fr\\\/\",\"logo\":{\"@type\":\"ImageObject\",\"inLanguage\":\"fr-FR\",\"@id\":\"https:\\\/\\\/ichoosr.com\\\/fr\\\/#\\\/schema\\\/logo\\\/image\\\/\",\"url\":\"https:\\\/\\\/ichoosr.com\\\/wp-content\\\/uploads\\\/2023\\\/09\\\/FI_ichoosr.jpg\",\"contentUrl\":\"https:\\\/\\\/ichoosr.com\\\/wp-content\\\/uploads\\\/2023\\\/09\\\/FI_ichoosr.jpg\",\"width\":1696,\"height\":937,\"caption\":\"iChoosr\"},\"image\":{\"@id\":\"https:\\\/\\\/ichoosr.com\\\/fr\\\/#\\\/schema\\\/logo\\\/image\\\/\"},\"sameAs\":[\"https:\\\/\\\/x.com\\\/UKiChoosr\"]}]}<\/script>\n<!-- \/ Yoast SEO plugin. -->","yoast_head_json":{"title":"Politique de Confidentialit\u00e9 &#8212; iChoosr","robots":{"index":"noindex","follow":"nofollow"},"og_locale":"fr_FR","og_type":"article","og_title":"Politique de Confidentialit\u00e9 &#8212; iChoosr","og_description":"Nous sommes iChoosr Ltd., une soci\u00e9t\u00e9 \u00e0 responsabilit\u00e9 limit\u00e9e dont le si\u00e8ge social est situ\u00e9 \u00e0 Bakkersstraat 23, 1017 CW Amsterdam, enregistr\u00e9e sous le num\u00e9ro KvK : 30266372 | TVA...","og_url":"https:\/\/ichoosr.com\/fr\/politique-de-confidentialite\/","og_site_name":"iChoosr","article_modified_time":"2025-06-12T08:24:06+00:00","og_image":[{"width":1696,"height":937,"url":"https:\/\/ichoosr.com\/wp-content\/uploads\/2023\/09\/FI_ichoosr.jpg","type":"image\/jpeg"}],"twitter_card":"summary_large_image","twitter_site":"@UKiChoosr","twitter_misc":{"Dur\u00e9e de lecture estim\u00e9e":"6 minutes"},"schema":{"@context":"https:\/\/schema.org","@graph":[{"@type":"WebPage","@id":"https:\/\/ichoosr.com\/fr\/politique-de-confidentialite\/","url":"https:\/\/ichoosr.com\/fr\/politique-de-confidentialite\/","name":"Politique de Confidentialit\u00e9 &#8212; iChoosr","isPartOf":{"@id":"https:\/\/ichoosr.com\/fr\/#website"},"primaryImageOfPage":{"@id":"https:\/\/ichoosr.com\/fr\/politique-de-confidentialite\/#primaryimage"},"image":{"@id":"https:\/\/ichoosr.com\/fr\/politique-de-confidentialite\/#primaryimage"},"thumbnailUrl":"https:\/\/ichoosr.com\/wp-content\/uploads\/2023\/09\/FI_ichoosr.jpg","datePublished":"2023-10-04T07:13:02+00:00","dateModified":"2025-06-12T08:24:06+00:00","breadcrumb":{"@id":"https:\/\/ichoosr.com\/fr\/politique-de-confidentialite\/#breadcrumb"},"inLanguage":"fr-FR","potentialAction":[{"@type":"ReadAction","target":["https:\/\/ichoosr.com\/fr\/politique-de-confidentialite\/"]}]},{"@type":"ImageObject","inLanguage":"fr-FR","@id":"https:\/\/ichoosr.com\/fr\/politique-de-confidentialite\/#primaryimage","url":"https:\/\/ichoosr.com\/wp-content\/uploads\/2023\/09\/FI_ichoosr.jpg","contentUrl":"https:\/\/ichoosr.com\/wp-content\/uploads\/2023\/09\/FI_ichoosr.jpg","width":1696,"height":937},{"@type":"BreadcrumbList","@id":"https:\/\/ichoosr.com\/fr\/politique-de-confidentialite\/#breadcrumb","itemListElement":[{"@type":"ListItem","position":1,"name":"Homepage","item":"https:\/\/ichoosr.com\/fr\/"},{"@type":"ListItem","position":2,"name":"Politique de Confidentialit\u00e9"}]},{"@type":"WebSite","@id":"https:\/\/ichoosr.com\/fr\/#website","url":"https:\/\/ichoosr.com\/fr\/","name":"iChoosr","description":"Empowering people, energising society.","publisher":{"@id":"https:\/\/ichoosr.com\/fr\/#organization"},"alternateName":"Empowering people, energising society.","potentialAction":[{"@type":"SearchAction","target":{"@type":"EntryPoint","urlTemplate":"https:\/\/ichoosr.com\/fr\/?s={search_term_string}"},"query-input":{"@type":"PropertyValueSpecification","valueRequired":true,"valueName":"search_term_string"}}],"inLanguage":"fr-FR"},{"@type":"Organization","@id":"https:\/\/ichoosr.com\/fr\/#organization","name":"iChoosr","url":"https:\/\/ichoosr.com\/fr\/","logo":{"@type":"ImageObject","inLanguage":"fr-FR","@id":"https:\/\/ichoosr.com\/fr\/#\/schema\/logo\/image\/","url":"https:\/\/ichoosr.com\/wp-content\/uploads\/2023\/09\/FI_ichoosr.jpg","contentUrl":"https:\/\/ichoosr.com\/wp-content\/uploads\/2023\/09\/FI_ichoosr.jpg","width":1696,"height":937,"caption":"iChoosr"},"image":{"@id":"https:\/\/ichoosr.com\/fr\/#\/schema\/logo\/image\/"},"sameAs":["https:\/\/x.com\/UKiChoosr"]}]}},"_links":{"self":[{"href":"https:\/\/ichoosr.com\/fr\/wp-json\/wp\/v2\/pages\/16267","targetHints":{"allow":["GET"]}}],"collection":[{"href":"https:\/\/ichoosr.com\/fr\/wp-json\/wp\/v2\/pages"}],"about":[{"href":"https:\/\/ichoosr.com\/fr\/wp-json\/wp\/v2\/types\/page"}],"author":[{"embeddable":true,"href":"https:\/\/ichoosr.com\/fr\/wp-json\/wp\/v2\/users\/29"}],"replies":[{"embeddable":true,"href":"https:\/\/ichoosr.com\/fr\/wp-json\/wp\/v2\/comments?post=16267"}],"version-history":[{"count":1,"href":"https:\/\/ichoosr.com\/fr\/wp-json\/wp\/v2\/pages\/16267\/revisions"}],"predecessor-version":[{"id":16269,"href":"https:\/\/ichoosr.com\/fr\/wp-json\/wp\/v2\/pages\/16267\/revisions\/16269"}],"wp:featuredmedia":[{"embeddable":true,"href":"https:\/\/ichoosr.com\/fr\/wp-json\/wp\/v2\/media\/15018"}],"wp:attachment":[{"href":"https:\/\/ichoosr.com\/fr\/wp-json\/wp\/v2\/media?parent=16267"}],"curies":[{"name":"wp","href":"https:\/\/api.w.org\/{rel}","templated":true}]}}