{"id":9740,"date":"2023-12-18T13:41:41","date_gmt":"2023-12-18T13:41:41","guid":{"rendered":"https:\/\/ichoosr.com\/?page_id=9740"},"modified":"2024-01-05T14:06:20","modified_gmt":"2024-01-05T14:06:20","slug":"politica-de-cookies","status":"publish","type":"page","link":"https:\/\/ichoosr.com\/es-us\/politica-de-cookies\/","title":{"rendered":"Pol\u00edtica de cookies"},"content":{"rendered":"[vc_row type=&#8221;in_container&#8221; full_screen_row_position=&#8221;middle&#8221; column_margin=&#8221;default&#8221; column_direction=&#8221;default&#8221; column_direction_tablet=&#8221;default&#8221; column_direction_phone=&#8221;default&#8221; scene_position=&#8221;center&#8221; bottom_padding=&#8221;8%&#8221; bottom_padding_phone=&#8221;8%&#8221; text_color=&#8221;dark&#8221; text_align=&#8221;left&#8221; row_border_radius=&#8221;none&#8221; row_border_radius_applies=&#8221;bg&#8221; overflow=&#8221;visible&#8221; overlay_strength=&#8221;0.3&#8243; gradient_direction=&#8221;left_to_right&#8221; shape_divider_position=&#8221;bottom&#8221; bg_image_animation=&#8221;none&#8221; gradient_type=&#8221;default&#8221; shape_type=&#8221;&#8221;][vc_column column_padding=&#8221;no-extra-padding&#8221; column_padding_tablet=&#8221;inherit&#8221; column_padding_phone=&#8221;inherit&#8221; column_padding_position=&#8221;all&#8221; column_element_direction_desktop=&#8221;default&#8221; column_element_spacing=&#8221;default&#8221; desktop_text_alignment=&#8221;default&#8221; tablet_text_alignment=&#8221;default&#8221; phone_text_alignment=&#8221;default&#8221; background_color_opacity=&#8221;1&#8243; background_hover_color_opacity=&#8221;1&#8243; column_backdrop_filter=&#8221;none&#8221; column_shadow=&#8221;none&#8221; column_border_radius=&#8221;none&#8221; column_link_target=&#8221;_self&#8221; column_position=&#8221;default&#8221; gradient_direction=&#8221;left_to_right&#8221; overlay_strength=&#8221;0.3&#8243; width=&#8221;1\/1&#8243; tablet_width_inherit=&#8221;default&#8221; animation_type=&#8221;default&#8221; enable_animation=&#8221;true&#8221; animation=&#8221;fade-in&#8221; animation_easing=&#8221;easeInQuad&#8221; bg_image_animation=&#8221;none&#8221; border_type=&#8221;simple&#8221; column_border_width=&#8221;none&#8221; column_border_style=&#8221;solid&#8221; column_padding_type=&#8221;default&#8221; gradient_type=&#8221;default&#8221;][vc_column_text]\n<h1>Introducci\u00f3n<\/h1>\n<p>Cuando visita nuestro sitio web, almacenamos peque\u00f1os datos conocidos como cookies en su computadora o dispositivo m\u00f3vil. Estas cookies nos ayudan a recordar sus preferencias y acciones, como detalles de inicio de sesi\u00f3n o selecci\u00f3n de idioma, para mejorar su futura experiencia de navegaci\u00f3n en nuestro sitio. Adem\u00e1s, se pueden utilizar cookies para analizar las actividades de los usuarios o para publicidad dirigida. Le informamos sobre los tipos de cookies que utilizamos, sus finalidades y si se requiere su consentimiento.<\/p>\n<h2>Cookies funcionales<\/h2>\n<p>Las cookies funcionales son cruciales para que nuestro sitio web funcione seg\u00fan lo previsto. Permiten, por ejemplo, visualizar correctamente los v\u00eddeos. Estas cookies se pueden colocar sin requerir su consentimiento.<\/p>\n<h2>Cookies\/etiquetas anal\u00edticas<\/h2>\n<p>Las cookies anal\u00edticas nos ayudan a recopilar datos sobre c\u00f3mo los visitantes interact\u00faan con nuestro sitio web. Proporcionan estad\u00edsticas sobre aspectos como la frecuencia con la que se visita el sitio web, en qu\u00e9 p\u00e1ginas se hace clic con m\u00e1s frecuencia y la p\u00e1gina de entrada.<\/p>\n<p>Utilizamos herramientas como Google Adwords Conversion, Bing Tags, Google Tag Manager y Google Analytics para este prop\u00f3sito. Los datos recopilados son almacenados en los Estados Unidos por Google. Si lo exige la ley, Google puede compartir esta informaci\u00f3n con terceros. Para salvaguardar su privacidad, tenemos un acuerdo de procesamiento con Google, anonimizamos el \u00faltimo segmento de direcciones IP y restringimos el uso de los datos recopilados por parte de Google para otros servicios.<\/p>\n<h2>Cookies de prueba A\/B<\/h2>\n<p>Con las pruebas A\/B, mostramos dos versiones diferentes (Versi\u00f3n A y Versi\u00f3n B) de nuestro sitio web. Utilizamos cookies para determinar qu\u00e9 versi\u00f3n es m\u00e1s efectiva. Colocamos una cookie de prueba A\/B para este prop\u00f3sito utilizando Visual Website Optimiser. Se requiere permiso para hacer esto.<\/p>\n<h2>Cookies de seguimiento\/cookies de remarketing<\/h2>\n<p>Estas cookies monitorean su comportamiento en l\u00ednea para optimizar los anuncios de acuerdo con sus preferencias y para volver a interactuar con usted fuera de nuestro sitio web. Para lograrlo se crean perfiles. Si acepta estas cookies, terceros como Facebook y Google tambi\u00e9n pueden acceder a la informaci\u00f3n recopilada. Utilizamos cookies de Facebook Pixel, Facebook Custom Audience, Google AdWords Remarketing and Conversion y Adform. Dado que estas cookies afectan su privacidad, necesitamos su permiso para usarlas.<\/p>\n<h2>Declaraciones de privacidad de terceros<\/h2>\n<p>Si est\u00e1 interesado en saber c\u00f3mo los terceros mencionados manejan su privacidad, puede encontrar la declaraci\u00f3n de privacidad de Google Analytics <a href=\"https:\/\/policies.google.com\/privacy?hl=es-US\">aqu\u00ed<\/a>.<\/p>\n<p>La declaraci\u00f3n de privacidad de Facebook se puede encontrar <a href=\"https:\/\/www.facebook.com\/privacy\/policy\/?entry_point=data_policy_redirect&amp;entry=0\">aqu\u00ed<\/a>.<br \/>\nLa declaraci\u00f3n de privacidad de Google Adwords se puede encontrar <a href=\"https:\/\/policies.google.com\/technologies\/ads?hl=es-US\">aqu\u00ed<\/a>.<br \/>\nLa declaraci\u00f3n de privacidad de Adwords se puede encontrar <a href=\"https:\/\/site.adform.com\/privacy-policy-opt-out\/\">aqu\u00ed<\/a>.<\/p>\n<p>Estas declaraciones cambian peri\u00f3dicamente. Para mantenerse actualizado, consulte estas declaraciones con frecuencia.<\/p>\n<h3>\u00bfPrefieres no aceptar cookies?<\/h3>\n<p>Puede optar por bloquear todas las cookies a trav\u00e9s de la configuraci\u00f3n de su navegador, pero tenga en cuenta que es posible que nuestro sitio web no funcione de manera \u00f3ptima. Recomendamos desactivar selectivamente s\u00f3lo las cookies no deseadas a trav\u00e9s de la configuraci\u00f3n de su navegador. Si utiliza varios dispositivos y\/o navegadores, deber\u00e1 repetir esta acci\u00f3n para cada combinaci\u00f3n.<\/p>\n<p>Tambi\u00e9n puede eliminar toda la informaci\u00f3n previamente almacenada a trav\u00e9s de la configuraci\u00f3n de su navegador.<\/p>\n<h2>Enmiendas<\/h2>\n<p>Esta pol\u00edtica de cookies est\u00e1 sujeta a cambios. Revise esta declaraci\u00f3n peri\u00f3dicamente. Si tiene alguna pregunta o inquietud sobre nuestra pol\u00edtica de cookies, comun\u00edquese con nuestro Oficial de Privacidad y Seguridad, Marc Fielmich, a trav\u00e9s de Privacy@ichoosr.com.[\/vc_column_text][\/vc_column][\/vc_row][vc_row type=&#8221;in_container&#8221; full_screen_row_position=&#8221;middle&#8221; column_margin=&#8221;default&#8221; column_direction=&#8221;default&#8221; column_direction_tablet=&#8221;default&#8221; column_direction_phone=&#8221;default&#8221; scene_position=&#8221;center&#8221; text_color=&#8221;dark&#8221; text_align=&#8221;left&#8221; row_border_radius=&#8221;none&#8221; row_border_radius_applies=&#8221;bg&#8221; overflow=&#8221;visible&#8221; overlay_strength=&#8221;0.3&#8243; gradient_direction=&#8221;left_to_right&#8221; shape_divider_position=&#8221;bottom&#8221; bg_image_animation=&#8221;none&#8221;][vc_column column_padding=&#8221;no-extra-padding&#8221; column_padding_tablet=&#8221;inherit&#8221; column_padding_phone=&#8221;inherit&#8221; column_padding_position=&#8221;all&#8221; column_element_direction_desktop=&#8221;default&#8221; column_element_spacing=&#8221;default&#8221; desktop_text_alignment=&#8221;default&#8221; tablet_text_alignment=&#8221;default&#8221; phone_text_alignment=&#8221;default&#8221; background_color_opacity=&#8221;1&#8243; background_hover_color_opacity=&#8221;1&#8243; column_backdrop_filter=&#8221;none&#8221; column_shadow=&#8221;none&#8221; column_border_radius=&#8221;none&#8221; column_link_target=&#8221;_self&#8221; column_position=&#8221;default&#8221; gradient_direction=&#8221;left_to_right&#8221; overlay_strength=&#8221;0.3&#8243; width=&#8221;1\/1&#8243; tablet_width_inherit=&#8221;default&#8221; animation_type=&#8221;default&#8221; bg_image_animation=&#8221;none&#8221; border_type=&#8221;simple&#8221; column_border_width=&#8221;none&#8221; column_border_style=&#8221;solid&#8221;][vc_raw_html]JTNDJTIxLS0lMjBPbmVUcnVzdCUyMENvb2tpZXMlMjBMaXN0JTIwc3RhcnQlMjAtLSUzRSUwQSUzQ2RpdiUyMGlkJTNEJTIyb3Qtc2RrLWNvb2tpZS1wb2xpY3klMjIlM0UlM0MlMkZkaXYlM0UlMEElM0MlMjEtLSUyME9uZVRydXN0JTIwQ29va2llcyUyMExpc3QlMjBlbmQlMjAtLSUzRQ==[\/vc_raw_html][\/vc_column][\/vc_row]\n","protected":false},"excerpt":{"rendered":"<p>[vc_row type=&#8221;in_container&#8221; full_screen_row_position=&#8221;middle&#8221; column_margin=&#8221;default&#8221; column_direction=&#8221;default&#8221; column_direction_tablet=&#8221;default&#8221; column_direction_phone=&#8221;default&#8221; scene_position=&#8221;center&#8221; bottom_padding=&#8221;8%&#8221; bottom_padding_phone=&#8221;8%&#8221; text_color=&#8221;dark&#8221; text_align=&#8221;left&#8221; row_border_radius=&#8221;none&#8221; row_border_radius_applies=&#8221;bg&#8221; overflow=&#8221;visible&#8221; overlay_strength=&#8221;0.3&#8243; gradient_direction=&#8221;left_to_right&#8221; shape_divider_position=&#8221;bottom&#8221; bg_image_animation=&#8221;none&#8221; gradient_type=&#8221;default&#8221; shape_type=&#8221;&#8221;][vc_column column_padding=&#8221;no-extra-padding&#8221; column_padding_tablet=&#8221;inherit&#8221; column_padding_phone=&#8221;inherit&#8221; column_padding_position=&#8221;all&#8221; column_element_direction_desktop=&#8221;default&#8221; column_element_spacing=&#8221;default&#8221; desktop_text_alignment=&#8221;default&#8221; tablet_text_alignment=&#8221;default&#8221; phone_text_alignment=&#8221;default&#8221;&#8230;<\/p>\n","protected":false},"author":25,"featured_media":7599,"parent":0,"menu_order":0,"comment_status":"closed","ping_status":"closed","template":"","meta":{"inline_featured_image":false,"footnotes":""},"class_list":["post-9740","page","type-page","status-publish","has-post-thumbnail"],"yoast_head":"<!-- This site is optimized with the Yoast SEO plugin v27.3 - https:\/\/yoast.com\/product\/yoast-seo-wordpress\/ -->\n<title>Pol\u00edtica de cookies &#8212; iChoosr<\/title>\n<meta name=\"robots\" content=\"noindex, nofollow\" \/>\n<meta property=\"og:locale\" content=\"es_ES\" \/>\n<meta property=\"og:type\" content=\"article\" \/>\n<meta property=\"og:title\" content=\"Pol\u00edtica de cookies &#8212; iChoosr\" \/>\n<meta property=\"og:description\" content=\"[vc_row type=&#8221;in_container&#8221; full_screen_row_position=&#8221;middle&#8221; column_margin=&#8221;default&#8221; column_direction=&#8221;default&#8221; column_direction_tablet=&#8221;default&#8221; column_direction_phone=&#8221;default&#8221; scene_position=&#8221;center&#8221; bottom_padding=&#8221;8%&#8221; bottom_padding_phone=&#8221;8%&#8221; text_color=&#8221;dark&#8221; text_align=&#8221;left&#8221; row_border_radius=&#8221;none&#8221; row_border_radius_applies=&#8221;bg&#8221; overflow=&#8221;visible&#8221; overlay_strength=&#8221;0.3&#8243; gradient_direction=&#8221;left_to_right&#8221; shape_divider_position=&#8221;bottom&#8221; bg_image_animation=&#8221;none&#8221; gradient_type=&#8221;default&#8221; shape_type=&#8221;&#8221;][vc_column column_padding=&#8221;no-extra-padding&#8221; column_padding_tablet=&#8221;inherit&#8221; column_padding_phone=&#8221;inherit&#8221; column_padding_position=&#8221;all&#8221; column_element_direction_desktop=&#8221;default&#8221; column_element_spacing=&#8221;default&#8221; desktop_text_alignment=&#8221;default&#8221; tablet_text_alignment=&#8221;default&#8221; phone_text_alignment=&#8221;default&#8221;...\" \/>\n<meta property=\"og:url\" content=\"https:\/\/ichoosr.com\/es-us\/politica-de-cookies\/\" \/>\n<meta property=\"og:site_name\" content=\"iChoosr\" \/>\n<meta property=\"article:modified_time\" content=\"2024-01-05T14:06:20+00:00\" \/>\n<meta property=\"og:image\" content=\"https:\/\/ichoosr.com\/wp-content\/uploads\/2023\/09\/FI_ichoosr.jpg\" \/>\n\t<meta property=\"og:image:width\" content=\"1696\" \/>\n\t<meta property=\"og:image:height\" content=\"937\" \/>\n\t<meta property=\"og:image:type\" content=\"image\/jpeg\" \/>\n<meta name=\"twitter:card\" content=\"summary_large_image\" \/>\n<meta name=\"twitter:site\" content=\"@UKiChoosr\" \/>\n<meta name=\"twitter:label1\" content=\"Est. reading time\" \/>\n\t<meta name=\"twitter:data1\" content=\"4 minutes\" \/>\n<script type=\"application\/ld+json\" class=\"yoast-schema-graph\">{\"@context\":\"https:\\\/\\\/schema.org\",\"@graph\":[{\"@type\":\"WebPage\",\"@id\":\"https:\\\/\\\/ichoosr.com\\\/es-us\\\/politica-de-cookies\\\/\",\"url\":\"https:\\\/\\\/ichoosr.com\\\/es-us\\\/politica-de-cookies\\\/\",\"name\":\"Pol\u00edtica de cookies &#8212; iChoosr\",\"isPartOf\":{\"@id\":\"https:\\\/\\\/ichoosr.com\\\/es-us\\\/#website\"},\"primaryImageOfPage\":{\"@id\":\"https:\\\/\\\/ichoosr.com\\\/es-us\\\/politica-de-cookies\\\/#primaryimage\"},\"image\":{\"@id\":\"https:\\\/\\\/ichoosr.com\\\/es-us\\\/politica-de-cookies\\\/#primaryimage\"},\"thumbnailUrl\":\"https:\\\/\\\/ichoosr.com\\\/wp-content\\\/uploads\\\/2023\\\/09\\\/FI_ichoosr.jpg\",\"datePublished\":\"2023-12-18T13:41:41+00:00\",\"dateModified\":\"2024-01-05T14:06:20+00:00\",\"breadcrumb\":{\"@id\":\"https:\\\/\\\/ichoosr.com\\\/es-us\\\/politica-de-cookies\\\/#breadcrumb\"},\"inLanguage\":\"es-US\",\"potentialAction\":[{\"@type\":\"ReadAction\",\"target\":[\"https:\\\/\\\/ichoosr.com\\\/es-us\\\/politica-de-cookies\\\/\"]}]},{\"@type\":\"ImageObject\",\"inLanguage\":\"es-US\",\"@id\":\"https:\\\/\\\/ichoosr.com\\\/es-us\\\/politica-de-cookies\\\/#primaryimage\",\"url\":\"https:\\\/\\\/ichoosr.com\\\/wp-content\\\/uploads\\\/2023\\\/09\\\/FI_ichoosr.jpg\",\"contentUrl\":\"https:\\\/\\\/ichoosr.com\\\/wp-content\\\/uploads\\\/2023\\\/09\\\/FI_ichoosr.jpg\",\"width\":1696,\"height\":937},{\"@type\":\"BreadcrumbList\",\"@id\":\"https:\\\/\\\/ichoosr.com\\\/es-us\\\/politica-de-cookies\\\/#breadcrumb\",\"itemListElement\":[{\"@type\":\"ListItem\",\"position\":1,\"name\":\"Homepage\",\"item\":\"https:\\\/\\\/ichoosr.com\\\/es-us\\\/\"},{\"@type\":\"ListItem\",\"position\":2,\"name\":\"Pol\u00edtica de cookies\"}]},{\"@type\":\"WebSite\",\"@id\":\"https:\\\/\\\/ichoosr.com\\\/es-us\\\/#website\",\"url\":\"https:\\\/\\\/ichoosr.com\\\/es-us\\\/\",\"name\":\"iChoosr\",\"description\":\"Empowering people, energising society.\",\"publisher\":{\"@id\":\"https:\\\/\\\/ichoosr.com\\\/es-us\\\/#organization\"},\"alternateName\":\"Empowering people, energising society.\",\"potentialAction\":[{\"@type\":\"SearchAction\",\"target\":{\"@type\":\"EntryPoint\",\"urlTemplate\":\"https:\\\/\\\/ichoosr.com\\\/es-us\\\/?s={search_term_string}\"},\"query-input\":{\"@type\":\"PropertyValueSpecification\",\"valueRequired\":true,\"valueName\":\"search_term_string\"}}],\"inLanguage\":\"es-US\"},{\"@type\":\"Organization\",\"@id\":\"https:\\\/\\\/ichoosr.com\\\/es-us\\\/#organization\",\"name\":\"iChoosr\",\"url\":\"https:\\\/\\\/ichoosr.com\\\/es-us\\\/\",\"logo\":{\"@type\":\"ImageObject\",\"inLanguage\":\"es-US\",\"@id\":\"https:\\\/\\\/ichoosr.com\\\/es-us\\\/#\\\/schema\\\/logo\\\/image\\\/\",\"url\":\"https:\\\/\\\/ichoosr.com\\\/wp-content\\\/uploads\\\/2023\\\/09\\\/FI_ichoosr.jpg\",\"contentUrl\":\"https:\\\/\\\/ichoosr.com\\\/wp-content\\\/uploads\\\/2023\\\/09\\\/FI_ichoosr.jpg\",\"width\":1696,\"height\":937,\"caption\":\"iChoosr\"},\"image\":{\"@id\":\"https:\\\/\\\/ichoosr.com\\\/es-us\\\/#\\\/schema\\\/logo\\\/image\\\/\"},\"sameAs\":[\"https:\\\/\\\/x.com\\\/UKiChoosr\"]}]}<\/script>\n<!-- \/ Yoast SEO plugin. -->","yoast_head_json":{"title":"Pol\u00edtica de cookies &#8212; iChoosr","robots":{"index":"noindex","follow":"nofollow"},"og_locale":"es_ES","og_type":"article","og_title":"Pol\u00edtica de cookies &#8212; iChoosr","og_description":"[vc_row type=&#8221;in_container&#8221; full_screen_row_position=&#8221;middle&#8221; column_margin=&#8221;default&#8221; column_direction=&#8221;default&#8221; column_direction_tablet=&#8221;default&#8221; column_direction_phone=&#8221;default&#8221; scene_position=&#8221;center&#8221; bottom_padding=&#8221;8%&#8221; bottom_padding_phone=&#8221;8%&#8221; text_color=&#8221;dark&#8221; text_align=&#8221;left&#8221; row_border_radius=&#8221;none&#8221; row_border_radius_applies=&#8221;bg&#8221; overflow=&#8221;visible&#8221; overlay_strength=&#8221;0.3&#8243; gradient_direction=&#8221;left_to_right&#8221; shape_divider_position=&#8221;bottom&#8221; bg_image_animation=&#8221;none&#8221; gradient_type=&#8221;default&#8221; shape_type=&#8221;&#8221;][vc_column column_padding=&#8221;no-extra-padding&#8221; column_padding_tablet=&#8221;inherit&#8221; column_padding_phone=&#8221;inherit&#8221; column_padding_position=&#8221;all&#8221; column_element_direction_desktop=&#8221;default&#8221; column_element_spacing=&#8221;default&#8221; desktop_text_alignment=&#8221;default&#8221; tablet_text_alignment=&#8221;default&#8221; phone_text_alignment=&#8221;default&#8221;...","og_url":"https:\/\/ichoosr.com\/es-us\/politica-de-cookies\/","og_site_name":"iChoosr","article_modified_time":"2024-01-05T14:06:20+00:00","og_image":[{"width":1696,"height":937,"url":"https:\/\/ichoosr.com\/wp-content\/uploads\/2023\/09\/FI_ichoosr.jpg","type":"image\/jpeg"}],"twitter_card":"summary_large_image","twitter_site":"@UKiChoosr","twitter_misc":{"Est. reading time":"4 minutes"},"schema":{"@context":"https:\/\/schema.org","@graph":[{"@type":"WebPage","@id":"https:\/\/ichoosr.com\/es-us\/politica-de-cookies\/","url":"https:\/\/ichoosr.com\/es-us\/politica-de-cookies\/","name":"Pol\u00edtica de cookies &#8212; iChoosr","isPartOf":{"@id":"https:\/\/ichoosr.com\/es-us\/#website"},"primaryImageOfPage":{"@id":"https:\/\/ichoosr.com\/es-us\/politica-de-cookies\/#primaryimage"},"image":{"@id":"https:\/\/ichoosr.com\/es-us\/politica-de-cookies\/#primaryimage"},"thumbnailUrl":"https:\/\/ichoosr.com\/wp-content\/uploads\/2023\/09\/FI_ichoosr.jpg","datePublished":"2023-12-18T13:41:41+00:00","dateModified":"2024-01-05T14:06:20+00:00","breadcrumb":{"@id":"https:\/\/ichoosr.com\/es-us\/politica-de-cookies\/#breadcrumb"},"inLanguage":"es-US","potentialAction":[{"@type":"ReadAction","target":["https:\/\/ichoosr.com\/es-us\/politica-de-cookies\/"]}]},{"@type":"ImageObject","inLanguage":"es-US","@id":"https:\/\/ichoosr.com\/es-us\/politica-de-cookies\/#primaryimage","url":"https:\/\/ichoosr.com\/wp-content\/uploads\/2023\/09\/FI_ichoosr.jpg","contentUrl":"https:\/\/ichoosr.com\/wp-content\/uploads\/2023\/09\/FI_ichoosr.jpg","width":1696,"height":937},{"@type":"BreadcrumbList","@id":"https:\/\/ichoosr.com\/es-us\/politica-de-cookies\/#breadcrumb","itemListElement":[{"@type":"ListItem","position":1,"name":"Homepage","item":"https:\/\/ichoosr.com\/es-us\/"},{"@type":"ListItem","position":2,"name":"Pol\u00edtica de cookies"}]},{"@type":"WebSite","@id":"https:\/\/ichoosr.com\/es-us\/#website","url":"https:\/\/ichoosr.com\/es-us\/","name":"iChoosr","description":"Empowering people, energising society.","publisher":{"@id":"https:\/\/ichoosr.com\/es-us\/#organization"},"alternateName":"Empowering people, energising society.","potentialAction":[{"@type":"SearchAction","target":{"@type":"EntryPoint","urlTemplate":"https:\/\/ichoosr.com\/es-us\/?s={search_term_string}"},"query-input":{"@type":"PropertyValueSpecification","valueRequired":true,"valueName":"search_term_string"}}],"inLanguage":"es-US"},{"@type":"Organization","@id":"https:\/\/ichoosr.com\/es-us\/#organization","name":"iChoosr","url":"https:\/\/ichoosr.com\/es-us\/","logo":{"@type":"ImageObject","inLanguage":"es-US","@id":"https:\/\/ichoosr.com\/es-us\/#\/schema\/logo\/image\/","url":"https:\/\/ichoosr.com\/wp-content\/uploads\/2023\/09\/FI_ichoosr.jpg","contentUrl":"https:\/\/ichoosr.com\/wp-content\/uploads\/2023\/09\/FI_ichoosr.jpg","width":1696,"height":937,"caption":"iChoosr"},"image":{"@id":"https:\/\/ichoosr.com\/es-us\/#\/schema\/logo\/image\/"},"sameAs":["https:\/\/x.com\/UKiChoosr"]}]}},"_links":{"self":[{"href":"https:\/\/ichoosr.com\/es-us\/wp-json\/wp\/v2\/pages\/9740","targetHints":{"allow":["GET"]}}],"collection":[{"href":"https:\/\/ichoosr.com\/es-us\/wp-json\/wp\/v2\/pages"}],"about":[{"href":"https:\/\/ichoosr.com\/es-us\/wp-json\/wp\/v2\/types\/page"}],"author":[{"embeddable":true,"href":"https:\/\/ichoosr.com\/es-us\/wp-json\/wp\/v2\/users\/25"}],"replies":[{"embeddable":true,"href":"https:\/\/ichoosr.com\/es-us\/wp-json\/wp\/v2\/comments?post=9740"}],"version-history":[{"count":3,"href":"https:\/\/ichoosr.com\/es-us\/wp-json\/wp\/v2\/pages\/9740\/revisions"}],"predecessor-version":[{"id":10550,"href":"https:\/\/ichoosr.com\/es-us\/wp-json\/wp\/v2\/pages\/9740\/revisions\/10550"}],"wp:featuredmedia":[{"embeddable":true,"href":"https:\/\/ichoosr.com\/es-us\/wp-json\/wp\/v2\/media\/7599"}],"wp:attachment":[{"href":"https:\/\/ichoosr.com\/es-us\/wp-json\/wp\/v2\/media?parent=9740"}],"curies":[{"name":"wp","href":"https:\/\/api.w.org\/{rel}","templated":true}]}}