{"id":7718,"date":"2023-10-04T07:13:02","date_gmt":"2023-10-04T07:13:02","guid":{"rendered":"https:\/\/ichoosr.com\/privacy-disclaimer\/"},"modified":"2024-01-05T14:06:54","modified_gmt":"2024-01-05T14:06:54","slug":"politica-de-privacidad","status":"publish","type":"page","link":"https:\/\/ichoosr.com\/es-us\/politica-de-privacidad\/","title":{"rendered":"Politica de privacidad"},"content":{"rendered":"[vc_row type=&#8221;in_container&#8221; full_screen_row_position=&#8221;middle&#8221; column_margin=&#8221;default&#8221; column_direction=&#8221;default&#8221; column_direction_tablet=&#8221;default&#8221; column_direction_phone=&#8221;default&#8221; scene_position=&#8221;center&#8221; bottom_padding=&#8221;8%&#8221; bottom_padding_phone=&#8221;8%&#8221; text_color=&#8221;dark&#8221; text_align=&#8221;left&#8221; row_border_radius=&#8221;none&#8221; row_border_radius_applies=&#8221;bg&#8221; overflow=&#8221;visible&#8221; overlay_strength=&#8221;0.3&#8243; gradient_direction=&#8221;left_to_right&#8221; shape_divider_position=&#8221;bottom&#8221; bg_image_animation=&#8221;none&#8221; gradient_type=&#8221;default&#8221; shape_type=&#8221;&#8221;][vc_column column_padding=&#8221;no-extra-padding&#8221; column_padding_tablet=&#8221;inherit&#8221; column_padding_phone=&#8221;inherit&#8221; column_padding_position=&#8221;all&#8221; column_element_direction_desktop=&#8221;default&#8221; column_element_spacing=&#8221;default&#8221; desktop_text_alignment=&#8221;default&#8221; tablet_text_alignment=&#8221;default&#8221; phone_text_alignment=&#8221;default&#8221; background_color_opacity=&#8221;1&#8243; background_hover_color_opacity=&#8221;1&#8243; column_backdrop_filter=&#8221;none&#8221; column_shadow=&#8221;none&#8221; column_border_radius=&#8221;none&#8221; column_link_target=&#8221;_self&#8221; column_position=&#8221;default&#8221; gradient_direction=&#8221;left_to_right&#8221; overlay_strength=&#8221;0.3&#8243; width=&#8221;1\/1&#8243; tablet_width_inherit=&#8221;default&#8221; animation_type=&#8221;default&#8221; enable_animation=&#8221;true&#8221; animation=&#8221;fade-in&#8221; animation_easing=&#8221;easeInQuad&#8221; bg_image_animation=&#8221;none&#8221; border_type=&#8221;simple&#8221; column_border_width=&#8221;none&#8221; column_border_style=&#8221;solid&#8221; column_padding_type=&#8221;default&#8221; gradient_type=&#8221;default&#8221;][vc_column_text]\n<h1>Pol\u00edtica de privacidad<\/h1>\n<h2>Introducci\u00f3n<\/h2>\n<p>Bienvenido a iChoosr. Esta Pol\u00edtica de Privacidad describe c\u00f3mo nosotros, junto con nuestros afiliados y subsidiarias, manejamos sus datos personales. Le recomendamos que lea este documento detenidamente antes de utilizar nuestro sitio.<\/p>\n<h2>Informaci\u00f3n del contacto<\/h2>\n<p>iChoosr LLC<br \/>\n251 Little Falls Drive, Wilmington,<br \/>\nDelaware 19808<br \/>\nEstados Unidos de Am\u00e9rica<br \/>\nCorreo electr\u00f3nico: privacidad@ichoosr.com<\/p>\n<h2>Aplicabilidad<\/h2>\n<p>Esta pol\u00edtica es aplicable a los datos personales gestionados por iChoosr. Actuamos como responsables del tratamiento de datos de acuerdo con la normativa de protecci\u00f3n de datos.<\/p>\n<p>Al utilizar nuestros servicios, usted acepta las pr\u00e1cticas de datos detalladas en esta pol\u00edtica.<\/p>\n<h2>Tipos de datos personales que recopilamos<\/h2>\n<p>Recopilamos varios tipos de datos personales, incluidos, entre otros:<\/p>\n<p>Identificaci\u00f3n: Nombre, fecha de nacimiento<br \/>\nContacto: Direcci\u00f3n, n\u00famero de tel\u00e9fono, correo electr\u00f3nico<br \/>\nFinanciero: n\u00famero de cuenta bancaria<br \/>\nActividad en l\u00ednea: direcci\u00f3n IP, actividades en nuestro sitio<br \/>\nInformaci\u00f3n del dispositivo: tipo de dispositivo, sistema operativo<\/p>\n<p>Nota: Proporcionar estos datos es voluntario pero puede afectar la calidad de los servicios que podemos ofrecer.<\/p>\n<h2>Por qu\u00e9 recopilamos datos<\/h2>\n<p>Utilizamos sus datos para varios fines, que incluyen, entre otros:<\/p>\n<p>Gestionando nuestros servicios<br \/>\nMejorando nuestras ofertas<br \/>\nComunic\u00e1ndose contigo<br \/>\nOfrecer productos o servicios personalizados.<\/p>\n<p>Puede optar por no recibir comunicaciones en cualquier momento. Por favor haga clic aqu\u00ed.<\/p>\n<h2>Compartir sus datos<\/h2>\n<p>Podemos compartir sus datos:<\/p>\n<p>Dentro de iChoosr: Visible para usuarios autorizados dentro de nuestra organizaci\u00f3n.<br \/>\nTerceros: para integrar servicios o colaborar en funciones.<br \/>\nObligaciones Legales: Cuando as\u00ed lo exija la ley.<\/p>\n<p>No compartiremos sus datos con terceros sin su consentimiento expl\u00edcito o un requisito legal.<\/p>\n<h2>Galletas<\/h2>\n<p>Utilizamos cookies para mejorar la experiencia del usuario y rastrear las m\u00e9tricas del sitio. Nuestra pol\u00edtica de cookies se puede encontrar <a href=\"https:\/\/ichoosr.com\/es-us\/politica-de-privacidad-y-cookies\">aqu\u00ed<\/a>.<\/p>\n<h2>Ubicaci\u00f3n y transferencias de datos<\/h2>\n<p>Sus datos podr\u00e1n ser procesados en varias regiones, incluida la Uni\u00f3n Europea, los Estados Unidos de Am\u00e9rica y el Reino Unido.<\/p>\n<h2>Tus derechos<\/h2>\n<p>Si es residente de los Estados Unidos, tenga en cuenta que sus derechos con respecto a los datos personales pueden diferir seg\u00fan el estado. Los derechos m\u00e1s comunes son los siguientes:<\/p>\n<p>Derecho a saber<br \/>\nDerecho a eliminar<br \/>\nDerecho a la portabilidad de los datos<br \/>\nDerecho a optar por no participar<\/p>\n<p>Para ejercer estos derechos, env\u00edenos un correo electr\u00f3nico a privacidad@ichoosr.com.<\/p>\n<h2>Seguridad<\/h2>\n<p>Empleamos s\u00f3lidas medidas de seguridad para salvaguardar sus datos, incluido el cifrado, la autenticaci\u00f3n de dos factores y auditor\u00edas de seguridad peri\u00f3dicas. A continuaci\u00f3n se muestran algunos ejemplos de las precauciones que tomamos:<\/p>\n<p>Cifrado: utilizamos protocolos de cifrado s\u00f3lidos para proteger los datos tanto en reposo como en tr\u00e1nsito.<br \/>\nAutenticaci\u00f3n de dos factores (2FA): requerimos una capa adicional de seguridad m\u00e1s all\u00e1 de una simple contrase\u00f1a; Los usuarios tambi\u00e9n deben verificar su identidad a trav\u00e9s de un segundo m\u00e9todo.<br \/>\nAuditor\u00edas de seguridad peri\u00f3dicas: nuestros sistemas se someten a evaluaciones de seguridad frecuentes para identificar y rectificar cualquier vulnerabilidad con prontitud.<br \/>\nControles de acceso: regulamos estrictamente qui\u00e9n puede acceder a datos confidenciales, asegurando que solo el personal autorizado tenga dichos permisos.<br \/>\nCortafuegos y sistemas de detecci\u00f3n de intrusos: act\u00faan como barreras contra el acceso no autorizado y monitorean actividades sospechosas.<\/p>\n<p>Juntas, estas medidas forman una defensa integral para mantener segura su informaci\u00f3n personal.<\/p>\n<h2>Retenci\u00f3n de datos<\/h2>\n<p>Sus datos se almacenan seg\u00fan sus instrucciones y requisitos legales. Para obtener detalles sobre los per\u00edodos de retenci\u00f3n de datos, cont\u00e1ctenos.<\/p>\n<h2>Privacidad de los ni\u00f1os<\/h2>\n<p>No recopilamos intencionalmente datos de personas menores de 16 a\u00f1os. Si dichos datos se han recopilado inadvertidamente, los padres o tutores pueden seguir este proceso para solicitar su eliminaci\u00f3n:<\/p>\n<p>Cont\u00e1ctenos a trav\u00e9s de privacidad@ichoosr.com<br \/>\nProporcionar los detalles necesarios para identificar los datos del ni\u00f1o, como el nombre del ni\u00f1o, la fecha de nacimiento y cualquier informaci\u00f3n relevante.<br \/>\nVerificaremos la informaci\u00f3n y, si corresponde, iniciaremos el proceso de eliminaci\u00f3n de datos.<br \/>\nTras la eliminaci\u00f3n, le enviaremos una confirmaci\u00f3n.<\/p>\n<p>Tenga en cuenta: este proceso es parte de nuestro compromiso de proteger la privacidad de los ni\u00f1os.<\/p>\n<h2>Actualizaciones de pol\u00edticas<\/h2>\n<p>Consulte nuestro sitio web o env\u00edenos un correo electr\u00f3nico para obtener la \u00faltima versi\u00f3n de esta pol\u00edtica. Los usuarios ser\u00e1n notificados de las actualizaciones.<\/p>\n<h2>Cont\u00e1ctenos<\/h2>\n<p>Para consultas o aclaraciones, comun\u00edquese con nosotros por correo electr\u00f3nico a privacidad@ichoosr.com.[\/vc_column_text][\/vc_column][\/vc_row]\n","protected":false},"excerpt":{"rendered":"<p>[vc_row type=&#8221;in_container&#8221; full_screen_row_position=&#8221;middle&#8221; column_margin=&#8221;default&#8221; column_direction=&#8221;default&#8221; column_direction_tablet=&#8221;default&#8221; column_direction_phone=&#8221;default&#8221; scene_position=&#8221;center&#8221; bottom_padding=&#8221;8%&#8221; bottom_padding_phone=&#8221;8%&#8221; text_color=&#8221;dark&#8221; text_align=&#8221;left&#8221; row_border_radius=&#8221;none&#8221; row_border_radius_applies=&#8221;bg&#8221; overflow=&#8221;visible&#8221; overlay_strength=&#8221;0.3&#8243; gradient_direction=&#8221;left_to_right&#8221; shape_divider_position=&#8221;bottom&#8221; bg_image_animation=&#8221;none&#8221; gradient_type=&#8221;default&#8221; shape_type=&#8221;&#8221;][vc_column column_padding=&#8221;no-extra-padding&#8221; column_padding_tablet=&#8221;inherit&#8221; column_padding_phone=&#8221;inherit&#8221; column_padding_position=&#8221;all&#8221; column_element_direction_desktop=&#8221;default&#8221; column_element_spacing=&#8221;default&#8221; desktop_text_alignment=&#8221;default&#8221; tablet_text_alignment=&#8221;default&#8221; phone_text_alignment=&#8221;default&#8221;&#8230;<\/p>\n","protected":false},"author":25,"featured_media":7599,"parent":0,"menu_order":0,"comment_status":"closed","ping_status":"closed","template":"","meta":{"inline_featured_image":false,"footnotes":""},"class_list":["post-7718","page","type-page","status-publish","has-post-thumbnail"],"yoast_head":"<!-- This site is optimized with the Yoast SEO plugin v27.3 - https:\/\/yoast.com\/product\/yoast-seo-wordpress\/ -->\n<title>Politica de privacidad &#8212; iChoosr<\/title>\n<meta name=\"robots\" content=\"noindex, nofollow\" \/>\n<meta property=\"og:locale\" content=\"es_ES\" \/>\n<meta property=\"og:type\" content=\"article\" \/>\n<meta property=\"og:title\" content=\"Politica de privacidad &#8212; iChoosr\" \/>\n<meta property=\"og:description\" content=\"[vc_row type=&#8221;in_container&#8221; full_screen_row_position=&#8221;middle&#8221; column_margin=&#8221;default&#8221; column_direction=&#8221;default&#8221; column_direction_tablet=&#8221;default&#8221; column_direction_phone=&#8221;default&#8221; scene_position=&#8221;center&#8221; bottom_padding=&#8221;8%&#8221; bottom_padding_phone=&#8221;8%&#8221; text_color=&#8221;dark&#8221; text_align=&#8221;left&#8221; row_border_radius=&#8221;none&#8221; row_border_radius_applies=&#8221;bg&#8221; overflow=&#8221;visible&#8221; overlay_strength=&#8221;0.3&#8243; gradient_direction=&#8221;left_to_right&#8221; shape_divider_position=&#8221;bottom&#8221; bg_image_animation=&#8221;none&#8221; gradient_type=&#8221;default&#8221; shape_type=&#8221;&#8221;][vc_column column_padding=&#8221;no-extra-padding&#8221; column_padding_tablet=&#8221;inherit&#8221; column_padding_phone=&#8221;inherit&#8221; column_padding_position=&#8221;all&#8221; column_element_direction_desktop=&#8221;default&#8221; column_element_spacing=&#8221;default&#8221; desktop_text_alignment=&#8221;default&#8221; tablet_text_alignment=&#8221;default&#8221; phone_text_alignment=&#8221;default&#8221;...\" \/>\n<meta property=\"og:url\" content=\"https:\/\/ichoosr.com\/es-us\/politica-de-privacidad\/\" \/>\n<meta property=\"og:site_name\" content=\"iChoosr\" \/>\n<meta property=\"article:modified_time\" content=\"2024-01-05T14:06:54+00:00\" \/>\n<meta property=\"og:image\" content=\"https:\/\/ichoosr.com\/wp-content\/uploads\/2023\/09\/FI_ichoosr.jpg\" \/>\n\t<meta property=\"og:image:width\" content=\"1696\" \/>\n\t<meta property=\"og:image:height\" content=\"937\" \/>\n\t<meta property=\"og:image:type\" content=\"image\/jpeg\" \/>\n<meta name=\"twitter:card\" content=\"summary_large_image\" \/>\n<meta name=\"twitter:site\" content=\"@UKiChoosr\" \/>\n<meta name=\"twitter:label1\" content=\"Est. reading time\" \/>\n\t<meta name=\"twitter:data1\" content=\"4 minutes\" \/>\n<script type=\"application\/ld+json\" class=\"yoast-schema-graph\">{\"@context\":\"https:\\\/\\\/schema.org\",\"@graph\":[{\"@type\":\"WebPage\",\"@id\":\"https:\\\/\\\/ichoosr.com\\\/es-us\\\/politica-de-privacidad\\\/\",\"url\":\"https:\\\/\\\/ichoosr.com\\\/es-us\\\/politica-de-privacidad\\\/\",\"name\":\"Politica de privacidad &#8212; iChoosr\",\"isPartOf\":{\"@id\":\"https:\\\/\\\/ichoosr.com\\\/es-us\\\/#website\"},\"primaryImageOfPage\":{\"@id\":\"https:\\\/\\\/ichoosr.com\\\/es-us\\\/politica-de-privacidad\\\/#primaryimage\"},\"image\":{\"@id\":\"https:\\\/\\\/ichoosr.com\\\/es-us\\\/politica-de-privacidad\\\/#primaryimage\"},\"thumbnailUrl\":\"https:\\\/\\\/ichoosr.com\\\/wp-content\\\/uploads\\\/2023\\\/09\\\/FI_ichoosr.jpg\",\"datePublished\":\"2023-10-04T07:13:02+00:00\",\"dateModified\":\"2024-01-05T14:06:54+00:00\",\"breadcrumb\":{\"@id\":\"https:\\\/\\\/ichoosr.com\\\/es-us\\\/politica-de-privacidad\\\/#breadcrumb\"},\"inLanguage\":\"es-US\",\"potentialAction\":[{\"@type\":\"ReadAction\",\"target\":[\"https:\\\/\\\/ichoosr.com\\\/es-us\\\/politica-de-privacidad\\\/\"]}]},{\"@type\":\"ImageObject\",\"inLanguage\":\"es-US\",\"@id\":\"https:\\\/\\\/ichoosr.com\\\/es-us\\\/politica-de-privacidad\\\/#primaryimage\",\"url\":\"https:\\\/\\\/ichoosr.com\\\/wp-content\\\/uploads\\\/2023\\\/09\\\/FI_ichoosr.jpg\",\"contentUrl\":\"https:\\\/\\\/ichoosr.com\\\/wp-content\\\/uploads\\\/2023\\\/09\\\/FI_ichoosr.jpg\",\"width\":1696,\"height\":937},{\"@type\":\"BreadcrumbList\",\"@id\":\"https:\\\/\\\/ichoosr.com\\\/es-us\\\/politica-de-privacidad\\\/#breadcrumb\",\"itemListElement\":[{\"@type\":\"ListItem\",\"position\":1,\"name\":\"Homepage\",\"item\":\"https:\\\/\\\/ichoosr.com\\\/es-us\\\/\"},{\"@type\":\"ListItem\",\"position\":2,\"name\":\"Politica de privacidad\"}]},{\"@type\":\"WebSite\",\"@id\":\"https:\\\/\\\/ichoosr.com\\\/es-us\\\/#website\",\"url\":\"https:\\\/\\\/ichoosr.com\\\/es-us\\\/\",\"name\":\"iChoosr\",\"description\":\"Empowering people, energising society.\",\"publisher\":{\"@id\":\"https:\\\/\\\/ichoosr.com\\\/es-us\\\/#organization\"},\"alternateName\":\"Empowering people, energising society.\",\"potentialAction\":[{\"@type\":\"SearchAction\",\"target\":{\"@type\":\"EntryPoint\",\"urlTemplate\":\"https:\\\/\\\/ichoosr.com\\\/es-us\\\/?s={search_term_string}\"},\"query-input\":{\"@type\":\"PropertyValueSpecification\",\"valueRequired\":true,\"valueName\":\"search_term_string\"}}],\"inLanguage\":\"es-US\"},{\"@type\":\"Organization\",\"@id\":\"https:\\\/\\\/ichoosr.com\\\/es-us\\\/#organization\",\"name\":\"iChoosr\",\"url\":\"https:\\\/\\\/ichoosr.com\\\/es-us\\\/\",\"logo\":{\"@type\":\"ImageObject\",\"inLanguage\":\"es-US\",\"@id\":\"https:\\\/\\\/ichoosr.com\\\/es-us\\\/#\\\/schema\\\/logo\\\/image\\\/\",\"url\":\"https:\\\/\\\/ichoosr.com\\\/wp-content\\\/uploads\\\/2023\\\/09\\\/FI_ichoosr.jpg\",\"contentUrl\":\"https:\\\/\\\/ichoosr.com\\\/wp-content\\\/uploads\\\/2023\\\/09\\\/FI_ichoosr.jpg\",\"width\":1696,\"height\":937,\"caption\":\"iChoosr\"},\"image\":{\"@id\":\"https:\\\/\\\/ichoosr.com\\\/es-us\\\/#\\\/schema\\\/logo\\\/image\\\/\"},\"sameAs\":[\"https:\\\/\\\/x.com\\\/UKiChoosr\"]}]}<\/script>\n<!-- \/ Yoast SEO plugin. -->","yoast_head_json":{"title":"Politica de privacidad &#8212; iChoosr","robots":{"index":"noindex","follow":"nofollow"},"og_locale":"es_ES","og_type":"article","og_title":"Politica de privacidad &#8212; iChoosr","og_description":"[vc_row type=&#8221;in_container&#8221; full_screen_row_position=&#8221;middle&#8221; column_margin=&#8221;default&#8221; column_direction=&#8221;default&#8221; column_direction_tablet=&#8221;default&#8221; column_direction_phone=&#8221;default&#8221; scene_position=&#8221;center&#8221; bottom_padding=&#8221;8%&#8221; bottom_padding_phone=&#8221;8%&#8221; text_color=&#8221;dark&#8221; text_align=&#8221;left&#8221; row_border_radius=&#8221;none&#8221; row_border_radius_applies=&#8221;bg&#8221; overflow=&#8221;visible&#8221; overlay_strength=&#8221;0.3&#8243; gradient_direction=&#8221;left_to_right&#8221; shape_divider_position=&#8221;bottom&#8221; bg_image_animation=&#8221;none&#8221; gradient_type=&#8221;default&#8221; shape_type=&#8221;&#8221;][vc_column column_padding=&#8221;no-extra-padding&#8221; column_padding_tablet=&#8221;inherit&#8221; column_padding_phone=&#8221;inherit&#8221; column_padding_position=&#8221;all&#8221; column_element_direction_desktop=&#8221;default&#8221; column_element_spacing=&#8221;default&#8221; desktop_text_alignment=&#8221;default&#8221; tablet_text_alignment=&#8221;default&#8221; phone_text_alignment=&#8221;default&#8221;...","og_url":"https:\/\/ichoosr.com\/es-us\/politica-de-privacidad\/","og_site_name":"iChoosr","article_modified_time":"2024-01-05T14:06:54+00:00","og_image":[{"width":1696,"height":937,"url":"https:\/\/ichoosr.com\/wp-content\/uploads\/2023\/09\/FI_ichoosr.jpg","type":"image\/jpeg"}],"twitter_card":"summary_large_image","twitter_site":"@UKiChoosr","twitter_misc":{"Est. reading time":"4 minutes"},"schema":{"@context":"https:\/\/schema.org","@graph":[{"@type":"WebPage","@id":"https:\/\/ichoosr.com\/es-us\/politica-de-privacidad\/","url":"https:\/\/ichoosr.com\/es-us\/politica-de-privacidad\/","name":"Politica de privacidad &#8212; iChoosr","isPartOf":{"@id":"https:\/\/ichoosr.com\/es-us\/#website"},"primaryImageOfPage":{"@id":"https:\/\/ichoosr.com\/es-us\/politica-de-privacidad\/#primaryimage"},"image":{"@id":"https:\/\/ichoosr.com\/es-us\/politica-de-privacidad\/#primaryimage"},"thumbnailUrl":"https:\/\/ichoosr.com\/wp-content\/uploads\/2023\/09\/FI_ichoosr.jpg","datePublished":"2023-10-04T07:13:02+00:00","dateModified":"2024-01-05T14:06:54+00:00","breadcrumb":{"@id":"https:\/\/ichoosr.com\/es-us\/politica-de-privacidad\/#breadcrumb"},"inLanguage":"es-US","potentialAction":[{"@type":"ReadAction","target":["https:\/\/ichoosr.com\/es-us\/politica-de-privacidad\/"]}]},{"@type":"ImageObject","inLanguage":"es-US","@id":"https:\/\/ichoosr.com\/es-us\/politica-de-privacidad\/#primaryimage","url":"https:\/\/ichoosr.com\/wp-content\/uploads\/2023\/09\/FI_ichoosr.jpg","contentUrl":"https:\/\/ichoosr.com\/wp-content\/uploads\/2023\/09\/FI_ichoosr.jpg","width":1696,"height":937},{"@type":"BreadcrumbList","@id":"https:\/\/ichoosr.com\/es-us\/politica-de-privacidad\/#breadcrumb","itemListElement":[{"@type":"ListItem","position":1,"name":"Homepage","item":"https:\/\/ichoosr.com\/es-us\/"},{"@type":"ListItem","position":2,"name":"Politica de privacidad"}]},{"@type":"WebSite","@id":"https:\/\/ichoosr.com\/es-us\/#website","url":"https:\/\/ichoosr.com\/es-us\/","name":"iChoosr","description":"Empowering people, energising society.","publisher":{"@id":"https:\/\/ichoosr.com\/es-us\/#organization"},"alternateName":"Empowering people, energising society.","potentialAction":[{"@type":"SearchAction","target":{"@type":"EntryPoint","urlTemplate":"https:\/\/ichoosr.com\/es-us\/?s={search_term_string}"},"query-input":{"@type":"PropertyValueSpecification","valueRequired":true,"valueName":"search_term_string"}}],"inLanguage":"es-US"},{"@type":"Organization","@id":"https:\/\/ichoosr.com\/es-us\/#organization","name":"iChoosr","url":"https:\/\/ichoosr.com\/es-us\/","logo":{"@type":"ImageObject","inLanguage":"es-US","@id":"https:\/\/ichoosr.com\/es-us\/#\/schema\/logo\/image\/","url":"https:\/\/ichoosr.com\/wp-content\/uploads\/2023\/09\/FI_ichoosr.jpg","contentUrl":"https:\/\/ichoosr.com\/wp-content\/uploads\/2023\/09\/FI_ichoosr.jpg","width":1696,"height":937,"caption":"iChoosr"},"image":{"@id":"https:\/\/ichoosr.com\/es-us\/#\/schema\/logo\/image\/"},"sameAs":["https:\/\/x.com\/UKiChoosr"]}]}},"_links":{"self":[{"href":"https:\/\/ichoosr.com\/es-us\/wp-json\/wp\/v2\/pages\/7718","targetHints":{"allow":["GET"]}}],"collection":[{"href":"https:\/\/ichoosr.com\/es-us\/wp-json\/wp\/v2\/pages"}],"about":[{"href":"https:\/\/ichoosr.com\/es-us\/wp-json\/wp\/v2\/types\/page"}],"author":[{"embeddable":true,"href":"https:\/\/ichoosr.com\/es-us\/wp-json\/wp\/v2\/users\/25"}],"replies":[{"embeddable":true,"href":"https:\/\/ichoosr.com\/es-us\/wp-json\/wp\/v2\/comments?post=7718"}],"version-history":[{"count":5,"href":"https:\/\/ichoosr.com\/es-us\/wp-json\/wp\/v2\/pages\/7718\/revisions"}],"predecessor-version":[{"id":10551,"href":"https:\/\/ichoosr.com\/es-us\/wp-json\/wp\/v2\/pages\/7718\/revisions\/10551"}],"wp:featuredmedia":[{"embeddable":true,"href":"https:\/\/ichoosr.com\/es-us\/wp-json\/wp\/v2\/media\/7599"}],"wp:attachment":[{"href":"https:\/\/ichoosr.com\/es-us\/wp-json\/wp\/v2\/media?parent=7718"}],"curies":[{"name":"wp","href":"https:\/\/api.w.org\/{rel}","templated":true}]}}