{"id":7652,"date":"2023-10-05T09:03:24","date_gmt":"2023-10-05T09:03:24","guid":{"rendered":"https:\/\/ichoosr.com\/project-manager\/"},"modified":"2023-11-22T16:32:38","modified_gmt":"2023-11-22T16:32:38","slug":"director-de-asociaciones","status":"publish","type":"page","link":"https:\/\/ichoosr.com\/es-us\/empleos\/director-de-asociaciones\/","title":{"rendered":"Director de Asociaciones"},"content":{"rendered":"[vc_row type=&#8221;in_container&#8221; full_screen_row_position=&#8221;middle&#8221; column_margin=&#8221;default&#8221; column_direction=&#8221;default&#8221; column_direction_tablet=&#8221;default&#8221; column_direction_phone=&#8221;default&#8221; scene_position=&#8221;center&#8221; bottom_padding=&#8221;8%&#8221; bottom_padding_phone=&#8221;8%&#8221; text_color=&#8221;dark&#8221; text_align=&#8221;left&#8221; row_border_radius=&#8221;none&#8221; row_border_radius_applies=&#8221;bg&#8221; overflow=&#8221;visible&#8221; overlay_strength=&#8221;0.3&#8243; gradient_direction=&#8221;left_to_right&#8221; shape_divider_position=&#8221;bottom&#8221; bg_image_animation=&#8221;none&#8221; gradient_type=&#8221;default&#8221; shape_type=&#8221;&#8221;][vc_column column_padding=&#8221;no-extra-padding&#8221; column_padding_tablet=&#8221;inherit&#8221; column_padding_phone=&#8221;inherit&#8221; column_padding_position=&#8221;all&#8221; column_element_direction_desktop=&#8221;default&#8221; column_element_spacing=&#8221;default&#8221; desktop_text_alignment=&#8221;default&#8221; tablet_text_alignment=&#8221;default&#8221; phone_text_alignment=&#8221;default&#8221; background_color_opacity=&#8221;1&#8243; background_hover_color_opacity=&#8221;1&#8243; column_backdrop_filter=&#8221;none&#8221; column_shadow=&#8221;none&#8221; column_border_radius=&#8221;none&#8221; column_link_target=&#8221;_self&#8221; column_position=&#8221;default&#8221; gradient_direction=&#8221;left_to_right&#8221; overlay_strength=&#8221;0.3&#8243; width=&#8221;1\/1&#8243; tablet_width_inherit=&#8221;default&#8221; animation_type=&#8221;default&#8221; enable_animation=&#8221;true&#8221; animation=&#8221;fade-in&#8221; animation_easing=&#8221;easeInQuad&#8221; bg_image_animation=&#8221;none&#8221; border_type=&#8221;simple&#8221; column_border_width=&#8221;none&#8221; column_border_style=&#8221;solid&#8221; column_padding_type=&#8221;default&#8221; gradient_type=&#8221;default&#8221;][vc_column_text]\n<div class=\"col-md-8\">\n<h1>\u00bfSe convertir\u00e1 en nuestro nuevo\u00a0<strong>Director de Asociaciones \u2013 \u00c1rea Metropolitana de DC?<\/strong><\/h1>\n<p><em><strong>\u00a0<\/strong>Buscamos un Director de Asociaciones con experiencia enfocado en administrar y expandir nuestra red de instaladores solares.\u00a0<\/em><\/p>\n<h2>\u00a1Bienvenido al mundo de iChoosr!<\/h2>\n<p>Somos una empresa joven, en crecimiento, internacional y de propiedad privada.\u00a0Desde nuestros inicios en 2008, hemos crecido hasta convertirnos en una organizaci\u00f3n con m\u00e1s de 130 colegas que trabajan en EE. UU., Pa\u00edses Bajos, B\u00e9lgica, Reino Unido, Polonia y Jap\u00f3n.<\/p>\n<p>Nuestra misi\u00f3n es acelerar la transici\u00f3n energ\u00e9tica.\u00a0Hacemos esto organizando proyectos de compra grupal de productos sustentables, como contratos de energ\u00eda renovable e instalaciones de almacenamiento y energ\u00eda solar en tejados.<\/p>\n<p>Estamos centrados en el ser humano, lo que significa que en todo lo que hacemos, miramos el mundo a trav\u00e9s de los ojos, los corazones y las mentes de los humanos.\u00a0Esto nos permite crear el recorrido del cliente ideal tanto para los consumidores como para nuestros socios a trav\u00e9s de nuestra plataforma digital.<\/p>\n<p>Desde 2008 hemos ayudado a m\u00e1s de 2,5 millones de consumidores a cambiar a un contrato de energ\u00eda renovable y hemos ayudado a m\u00e1s de 160.000 personas a instalar energ\u00eda solar en sus tejados y generar su propia electricidad renovable.<\/p>\n<p>Hace seis a\u00f1os, iniciamos nuestras operaciones en Texas con el cambio de energ\u00eda.\u00a0Desde el inicio hemos organizado 15 campa\u00f1as bajo la marca Texas Power Switch.\u00a0El a\u00f1o pasado tambi\u00e9n comenzamos con la compra de un grupo de instalaci\u00f3n de energ\u00eda solar y almacenamiento bajo la marca Texas Solar Switch (texassolarswitch.com).\u00a0En 2023 ampliaremos nuestras actividades de energ\u00eda solar y almacenamiento a DC\/Maryland\/Virginia, Colorado, Illinois y potencialmente a uno o dos estados m\u00e1s.<br \/>\nEl mercado estadounidense de instalaciones solares y de almacenamiento en tejados ofrece una gran oportunidad para iChoosr.\u00a0Actualmente en EE.UU. s\u00f3lo alrededor del 5% de todas las viviendas residenciales tiene una instalaci\u00f3n solar en el tejado, mientras que en nuestros mercados europeos, mucho m\u00e1s desarrollados, esto var\u00eda desde alrededor del 9% (mercado del Reino Unido) a m\u00e1s del 30% (mercados holand\u00e9s y belga).<\/p>\n<h2>\u00bfCu\u00e1l ser\u00e1 tu papel?<\/h2>\n<p>Nuestros programas de compras grupales est\u00e1n dise\u00f1ados para beneficiar a todas las partes interesadas.\u00a0Los programas funcionan reuniendo a un gran grupo de consumidores para crear eficiencias para los instaladores de energ\u00eda solar y de almacenamiento que pueden traspasar a los consumidores en forma de precios competitivos.<br \/>\nEl equipo de iChoosr trabaja en estrecha colaboraci\u00f3n con los instaladores durante todo el programa para garantizar una comunicaci\u00f3n clara con los consumidores, procesos fluidos y una alta calidad de servicio, que son clave para brindar la mejor experiencia al cliente que esperamos.<br \/>\nComo Director de Asociaciones, usted ser\u00e1 responsable de involucrarse y examinar a nuevos instaladores solares a medida que lanzamos en nuevas regiones.\u00a0En un mundo donde la capacidad de los instaladores es cada vez m\u00e1s escasa, necesitar\u00e1 convencer a los instaladores para que participen en nuestro programa m\u00e1s que nunca.\u00a0Tambi\u00e9n administrar\u00e1 (la relaci\u00f3n con) los instaladores para brindar resultados de instalaci\u00f3n \u00f3ptimos.\u00a0Tendr\u00e1s un doble rol con los instaladores.\u00a0Adem\u00e1s de monitorear su progreso y asegurarse de que cumplan con los requisitos contractuales, construir\u00e1 una relaci\u00f3n abierta en la que brindar\u00e1 comentarios y discutir\u00e1 oportunidades para optimizar el recorrido del cliente.\u00a0Tendr\u00e1 una funci\u00f3n de consultor\u00eda, compartir\u00e1 las mejores pr\u00e1cticas y aprovechar\u00e1 los conocimientos procedentes del equipo de gesti\u00f3n de instaladores nacionales e internacionales.\u00a0El objetivo es aprovechar la eficiencia, mejorar la satisfacci\u00f3n del cliente y lograr tasas de conversi\u00f3n m\u00e1s altas (reducir las cancelaciones).<br \/>\nGestionar\u00e1 todas las etapas del proceso, desde la adquisici\u00f3n e investigaci\u00f3n de instaladores potenciales hasta garantizar la entrega de las instalaciones solares por parte de los instaladores adjudicados.\u00a0Esto incluye la gesti\u00f3n de algunas relaciones con terceros, como formadores e inspectores t\u00e9cnicos.<\/p>\n<p><strong>Esto significa que:<\/strong><\/p>\n<ul>\n<li>Tienes fuertes ventas, networking y experiencia.\u00a0habilidades de gesti\u00f3n de relaciones y puede construir relaciones de trabajo s\u00f3lidas con sus instaladores y socios (en m\u00faltiples niveles);<\/li>\n<li>Identifica oportunidades de mejora en los procesos y en el recorrido del cliente para varios proyectos en curso;<\/li>\n<li>Usted gestiona los instaladores seleccionados del programa para garantizar que cumplan con sus obligaciones (contractuales) a trav\u00e9s de reuniones peri\u00f3dicas de actualizaci\u00f3n del progreso;<\/li>\n<li>Involucrar activamente a las partes interesadas m\u00e1s importantes en el transcurso de los proyectos;<\/li>\n<li>Puede interpretar los requisitos contractuales y comunicarlos a los instaladores para garantizar su cumplimiento;<\/li>\n<li>Tienes fuertes habilidades de negociaci\u00f3n y capacidad de negociaci\u00f3n.\u00a0Busque siempre el mejor resultado posible en el trato.<\/li>\n<li>Defiende las mejores pr\u00e1cticas y asesora sobre posibles mejoras;<\/li>\n<li>Ambos utilizan y comparten las mejores pr\u00e1cticas con el equipo global de gesti\u00f3n de instaladores de iChoosr;<\/li>\n<li>Viaja por los EE. UU. para pasar tiempo en las oficinas de los instaladores;<\/li>\n<li>Est\u00e1 familiarizado con el recorrido del cliente en instalaciones solares residenciales o puede ponerse al d\u00eda r\u00e1pidamente con \u00e9l.<\/li>\n<li>Si est\u00e1 familiarizado con la industria solar y de energ\u00edas renovables, esto es una ventaja.<\/li>\n<\/ul>\n<h2>Con quien trabajas?<\/h2>\n<p>Como parte clave de nuestro equipo de gesti\u00f3n de instaladores, trabajar\u00e1 en estrecha colaboraci\u00f3n con su colega Director de Asociaciones (con sede en Houston), con el Gerente Comercial de US Solar, con el Gerente de Alcance Comunitario, con el Gerente Nacional de EE. UU. y con US Solar. equipo de operaciones.<br \/>\nComo equipo, usted entrega los programas solares y trabaja para mejorarlos continuamente.\u00a0El Director de Asociaciones es principalmente una funci\u00f3n externa y deber\u00e1 dedicar tiempo a visitar a los instaladores.\u00a0Se le pedir\u00e1 que viaje dentro de los EE. UU. para pasar tiempo en las ubicaciones de los instaladores.\u00a0Tambi\u00e9n buscar\u00e1 establecer relaciones con otros Directores de Asociaciones que trabajan en nuestros proyectos solares en otros pa\u00edses (Reino Unido, Pa\u00edses Bajos, B\u00e9lgica y Jap\u00f3n) para compartir aprendizajes y mejores pr\u00e1cticas.\u00a0Esto le brindar\u00e1 los conocimientos adecuados para convertirse en un consultor solar que aporta valor a\u00f1adido a nuestra base de instaladores en el d\u00eda a d\u00eda.<\/p>\n<h2>\u00bfQui\u00e9n eres?<\/h2>\n<ul>\n<li>Tener al menos 7 a\u00f1os de experiencia laboral en asociaci\u00f3n comercial y\/o en funciones de gesti\u00f3n operativa;<\/li>\n<li>Tiene un ojo agudo y estrat\u00e9gico y siempre est\u00e1 buscando oportunidades para mejorar y optimizar;<\/li>\n<li>Sus habilidades de comunicaci\u00f3n garantizan que sepa c\u00f3mo involucrar a las personas en sus ideas;<\/li>\n<li>Puede influir en las partes interesadas;<\/li>\n<li>Tiene un historial comprobado de mejora del desempe\u00f1o operativo o de los procesos de implementaci\u00f3n;<\/li>\n<li>Est\u00e1 intrigado por la tecnolog\u00eda y la oportunidad de crecimiento de la energ\u00eda renovable.<\/li>\n<\/ul>\n<h2>\u00bfQu\u00e9 te ofrece iChoosr?<\/h2>\n<p>\u2022 Una posici\u00f3n desafiante dentro de una organizaci\u00f3n internacional profesional y en crecimiento;<br \/>\n\u2022 Un salario competitivo (dependiendo de la experiencia) y un paquete de beneficios;<br \/>\n\u2022 Espacio para el desarrollo personal y oportunidades profesionales;<br \/>\n\u2022 Oportunidad de trabajar en un lugar inspirador de su elecci\u00f3n durante 2 semanas al a\u00f1o;<br \/>\n\u2022 Colegas entusiastas y sinceros que trabajan juntos de manera informal.<\/p>\n<h2>\u00bfEst\u00e1s emocionado?<\/h2>\n<p>Si este puesto se adapta a usted, \u00a1nos encantar\u00eda saber de usted!\u00a0Env\u00edenos su carta de presentaci\u00f3n y curr\u00edculum a trav\u00e9s de <strong>jobs@ichoosr.com<\/strong>.\u00a0Si tienes alguna pregunta, estaremos encantados de concertar una videollamada.<\/p>\n<\/div>\n[\/vc_column_text][\/vc_column][\/vc_row]\n","protected":false},"excerpt":{"rendered":"<p>[vc_row type=&#8221;in_container&#8221; full_screen_row_position=&#8221;middle&#8221; column_margin=&#8221;default&#8221; column_direction=&#8221;default&#8221; column_direction_tablet=&#8221;default&#8221; column_direction_phone=&#8221;default&#8221; scene_position=&#8221;center&#8221; bottom_padding=&#8221;8%&#8221; bottom_padding_phone=&#8221;8%&#8221; text_color=&#8221;dark&#8221; text_align=&#8221;left&#8221; row_border_radius=&#8221;none&#8221; row_border_radius_applies=&#8221;bg&#8221; overflow=&#8221;visible&#8221; overlay_strength=&#8221;0.3&#8243; gradient_direction=&#8221;left_to_right&#8221; shape_divider_position=&#8221;bottom&#8221; bg_image_animation=&#8221;none&#8221; gradient_type=&#8221;default&#8221; shape_type=&#8221;&#8221;][vc_column column_padding=&#8221;no-extra-padding&#8221; column_padding_tablet=&#8221;inherit&#8221; column_padding_phone=&#8221;inherit&#8221; column_padding_position=&#8221;all&#8221; column_element_direction_desktop=&#8221;default&#8221; column_element_spacing=&#8221;default&#8221; desktop_text_alignment=&#8221;default&#8221; tablet_text_alignment=&#8221;default&#8221; phone_text_alignment=&#8221;default&#8221;&#8230;<\/p>\n","protected":false},"author":25,"featured_media":7599,"parent":7746,"menu_order":0,"comment_status":"closed","ping_status":"closed","template":"","meta":{"inline_featured_image":false,"footnotes":""},"class_list":["post-7652","page","type-page","status-publish","has-post-thumbnail"],"yoast_head":"<!-- This site is optimized with the Yoast SEO plugin v27.5 - https:\/\/yoast.com\/product\/yoast-seo-wordpress\/ -->\n<title>Director de Asociaciones &#8212; iChoosr<\/title>\n<meta name=\"robots\" content=\"index, follow, max-snippet:-1, max-image-preview:large, max-video-preview:-1\" \/>\n<link rel=\"canonical\" href=\"https:\/\/ichoosr.com\/es-us\/empleos\/director-de-asociaciones\/\" \/>\n<meta property=\"og:locale\" content=\"es_ES\" \/>\n<meta property=\"og:type\" content=\"article\" \/>\n<meta property=\"og:title\" content=\"Director de Asociaciones &#8212; iChoosr\" \/>\n<meta property=\"og:description\" content=\"[vc_row type=&#8221;in_container&#8221; full_screen_row_position=&#8221;middle&#8221; column_margin=&#8221;default&#8221; column_direction=&#8221;default&#8221; column_direction_tablet=&#8221;default&#8221; column_direction_phone=&#8221;default&#8221; scene_position=&#8221;center&#8221; bottom_padding=&#8221;8%&#8221; bottom_padding_phone=&#8221;8%&#8221; text_color=&#8221;dark&#8221; text_align=&#8221;left&#8221; row_border_radius=&#8221;none&#8221; row_border_radius_applies=&#8221;bg&#8221; overflow=&#8221;visible&#8221; overlay_strength=&#8221;0.3&#8243; gradient_direction=&#8221;left_to_right&#8221; shape_divider_position=&#8221;bottom&#8221; bg_image_animation=&#8221;none&#8221; gradient_type=&#8221;default&#8221; shape_type=&#8221;&#8221;][vc_column column_padding=&#8221;no-extra-padding&#8221; column_padding_tablet=&#8221;inherit&#8221; column_padding_phone=&#8221;inherit&#8221; column_padding_position=&#8221;all&#8221; column_element_direction_desktop=&#8221;default&#8221; column_element_spacing=&#8221;default&#8221; desktop_text_alignment=&#8221;default&#8221; tablet_text_alignment=&#8221;default&#8221; phone_text_alignment=&#8221;default&#8221;...\" \/>\n<meta property=\"og:url\" content=\"https:\/\/ichoosr.com\/es-us\/empleos\/director-de-asociaciones\/\" \/>\n<meta property=\"og:site_name\" content=\"iChoosr\" \/>\n<meta property=\"article:modified_time\" content=\"2023-11-22T16:32:38+00:00\" \/>\n<meta property=\"og:image\" content=\"https:\/\/ichoosr.com\/wp-content\/uploads\/2023\/09\/FI_ichoosr.jpg\" \/>\n\t<meta property=\"og:image:width\" content=\"1696\" \/>\n\t<meta property=\"og:image:height\" content=\"937\" \/>\n\t<meta property=\"og:image:type\" content=\"image\/jpeg\" \/>\n<meta name=\"twitter:card\" content=\"summary_large_image\" \/>\n<meta name=\"twitter:site\" content=\"@UKiChoosr\" \/>\n<meta name=\"twitter:label1\" content=\"Est. reading time\" \/>\n\t<meta name=\"twitter:data1\" content=\"6 minutes\" \/>\n<script type=\"application\/ld+json\" class=\"yoast-schema-graph\">{\"@context\":\"https:\\\/\\\/schema.org\",\"@graph\":[{\"@type\":\"WebPage\",\"@id\":\"https:\\\/\\\/ichoosr.com\\\/es-us\\\/empleos\\\/director-de-asociaciones\\\/\",\"url\":\"https:\\\/\\\/ichoosr.com\\\/es-us\\\/empleos\\\/director-de-asociaciones\\\/\",\"name\":\"Director de Asociaciones &#8212; iChoosr\",\"isPartOf\":{\"@id\":\"https:\\\/\\\/ichoosr.com\\\/es-us\\\/#website\"},\"primaryImageOfPage\":{\"@id\":\"https:\\\/\\\/ichoosr.com\\\/es-us\\\/empleos\\\/director-de-asociaciones\\\/#primaryimage\"},\"image\":{\"@id\":\"https:\\\/\\\/ichoosr.com\\\/es-us\\\/empleos\\\/director-de-asociaciones\\\/#primaryimage\"},\"thumbnailUrl\":\"https:\\\/\\\/ichoosr.com\\\/wp-content\\\/uploads\\\/2023\\\/09\\\/FI_ichoosr.jpg\",\"datePublished\":\"2023-10-05T09:03:24+00:00\",\"dateModified\":\"2023-11-22T16:32:38+00:00\",\"breadcrumb\":{\"@id\":\"https:\\\/\\\/ichoosr.com\\\/es-us\\\/empleos\\\/director-de-asociaciones\\\/#breadcrumb\"},\"inLanguage\":\"es-US\",\"potentialAction\":[{\"@type\":\"ReadAction\",\"target\":[\"https:\\\/\\\/ichoosr.com\\\/es-us\\\/empleos\\\/director-de-asociaciones\\\/\"]}]},{\"@type\":\"ImageObject\",\"inLanguage\":\"es-US\",\"@id\":\"https:\\\/\\\/ichoosr.com\\\/es-us\\\/empleos\\\/director-de-asociaciones\\\/#primaryimage\",\"url\":\"https:\\\/\\\/ichoosr.com\\\/wp-content\\\/uploads\\\/2023\\\/09\\\/FI_ichoosr.jpg\",\"contentUrl\":\"https:\\\/\\\/ichoosr.com\\\/wp-content\\\/uploads\\\/2023\\\/09\\\/FI_ichoosr.jpg\",\"width\":1696,\"height\":937},{\"@type\":\"BreadcrumbList\",\"@id\":\"https:\\\/\\\/ichoosr.com\\\/es-us\\\/empleos\\\/director-de-asociaciones\\\/#breadcrumb\",\"itemListElement\":[{\"@type\":\"ListItem\",\"position\":1,\"name\":\"Homepage\",\"item\":\"https:\\\/\\\/ichoosr.com\\\/es-us\\\/\"},{\"@type\":\"ListItem\",\"position\":2,\"name\":\"Empleos\",\"item\":\"https:\\\/\\\/ichoosr.com\\\/es-us\\\/empleos\\\/\"},{\"@type\":\"ListItem\",\"position\":3,\"name\":\"Director de Asociaciones\"}]},{\"@type\":\"WebSite\",\"@id\":\"https:\\\/\\\/ichoosr.com\\\/es-us\\\/#website\",\"url\":\"https:\\\/\\\/ichoosr.com\\\/es-us\\\/\",\"name\":\"iChoosr\",\"description\":\"Empowering people, energising society.\",\"publisher\":{\"@id\":\"https:\\\/\\\/ichoosr.com\\\/es-us\\\/#organization\"},\"alternateName\":\"Empowering people, energising society.\",\"potentialAction\":[{\"@type\":\"SearchAction\",\"target\":{\"@type\":\"EntryPoint\",\"urlTemplate\":\"https:\\\/\\\/ichoosr.com\\\/es-us\\\/?s={search_term_string}\"},\"query-input\":{\"@type\":\"PropertyValueSpecification\",\"valueRequired\":true,\"valueName\":\"search_term_string\"}}],\"inLanguage\":\"es-US\"},{\"@type\":\"Organization\",\"@id\":\"https:\\\/\\\/ichoosr.com\\\/es-us\\\/#organization\",\"name\":\"iChoosr\",\"url\":\"https:\\\/\\\/ichoosr.com\\\/es-us\\\/\",\"logo\":{\"@type\":\"ImageObject\",\"inLanguage\":\"es-US\",\"@id\":\"https:\\\/\\\/ichoosr.com\\\/es-us\\\/#\\\/schema\\\/logo\\\/image\\\/\",\"url\":\"https:\\\/\\\/ichoosr.com\\\/wp-content\\\/uploads\\\/2023\\\/09\\\/FI_ichoosr.jpg\",\"contentUrl\":\"https:\\\/\\\/ichoosr.com\\\/wp-content\\\/uploads\\\/2023\\\/09\\\/FI_ichoosr.jpg\",\"width\":1696,\"height\":937,\"caption\":\"iChoosr\"},\"image\":{\"@id\":\"https:\\\/\\\/ichoosr.com\\\/es-us\\\/#\\\/schema\\\/logo\\\/image\\\/\"},\"sameAs\":[\"https:\\\/\\\/x.com\\\/UKiChoosr\"]}]}<\/script>\n<!-- \/ Yoast SEO plugin. -->","yoast_head_json":{"title":"Director de Asociaciones &#8212; iChoosr","robots":{"index":"index","follow":"follow","max-snippet":"max-snippet:-1","max-image-preview":"max-image-preview:large","max-video-preview":"max-video-preview:-1"},"canonical":"https:\/\/ichoosr.com\/es-us\/empleos\/director-de-asociaciones\/","og_locale":"es_ES","og_type":"article","og_title":"Director de Asociaciones &#8212; iChoosr","og_description":"[vc_row type=&#8221;in_container&#8221; full_screen_row_position=&#8221;middle&#8221; column_margin=&#8221;default&#8221; column_direction=&#8221;default&#8221; column_direction_tablet=&#8221;default&#8221; column_direction_phone=&#8221;default&#8221; scene_position=&#8221;center&#8221; bottom_padding=&#8221;8%&#8221; bottom_padding_phone=&#8221;8%&#8221; text_color=&#8221;dark&#8221; text_align=&#8221;left&#8221; row_border_radius=&#8221;none&#8221; row_border_radius_applies=&#8221;bg&#8221; overflow=&#8221;visible&#8221; overlay_strength=&#8221;0.3&#8243; gradient_direction=&#8221;left_to_right&#8221; shape_divider_position=&#8221;bottom&#8221; bg_image_animation=&#8221;none&#8221; gradient_type=&#8221;default&#8221; shape_type=&#8221;&#8221;][vc_column column_padding=&#8221;no-extra-padding&#8221; column_padding_tablet=&#8221;inherit&#8221; column_padding_phone=&#8221;inherit&#8221; column_padding_position=&#8221;all&#8221; column_element_direction_desktop=&#8221;default&#8221; column_element_spacing=&#8221;default&#8221; desktop_text_alignment=&#8221;default&#8221; tablet_text_alignment=&#8221;default&#8221; phone_text_alignment=&#8221;default&#8221;...","og_url":"https:\/\/ichoosr.com\/es-us\/empleos\/director-de-asociaciones\/","og_site_name":"iChoosr","article_modified_time":"2023-11-22T16:32:38+00:00","og_image":[{"width":1696,"height":937,"url":"https:\/\/ichoosr.com\/wp-content\/uploads\/2023\/09\/FI_ichoosr.jpg","type":"image\/jpeg"}],"twitter_card":"summary_large_image","twitter_site":"@UKiChoosr","twitter_misc":{"Est. reading time":"6 minutes"},"schema":{"@context":"https:\/\/schema.org","@graph":[{"@type":"WebPage","@id":"https:\/\/ichoosr.com\/es-us\/empleos\/director-de-asociaciones\/","url":"https:\/\/ichoosr.com\/es-us\/empleos\/director-de-asociaciones\/","name":"Director de Asociaciones &#8212; iChoosr","isPartOf":{"@id":"https:\/\/ichoosr.com\/es-us\/#website"},"primaryImageOfPage":{"@id":"https:\/\/ichoosr.com\/es-us\/empleos\/director-de-asociaciones\/#primaryimage"},"image":{"@id":"https:\/\/ichoosr.com\/es-us\/empleos\/director-de-asociaciones\/#primaryimage"},"thumbnailUrl":"https:\/\/ichoosr.com\/wp-content\/uploads\/2023\/09\/FI_ichoosr.jpg","datePublished":"2023-10-05T09:03:24+00:00","dateModified":"2023-11-22T16:32:38+00:00","breadcrumb":{"@id":"https:\/\/ichoosr.com\/es-us\/empleos\/director-de-asociaciones\/#breadcrumb"},"inLanguage":"es-US","potentialAction":[{"@type":"ReadAction","target":["https:\/\/ichoosr.com\/es-us\/empleos\/director-de-asociaciones\/"]}]},{"@type":"ImageObject","inLanguage":"es-US","@id":"https:\/\/ichoosr.com\/es-us\/empleos\/director-de-asociaciones\/#primaryimage","url":"https:\/\/ichoosr.com\/wp-content\/uploads\/2023\/09\/FI_ichoosr.jpg","contentUrl":"https:\/\/ichoosr.com\/wp-content\/uploads\/2023\/09\/FI_ichoosr.jpg","width":1696,"height":937},{"@type":"BreadcrumbList","@id":"https:\/\/ichoosr.com\/es-us\/empleos\/director-de-asociaciones\/#breadcrumb","itemListElement":[{"@type":"ListItem","position":1,"name":"Homepage","item":"https:\/\/ichoosr.com\/es-us\/"},{"@type":"ListItem","position":2,"name":"Empleos","item":"https:\/\/ichoosr.com\/es-us\/empleos\/"},{"@type":"ListItem","position":3,"name":"Director de Asociaciones"}]},{"@type":"WebSite","@id":"https:\/\/ichoosr.com\/es-us\/#website","url":"https:\/\/ichoosr.com\/es-us\/","name":"iChoosr","description":"Empowering people, energising society.","publisher":{"@id":"https:\/\/ichoosr.com\/es-us\/#organization"},"alternateName":"Empowering people, energising society.","potentialAction":[{"@type":"SearchAction","target":{"@type":"EntryPoint","urlTemplate":"https:\/\/ichoosr.com\/es-us\/?s={search_term_string}"},"query-input":{"@type":"PropertyValueSpecification","valueRequired":true,"valueName":"search_term_string"}}],"inLanguage":"es-US"},{"@type":"Organization","@id":"https:\/\/ichoosr.com\/es-us\/#organization","name":"iChoosr","url":"https:\/\/ichoosr.com\/es-us\/","logo":{"@type":"ImageObject","inLanguage":"es-US","@id":"https:\/\/ichoosr.com\/es-us\/#\/schema\/logo\/image\/","url":"https:\/\/ichoosr.com\/wp-content\/uploads\/2023\/09\/FI_ichoosr.jpg","contentUrl":"https:\/\/ichoosr.com\/wp-content\/uploads\/2023\/09\/FI_ichoosr.jpg","width":1696,"height":937,"caption":"iChoosr"},"image":{"@id":"https:\/\/ichoosr.com\/es-us\/#\/schema\/logo\/image\/"},"sameAs":["https:\/\/x.com\/UKiChoosr"]}]}},"_links":{"self":[{"href":"https:\/\/ichoosr.com\/es-us\/wp-json\/wp\/v2\/pages\/7652","targetHints":{"allow":["GET"]}}],"collection":[{"href":"https:\/\/ichoosr.com\/es-us\/wp-json\/wp\/v2\/pages"}],"about":[{"href":"https:\/\/ichoosr.com\/es-us\/wp-json\/wp\/v2\/types\/page"}],"author":[{"embeddable":true,"href":"https:\/\/ichoosr.com\/es-us\/wp-json\/wp\/v2\/users\/25"}],"replies":[{"embeddable":true,"href":"https:\/\/ichoosr.com\/es-us\/wp-json\/wp\/v2\/comments?post=7652"}],"version-history":[{"count":2,"href":"https:\/\/ichoosr.com\/es-us\/wp-json\/wp\/v2\/pages\/7652\/revisions"}],"predecessor-version":[{"id":8485,"href":"https:\/\/ichoosr.com\/es-us\/wp-json\/wp\/v2\/pages\/7652\/revisions\/8485"}],"up":[{"embeddable":true,"href":"https:\/\/ichoosr.com\/es-us\/wp-json\/wp\/v2\/pages\/7746"}],"wp:featuredmedia":[{"embeddable":true,"href":"https:\/\/ichoosr.com\/es-us\/wp-json\/wp\/v2\/media\/7599"}],"wp:attachment":[{"href":"https:\/\/ichoosr.com\/es-us\/wp-json\/wp\/v2\/media?parent=7652"}],"curies":[{"name":"wp","href":"https:\/\/api.w.org\/{rel}","templated":true}]}}