{"id":11834,"date":"2024-05-28T13:17:58","date_gmt":"2024-05-28T13:17:58","guid":{"rendered":"https:\/\/ichoosr.com\/?page_id=11834"},"modified":"2024-05-28T13:17:58","modified_gmt":"2024-05-28T13:17:58","slug":"director-de-participacion-comunitaria-3","status":"publish","type":"page","link":"https:\/\/ichoosr.com\/es-us\/empleos\/director-de-participacion-comunitaria-3\/","title":{"rendered":"Director de Participaci\u00f3n Comunitaria"},"content":{"rendered":"[vc_row type=&#8221;in_container&#8221; full_screen_row_position=&#8221;middle&#8221; column_margin=&#8221;default&#8221; column_direction=&#8221;default&#8221; column_direction_tablet=&#8221;default&#8221; column_direction_phone=&#8221;default&#8221; scene_position=&#8221;center&#8221; bottom_padding=&#8221;8%&#8221; bottom_padding_phone=&#8221;8%&#8221; text_color=&#8221;dark&#8221; text_align=&#8221;left&#8221; row_border_radius=&#8221;none&#8221; row_border_radius_applies=&#8221;bg&#8221; overflow=&#8221;visible&#8221; overlay_strength=&#8221;0.3&#8243; gradient_direction=&#8221;left_to_right&#8221; shape_divider_position=&#8221;bottom&#8221; bg_image_animation=&#8221;none&#8221; gradient_type=&#8221;default&#8221; shape_type=&#8221;&#8221;][vc_column column_padding=&#8221;no-extra-padding&#8221; column_padding_tablet=&#8221;inherit&#8221; column_padding_phone=&#8221;inherit&#8221; column_padding_position=&#8221;all&#8221; column_element_direction_desktop=&#8221;default&#8221; column_element_spacing=&#8221;default&#8221; desktop_text_alignment=&#8221;default&#8221; tablet_text_alignment=&#8221;default&#8221; phone_text_alignment=&#8221;default&#8221; background_color_opacity=&#8221;1&#8243; background_hover_color_opacity=&#8221;1&#8243; column_backdrop_filter=&#8221;none&#8221; column_shadow=&#8221;none&#8221; column_border_radius=&#8221;none&#8221; column_link_target=&#8221;_self&#8221; column_position=&#8221;default&#8221; gradient_direction=&#8221;left_to_right&#8221; overlay_strength=&#8221;0.3&#8243; width=&#8221;1\/1&#8243; tablet_width_inherit=&#8221;default&#8221; animation_type=&#8221;default&#8221; enable_animation=&#8221;true&#8221; animation=&#8221;fade-in&#8221; animation_easing=&#8221;easeInQuad&#8221; bg_image_animation=&#8221;none&#8221; border_type=&#8221;simple&#8221; column_border_width=&#8221;none&#8221; column_border_style=&#8221;solid&#8221; column_padding_type=&#8221;default&#8221; gradient_type=&#8221;default&#8221;][vc_column_text]\n<h1>\u00bfSe convertir\u00e1 en nuestro nuevo\u00a0<strong>Director de Participaci\u00f3n Comunitaria?<\/strong><\/h1>\n<p>Buscamos un Director de Participaci\u00f3n Comunitaria con experiencia centrado en gestionar y ampliar las relaciones con nuestra red de gobiernos locales.<\/p>\n<h2>Bienvenido al mundo de iChoosr<\/h2>\n<p>Somos una empresa joven, en crecimiento, internacional y de propiedad privada.\u00a0Desde nuestros inicios en 2008, hemos crecido hasta convertirnos en una organizaci\u00f3n con m\u00e1s de 120 colegas que trabajan en los Pa\u00edses Bajos, B\u00e9lgica, el Reino Unido, Polonia, Estados Unidos y Jap\u00f3n.<\/p>\n<p>Nuestra misi\u00f3n es acelerar la transici\u00f3n energ\u00e9tica.\u00a0Con un historial comprobado de m\u00e1s de 140.000 instalaciones solares residenciales en tejados (suficientes para cerrar una importante central el\u00e9ctrica alimentada con carb\u00f3n) y m\u00e1s de 2,3 millones de consumidores a los que hemos ayudado a cambiar a un contrato de energ\u00eda renovable, estamos bien posicionados para crear una impacto a\u00fan mayor.\u00a0Ampliamos nuestra cartera a otros productos sostenibles como almacenamiento de energ\u00eda, bombas de calor y aislamiento de viviendas.<\/p>\n<p>Organizamos programas de compra grupal en colaboraci\u00f3n con los llamados l\u00edderes comunitarios, organizaciones conocidas y confiables por los consumidores, como gobiernos locales y organizaciones sin fines de lucro.\u00a0Al respaldar nuestros programas, los l\u00edderes comunitarios brindan confianza, lo que ayuda a aumentar la cantidad de consumidores participantes.\u00a0Los l\u00edderes comunitarios est\u00e1n interesados \u200b\u200ben trabajar con iChoosr ya que podemos ayudarlos a lograr sus objetivos de sostenibilidad y ayudar a sus residentes\/miembros.<\/p>\n<p>Nuestros programas de compras grupales est\u00e1n dise\u00f1ados para beneficiar a todas las partes interesadas.\u00a0Los programas funcionan reuniendo a un gran grupo de consumidores para crear eficiencias para los instaladores de energ\u00eda solar y de almacenamiento que pueden traspasar a los consumidores en forma de precios competitivos.<\/p>\n<p>Hace cinco a\u00f1os iniciamos operaciones en Texas.\u00a0Hemos organizado 17 campa\u00f1as de contratos de energ\u00eda renovable residencial bajo la marca Texas Power Switch.\u00a0El a\u00f1o pasado nos expandimos para ofrecer almacenamiento y energ\u00eda solar en tejados residenciales en el \u00e1rea de Houston y Dallas bajo la marca Solar Switch.\u00a0Este a\u00f1o estamos ampliando nuestras actividades solares a otros estados, incluidos Washington, Maryland, Virginia, Illinois y Colorado.<\/p>\n<h2>\u00bfCu\u00e1l ser\u00e1 tu papel?<\/h2>\n<p>Como Director de Participaci\u00f3n Comunitaria, usted ser\u00e1 responsable de colaborar con los l\u00edderes comunitarios en los estados en los que organizamos nuestros programas de compra de grupos solares con el objetivo de construir relaciones de beneficio mutuo a largo plazo con ellos.<\/p>\n<p>A continuaci\u00f3n encontrar\u00e1 las responsabilidades clave para este puesto:<\/p>\n<ul>\n<li>Responsabilidad general de desarrollar y gestionar relaciones con l\u00edderes comunitarios en todos los niveles de la organizaci\u00f3n.<\/li>\n<li>Tomar la iniciativa ante los l\u00edderes comunitarios para explicarles y convencerlos sobre los resultados que podemos lograr juntos y c\u00f3mo funciona nuestro modelo, incluido el papel y las responsabilidades de todas las partes interesadas.<\/li>\n<li>Explicar y convencer a los l\u00edderes comunitarios de lo que tienen que hacer y cu\u00e1ndo tienen que hacerlo.\u00a0Esto se centra principalmente en sus responsabilidades de hacer campa\u00f1a activa, educar y motivar a sus residentes\/miembros para que participen en grandes cantidades en los programas de compra de grupos de energ\u00eda solar y almacenamiento.\u00a0Trabajar\u00e1 en estrecha colaboraci\u00f3n con el equipo de marcom para alinear que toda la comunicaci\u00f3n de los l\u00edderes de la comunidad encaje bien en el plan de marketing general.<\/li>\n<li>Mantener a los l\u00edderes comunitarios informados sobre el progreso y otros temas relevantes durante todo el proyecto, desde la fase de preparaci\u00f3n hasta la fase de evaluaci\u00f3n.<\/li>\n<li>Trabaje en estrecha colaboraci\u00f3n con sus colegas para entregar los proyectos con \u00e9xito.<\/li>\n<\/ul>\n<h2>Con quien trabajas?<\/h2>\n<p>Como parte clave de nuestro equipo de EE. UU., trabajar\u00e1 en estrecha colaboraci\u00f3n con el Gerente Nacional de EE. UU., con su colega Director de Participaci\u00f3n Comunitaria, con el Gerente Comercial de US Solar, con el Director de Asociaciones de Instaladores y con US Solar. equipo de operaciones.<br \/>\nComo equipo, usted entrega los programas solares y trabaja para mejorarlos continuamente.<\/p>\n<p>El Director de Participaci\u00f3n Comunitaria es principalmente una funci\u00f3n orientada al exterior y deber\u00e1 invertir tiempo visitando a los l\u00edderes comunitarios en los estados en los que iChoosr est\u00e1 activo o planea estar activo.<br \/>\nTambi\u00e9n buscar\u00e1 establecer relaciones con otros colegas que trabajan en nuestros proyectos solares en otros pa\u00edses (Reino Unido, Pa\u00edses Bajos, B\u00e9lgica y Jap\u00f3n) para compartir aprendizajes y mejores pr\u00e1cticas.<\/p>\n<h2>\u00bfQui\u00e9n eres?<\/h2>\n<ul>\n<li>Tiene s\u00f3lidas habilidades de ventas, creaci\u00f3n de redes y gesti\u00f3n de relaciones y puede construir relaciones laborales s\u00f3lidas.<\/li>\n<li>Tiene al menos 7 a\u00f1os de experiencia laboral en una funci\u00f3n de gesti\u00f3n de relaciones (comerciales).<\/li>\n<li>Sus habilidades de comunicaci\u00f3n garantizan que sepa c\u00f3mo involucrar a personas de todos los niveles en sus ideas.<\/li>\n<li>Entiendes la gesti\u00f3n de las partes interesadas y eres capaz de influir en ellas y crear puntos en com\u00fan.<\/li>\n<li>Tienes experiencia en cierre de contratos.<\/li>\n<li>Das energ\u00eda positiva a todos los involucrados y los involucras para seguir adelante.<\/li>\n<li>Est\u00e1 dispuesto a viajar con frecuencia dentro de los EE. UU. y ocasionalmente a Europa.<\/li>\n<\/ul>\n<h2>\u00bfQu\u00e9 te ofrece iChoosr?<\/h2>\n<ul>\n<li>Una posici\u00f3n desafiante dentro de una organizaci\u00f3n internacional profesional y en crecimiento.<\/li>\n<li>Salario competitivo (seg\u00fan experiencia) y paquete de beneficios.<\/li>\n<li>Espacio para el desarrollo personal y oportunidades profesionales.<\/li>\n<li>Oportunidad de trabajar en un lugar inspirador de su elecci\u00f3n durante 2 semanas al a\u00f1o.<\/li>\n<li>Colegas entusiastas y sinceros que trabajan juntos de manera informal.<\/li>\n<\/ul>\n<h2>\u00bfEst\u00e1s emocionado?<\/h2>\n<p>Si este puesto se adapta a usted, \u00a1nos encantar\u00eda saber de usted!\u00a0Env\u00edenos su carta de presentaci\u00f3n y curr\u00edculum a trav\u00e9s de jobs@ichoosr.com.\u00a0Si tiene alguna pregunta, estaremos encantados de organizar un v\u00eddeo.[\/vc_column_text][\/vc_column][\/vc_row]\n","protected":false},"excerpt":{"rendered":"<p>[vc_row type=&#8221;in_container&#8221; full_screen_row_position=&#8221;middle&#8221; column_margin=&#8221;default&#8221; column_direction=&#8221;default&#8221; column_direction_tablet=&#8221;default&#8221; column_direction_phone=&#8221;default&#8221; scene_position=&#8221;center&#8221; bottom_padding=&#8221;8%&#8221; bottom_padding_phone=&#8221;8%&#8221; text_color=&#8221;dark&#8221; text_align=&#8221;left&#8221; row_border_radius=&#8221;none&#8221; row_border_radius_applies=&#8221;bg&#8221; overflow=&#8221;visible&#8221; overlay_strength=&#8221;0.3&#8243; gradient_direction=&#8221;left_to_right&#8221; shape_divider_position=&#8221;bottom&#8221; bg_image_animation=&#8221;none&#8221; gradient_type=&#8221;default&#8221; shape_type=&#8221;&#8221;][vc_column column_padding=&#8221;no-extra-padding&#8221; column_padding_tablet=&#8221;inherit&#8221; column_padding_phone=&#8221;inherit&#8221; column_padding_position=&#8221;all&#8221; column_element_direction_desktop=&#8221;default&#8221; column_element_spacing=&#8221;default&#8221; desktop_text_alignment=&#8221;default&#8221; tablet_text_alignment=&#8221;default&#8221; phone_text_alignment=&#8221;default&#8221;&#8230;<\/p>\n","protected":false},"author":29,"featured_media":7599,"parent":7746,"menu_order":0,"comment_status":"closed","ping_status":"closed","template":"","meta":{"inline_featured_image":false,"footnotes":""},"class_list":["post-11834","page","type-page","status-publish","has-post-thumbnail"],"yoast_head":"<!-- This site is optimized with the Yoast SEO plugin v27.4 - https:\/\/yoast.com\/product\/yoast-seo-wordpress\/ -->\n<title>Director de Participaci\u00f3n Comunitaria &#8212; iChoosr<\/title>\n<meta name=\"robots\" content=\"index, follow, max-snippet:-1, max-image-preview:large, max-video-preview:-1\" \/>\n<link rel=\"canonical\" href=\"https:\/\/ichoosr.com\/es-us\/empleos\/director-de-participacion-comunitaria-3\/\" \/>\n<meta property=\"og:locale\" content=\"es_ES\" \/>\n<meta property=\"og:type\" content=\"article\" \/>\n<meta property=\"og:title\" content=\"Director de Participaci\u00f3n Comunitaria &#8212; iChoosr\" \/>\n<meta property=\"og:description\" content=\"[vc_row type=&#8221;in_container&#8221; full_screen_row_position=&#8221;middle&#8221; column_margin=&#8221;default&#8221; column_direction=&#8221;default&#8221; column_direction_tablet=&#8221;default&#8221; column_direction_phone=&#8221;default&#8221; scene_position=&#8221;center&#8221; bottom_padding=&#8221;8%&#8221; bottom_padding_phone=&#8221;8%&#8221; text_color=&#8221;dark&#8221; text_align=&#8221;left&#8221; row_border_radius=&#8221;none&#8221; row_border_radius_applies=&#8221;bg&#8221; overflow=&#8221;visible&#8221; overlay_strength=&#8221;0.3&#8243; gradient_direction=&#8221;left_to_right&#8221; shape_divider_position=&#8221;bottom&#8221; bg_image_animation=&#8221;none&#8221; gradient_type=&#8221;default&#8221; shape_type=&#8221;&#8221;][vc_column column_padding=&#8221;no-extra-padding&#8221; column_padding_tablet=&#8221;inherit&#8221; column_padding_phone=&#8221;inherit&#8221; column_padding_position=&#8221;all&#8221; column_element_direction_desktop=&#8221;default&#8221; column_element_spacing=&#8221;default&#8221; desktop_text_alignment=&#8221;default&#8221; tablet_text_alignment=&#8221;default&#8221; phone_text_alignment=&#8221;default&#8221;...\" \/>\n<meta property=\"og:url\" content=\"https:\/\/ichoosr.com\/es-us\/empleos\/director-de-participacion-comunitaria-3\/\" \/>\n<meta property=\"og:site_name\" content=\"iChoosr\" \/>\n<meta property=\"og:image\" content=\"https:\/\/ichoosr.com\/wp-content\/uploads\/2023\/09\/FI_ichoosr.jpg\" \/>\n\t<meta property=\"og:image:width\" content=\"1696\" \/>\n\t<meta property=\"og:image:height\" content=\"937\" \/>\n\t<meta property=\"og:image:type\" content=\"image\/jpeg\" \/>\n<meta name=\"twitter:card\" content=\"summary_large_image\" \/>\n<meta name=\"twitter:site\" content=\"@UKiChoosr\" \/>\n<meta name=\"twitter:label1\" content=\"Est. reading time\" \/>\n\t<meta name=\"twitter:data1\" content=\"5 minutes\" \/>\n<script type=\"application\/ld+json\" class=\"yoast-schema-graph\">{\"@context\":\"https:\\\/\\\/schema.org\",\"@graph\":[{\"@type\":\"WebPage\",\"@id\":\"https:\\\/\\\/ichoosr.com\\\/es-us\\\/empleos\\\/director-de-participacion-comunitaria-3\\\/\",\"url\":\"https:\\\/\\\/ichoosr.com\\\/es-us\\\/empleos\\\/director-de-participacion-comunitaria-3\\\/\",\"name\":\"Director de Participaci\u00f3n Comunitaria &#8212; iChoosr\",\"isPartOf\":{\"@id\":\"https:\\\/\\\/ichoosr.com\\\/es-us\\\/#website\"},\"primaryImageOfPage\":{\"@id\":\"https:\\\/\\\/ichoosr.com\\\/es-us\\\/empleos\\\/director-de-participacion-comunitaria-3\\\/#primaryimage\"},\"image\":{\"@id\":\"https:\\\/\\\/ichoosr.com\\\/es-us\\\/empleos\\\/director-de-participacion-comunitaria-3\\\/#primaryimage\"},\"thumbnailUrl\":\"https:\\\/\\\/ichoosr.com\\\/wp-content\\\/uploads\\\/2023\\\/09\\\/FI_ichoosr.jpg\",\"datePublished\":\"2024-05-28T13:17:58+00:00\",\"breadcrumb\":{\"@id\":\"https:\\\/\\\/ichoosr.com\\\/es-us\\\/empleos\\\/director-de-participacion-comunitaria-3\\\/#breadcrumb\"},\"inLanguage\":\"es-US\",\"potentialAction\":[{\"@type\":\"ReadAction\",\"target\":[\"https:\\\/\\\/ichoosr.com\\\/es-us\\\/empleos\\\/director-de-participacion-comunitaria-3\\\/\"]}]},{\"@type\":\"ImageObject\",\"inLanguage\":\"es-US\",\"@id\":\"https:\\\/\\\/ichoosr.com\\\/es-us\\\/empleos\\\/director-de-participacion-comunitaria-3\\\/#primaryimage\",\"url\":\"https:\\\/\\\/ichoosr.com\\\/wp-content\\\/uploads\\\/2023\\\/09\\\/FI_ichoosr.jpg\",\"contentUrl\":\"https:\\\/\\\/ichoosr.com\\\/wp-content\\\/uploads\\\/2023\\\/09\\\/FI_ichoosr.jpg\",\"width\":1696,\"height\":937},{\"@type\":\"BreadcrumbList\",\"@id\":\"https:\\\/\\\/ichoosr.com\\\/es-us\\\/empleos\\\/director-de-participacion-comunitaria-3\\\/#breadcrumb\",\"itemListElement\":[{\"@type\":\"ListItem\",\"position\":1,\"name\":\"Homepage\",\"item\":\"https:\\\/\\\/ichoosr.com\\\/es-us\\\/\"},{\"@type\":\"ListItem\",\"position\":2,\"name\":\"Empleos\",\"item\":\"https:\\\/\\\/ichoosr.com\\\/es-us\\\/empleos\\\/\"},{\"@type\":\"ListItem\",\"position\":3,\"name\":\"Director de Participaci\u00f3n Comunitaria\"}]},{\"@type\":\"WebSite\",\"@id\":\"https:\\\/\\\/ichoosr.com\\\/es-us\\\/#website\",\"url\":\"https:\\\/\\\/ichoosr.com\\\/es-us\\\/\",\"name\":\"iChoosr\",\"description\":\"Empowering people, energising society.\",\"publisher\":{\"@id\":\"https:\\\/\\\/ichoosr.com\\\/es-us\\\/#organization\"},\"alternateName\":\"Empowering people, energising society.\",\"potentialAction\":[{\"@type\":\"SearchAction\",\"target\":{\"@type\":\"EntryPoint\",\"urlTemplate\":\"https:\\\/\\\/ichoosr.com\\\/es-us\\\/?s={search_term_string}\"},\"query-input\":{\"@type\":\"PropertyValueSpecification\",\"valueRequired\":true,\"valueName\":\"search_term_string\"}}],\"inLanguage\":\"es-US\"},{\"@type\":\"Organization\",\"@id\":\"https:\\\/\\\/ichoosr.com\\\/es-us\\\/#organization\",\"name\":\"iChoosr\",\"url\":\"https:\\\/\\\/ichoosr.com\\\/es-us\\\/\",\"logo\":{\"@type\":\"ImageObject\",\"inLanguage\":\"es-US\",\"@id\":\"https:\\\/\\\/ichoosr.com\\\/es-us\\\/#\\\/schema\\\/logo\\\/image\\\/\",\"url\":\"https:\\\/\\\/ichoosr.com\\\/wp-content\\\/uploads\\\/2023\\\/09\\\/FI_ichoosr.jpg\",\"contentUrl\":\"https:\\\/\\\/ichoosr.com\\\/wp-content\\\/uploads\\\/2023\\\/09\\\/FI_ichoosr.jpg\",\"width\":1696,\"height\":937,\"caption\":\"iChoosr\"},\"image\":{\"@id\":\"https:\\\/\\\/ichoosr.com\\\/es-us\\\/#\\\/schema\\\/logo\\\/image\\\/\"},\"sameAs\":[\"https:\\\/\\\/x.com\\\/UKiChoosr\"]}]}<\/script>\n<!-- \/ Yoast SEO plugin. -->","yoast_head_json":{"title":"Director de Participaci\u00f3n Comunitaria &#8212; iChoosr","robots":{"index":"index","follow":"follow","max-snippet":"max-snippet:-1","max-image-preview":"max-image-preview:large","max-video-preview":"max-video-preview:-1"},"canonical":"https:\/\/ichoosr.com\/es-us\/empleos\/director-de-participacion-comunitaria-3\/","og_locale":"es_ES","og_type":"article","og_title":"Director de Participaci\u00f3n Comunitaria &#8212; iChoosr","og_description":"[vc_row type=&#8221;in_container&#8221; full_screen_row_position=&#8221;middle&#8221; column_margin=&#8221;default&#8221; column_direction=&#8221;default&#8221; column_direction_tablet=&#8221;default&#8221; column_direction_phone=&#8221;default&#8221; scene_position=&#8221;center&#8221; bottom_padding=&#8221;8%&#8221; bottom_padding_phone=&#8221;8%&#8221; text_color=&#8221;dark&#8221; text_align=&#8221;left&#8221; row_border_radius=&#8221;none&#8221; row_border_radius_applies=&#8221;bg&#8221; overflow=&#8221;visible&#8221; overlay_strength=&#8221;0.3&#8243; gradient_direction=&#8221;left_to_right&#8221; shape_divider_position=&#8221;bottom&#8221; bg_image_animation=&#8221;none&#8221; gradient_type=&#8221;default&#8221; shape_type=&#8221;&#8221;][vc_column column_padding=&#8221;no-extra-padding&#8221; column_padding_tablet=&#8221;inherit&#8221; column_padding_phone=&#8221;inherit&#8221; column_padding_position=&#8221;all&#8221; column_element_direction_desktop=&#8221;default&#8221; column_element_spacing=&#8221;default&#8221; desktop_text_alignment=&#8221;default&#8221; tablet_text_alignment=&#8221;default&#8221; phone_text_alignment=&#8221;default&#8221;...","og_url":"https:\/\/ichoosr.com\/es-us\/empleos\/director-de-participacion-comunitaria-3\/","og_site_name":"iChoosr","og_image":[{"width":1696,"height":937,"url":"https:\/\/ichoosr.com\/wp-content\/uploads\/2023\/09\/FI_ichoosr.jpg","type":"image\/jpeg"}],"twitter_card":"summary_large_image","twitter_site":"@UKiChoosr","twitter_misc":{"Est. reading time":"5 minutes"},"schema":{"@context":"https:\/\/schema.org","@graph":[{"@type":"WebPage","@id":"https:\/\/ichoosr.com\/es-us\/empleos\/director-de-participacion-comunitaria-3\/","url":"https:\/\/ichoosr.com\/es-us\/empleos\/director-de-participacion-comunitaria-3\/","name":"Director de Participaci\u00f3n Comunitaria &#8212; iChoosr","isPartOf":{"@id":"https:\/\/ichoosr.com\/es-us\/#website"},"primaryImageOfPage":{"@id":"https:\/\/ichoosr.com\/es-us\/empleos\/director-de-participacion-comunitaria-3\/#primaryimage"},"image":{"@id":"https:\/\/ichoosr.com\/es-us\/empleos\/director-de-participacion-comunitaria-3\/#primaryimage"},"thumbnailUrl":"https:\/\/ichoosr.com\/wp-content\/uploads\/2023\/09\/FI_ichoosr.jpg","datePublished":"2024-05-28T13:17:58+00:00","breadcrumb":{"@id":"https:\/\/ichoosr.com\/es-us\/empleos\/director-de-participacion-comunitaria-3\/#breadcrumb"},"inLanguage":"es-US","potentialAction":[{"@type":"ReadAction","target":["https:\/\/ichoosr.com\/es-us\/empleos\/director-de-participacion-comunitaria-3\/"]}]},{"@type":"ImageObject","inLanguage":"es-US","@id":"https:\/\/ichoosr.com\/es-us\/empleos\/director-de-participacion-comunitaria-3\/#primaryimage","url":"https:\/\/ichoosr.com\/wp-content\/uploads\/2023\/09\/FI_ichoosr.jpg","contentUrl":"https:\/\/ichoosr.com\/wp-content\/uploads\/2023\/09\/FI_ichoosr.jpg","width":1696,"height":937},{"@type":"BreadcrumbList","@id":"https:\/\/ichoosr.com\/es-us\/empleos\/director-de-participacion-comunitaria-3\/#breadcrumb","itemListElement":[{"@type":"ListItem","position":1,"name":"Homepage","item":"https:\/\/ichoosr.com\/es-us\/"},{"@type":"ListItem","position":2,"name":"Empleos","item":"https:\/\/ichoosr.com\/es-us\/empleos\/"},{"@type":"ListItem","position":3,"name":"Director de Participaci\u00f3n Comunitaria"}]},{"@type":"WebSite","@id":"https:\/\/ichoosr.com\/es-us\/#website","url":"https:\/\/ichoosr.com\/es-us\/","name":"iChoosr","description":"Empowering people, energising society.","publisher":{"@id":"https:\/\/ichoosr.com\/es-us\/#organization"},"alternateName":"Empowering people, energising society.","potentialAction":[{"@type":"SearchAction","target":{"@type":"EntryPoint","urlTemplate":"https:\/\/ichoosr.com\/es-us\/?s={search_term_string}"},"query-input":{"@type":"PropertyValueSpecification","valueRequired":true,"valueName":"search_term_string"}}],"inLanguage":"es-US"},{"@type":"Organization","@id":"https:\/\/ichoosr.com\/es-us\/#organization","name":"iChoosr","url":"https:\/\/ichoosr.com\/es-us\/","logo":{"@type":"ImageObject","inLanguage":"es-US","@id":"https:\/\/ichoosr.com\/es-us\/#\/schema\/logo\/image\/","url":"https:\/\/ichoosr.com\/wp-content\/uploads\/2023\/09\/FI_ichoosr.jpg","contentUrl":"https:\/\/ichoosr.com\/wp-content\/uploads\/2023\/09\/FI_ichoosr.jpg","width":1696,"height":937,"caption":"iChoosr"},"image":{"@id":"https:\/\/ichoosr.com\/es-us\/#\/schema\/logo\/image\/"},"sameAs":["https:\/\/x.com\/UKiChoosr"]}]}},"_links":{"self":[{"href":"https:\/\/ichoosr.com\/es-us\/wp-json\/wp\/v2\/pages\/11834","targetHints":{"allow":["GET"]}}],"collection":[{"href":"https:\/\/ichoosr.com\/es-us\/wp-json\/wp\/v2\/pages"}],"about":[{"href":"https:\/\/ichoosr.com\/es-us\/wp-json\/wp\/v2\/types\/page"}],"author":[{"embeddable":true,"href":"https:\/\/ichoosr.com\/es-us\/wp-json\/wp\/v2\/users\/29"}],"replies":[{"embeddable":true,"href":"https:\/\/ichoosr.com\/es-us\/wp-json\/wp\/v2\/comments?post=11834"}],"version-history":[{"count":1,"href":"https:\/\/ichoosr.com\/es-us\/wp-json\/wp\/v2\/pages\/11834\/revisions"}],"predecessor-version":[{"id":11842,"href":"https:\/\/ichoosr.com\/es-us\/wp-json\/wp\/v2\/pages\/11834\/revisions\/11842"}],"up":[{"embeddable":true,"href":"https:\/\/ichoosr.com\/es-us\/wp-json\/wp\/v2\/pages\/7746"}],"wp:featuredmedia":[{"embeddable":true,"href":"https:\/\/ichoosr.com\/es-us\/wp-json\/wp\/v2\/media\/7599"}],"wp:attachment":[{"href":"https:\/\/ichoosr.com\/es-us\/wp-json\/wp\/v2\/media?parent=11834"}],"curies":[{"name":"wp","href":"https:\/\/api.w.org\/{rel}","templated":true}]}}