{"id":16292,"date":"2023-10-04T07:13:02","date_gmt":"2023-10-04T07:13:02","guid":{"rendered":"https:\/\/ichoosr.com\/privacy\/"},"modified":"2025-06-12T09:02:00","modified_gmt":"2025-06-12T09:02:00","slug":"privacy","status":"publish","type":"page","link":"https:\/\/ichoosr.com\/de-de\/privacy\/","title":{"rendered":"Privacy policy"},"content":{"rendered":"[vc_row type=&#8220;in_container&#8220; full_screen_row_position=&#8220;middle&#8220; column_margin=&#8220;default&#8220; column_direction=&#8220;default&#8220; column_direction_tablet=&#8220;default&#8220; column_direction_phone=&#8220;default&#8220; scene_position=&#8220;center&#8220; bottom_padding=&#8220;8%&#8220; bottom_padding_phone=&#8220;8%&#8220; text_color=&#8220;dark&#8220; text_align=&#8220;left&#8220; row_border_radius=&#8220;none&#8220; row_border_radius_applies=&#8220;bg&#8220; overflow=&#8220;visible&#8220; overlay_strength=&#8220;0.3&#8243; gradient_direction=&#8220;left_to_right&#8220; shape_divider_position=&#8220;bottom&#8220; bg_image_animation=&#8220;none&#8220; gradient_type=&#8220;default&#8220; shape_type=&#8220;&#8220;][vc_column column_padding=&#8220;no-extra-padding&#8220; column_padding_tablet=&#8220;inherit&#8220; column_padding_phone=&#8220;inherit&#8220; column_padding_position=&#8220;all&#8220; column_element_direction_desktop=&#8220;default&#8220; column_element_spacing=&#8220;default&#8220; desktop_text_alignment=&#8220;default&#8220; tablet_text_alignment=&#8220;default&#8220; phone_text_alignment=&#8220;default&#8220; background_color_opacity=&#8220;1&#8243; background_hover_color_opacity=&#8220;1&#8243; column_backdrop_filter=&#8220;none&#8220; column_shadow=&#8220;none&#8220; column_border_radius=&#8220;none&#8220; column_link_target=&#8220;_self&#8220; column_position=&#8220;default&#8220; gradient_direction=&#8220;left_to_right&#8220; overlay_strength=&#8220;0.3&#8243; width=&#8220;1\/1&#8243; tablet_width_inherit=&#8220;default&#8220; animation_type=&#8220;default&#8220; enable_animation=&#8220;true&#8220; animation=&#8220;fade-in&#8220; animation_easing=&#8220;easeInQuad&#8220; bg_image_animation=&#8220;none&#8220; border_type=&#8220;simple&#8220; column_border_width=&#8220;none&#8220; column_border_style=&#8220;solid&#8220; column_padding_type=&#8220;default&#8220; gradient_type=&#8220;default&#8220;][vc_column_text css=&#8220;&#8220; text_direction=&#8220;default&#8220;]<strong>Datenschutzerkl\u00e4rung<\/strong><\/p>\n<ol>\n<li><strong>EINLEITUNG<\/strong><\/li>\n<\/ol>\n<p>Wir sind iChoosr Ltd., eine private Gesellschaft mit beschr\u00e4nkter Haftung mit Sitz in der Bakkersstraat 23, 1017 CW Amsterdam, eingetragen unter KvK: 30266372 | USt-IdNr.: NL8210.22.143b01.<\/p>\n<p>iChoosr bem\u00fcht sich, die Privatsph\u00e4re aller Besucher von <a href=\"http:\/\/ichoosr.co.uk\">ichoosr<\/a> den zugeh\u00f6rigen Websites, einschlie\u00dflich, aber nicht beschr\u00e4nkt auf die f\u00fcr kollektive Kaufprogramme von iChoosr entwickelten Websites, zu sch\u00fctzen. Bitte lesen Sie diese Datenschutzerkl\u00e4rung sorgf\u00e4ltig durch, um zu verstehen, zu welchen Zwecken und warum wir die personenbezogenen Daten verwenden, die Sie auf unserer Website hinterlassen oder die Sie \u00fcber unseren Offline-Service \u00fcber eine Gemeinde oder eine von der Gemeinde beauftragte Drittpartei bereitstellen.<\/p>\n<p>Durch den Besuch und die Nutzung der Dienste auf unserer(n) Website(s) oder unseres Offline-Postdienstes stimmen Sie der Erhebung, Nutzung und (begrenzten) Weitergabe Ihrer personenbezogenen Daten wie in dieser Datenschutzerkl\u00e4rung erl\u00e4utert zu.<\/p>\n<ol>\n<li><strong>DEFINITIONEN<\/strong><\/li>\n<\/ol>\n<ul>\n<li><strong>\u201cWir\u201d oder \u201cuns\u201d<\/strong>: iChoosr Ltd., eine private Gesellschaft mit beschr\u00e4nkter Haftung mit Sitz in 58-59 Great Marlborough Street, London, W1F 7JY, eingetragen in England und Wales unter der Nummer 8241539.<\/li>\n<li><strong>\u201cGemeinschaftsleiter\u201d<\/strong>: Ein Mitorganisator der kollektiven Kaufprogramme, wie oben auf den Websites angegeben.<\/li>\n<li><strong>\u201cKollektiver Kauf\u201d<\/strong>: Eine R\u00fcckw\u00e4rtsauktion, bei der Anbieter bieten, um Ihnen (und anderen Teilnehmern) Dienstleistungen bereitzustellen, und bei der Sie die M\u00f6glichkeit haben, Energie vom Anbieter zu kaufen, der die Auktion gewinnt.<\/li>\n<li><strong>\u201cTeilnehmer\u201d<\/strong>: Eine (juristische) Person, deren Anmeldung auf der Website von iChoosr best\u00e4tigt wurde.<\/li>\n<li><strong>\u201cAnbieter\u201d<\/strong>: Ein Energieversorger, der das Produkt oder die Dienstleistung in einem kollektiven Kaufprogramm anbietet.<\/li>\n<li><strong>\u201cGewinnendes Gebot\u201d<\/strong>: Das von iChoosr ausgew\u00e4hlte Gebot, das iChoosr basierend auf Ihren angegebenen Pr\u00e4ferenzen als das beste Angebot f\u00fcr Sie betrachtet.<\/li>\n<li>Alles, was schriftlich ausgedr\u00fcckt wird, umfasst Brief-, E-Mail- und Faxkorrespondenz sowie Genehmigungen, die durch elektronische \u00dcbermittlung \u00fcber das Internet angezeigt werden.<\/li>\n<\/ul>\n<ol>\n<li><strong>VON UNS ERHOBENE PERSONENBEZOGENE DATEN<\/strong><\/li>\n<\/ol>\n<p>Wenn Sie unsere Websites <a href=\"http:\/\/ichoosr.co.uk\">ichoosr<\/a>\u00a0 (die \u201cWebsites\u201d) besuchen oder sich f\u00fcr eines der kollektiven Kaufprogramme auf einer der Websites anmelden oder sich \u00fcber eine Gemeinde oder eine von der Gemeinde beauftragte Drittpartei registrieren, werden Sie m\u00f6glicherweise gebeten, personenbezogene Daten bereitzustellen, einschlie\u00dflich, aber nicht beschr\u00e4nkt auf Ihren Namen, Ihre Adresse und Kontaktdaten (\u201cIhre personenbezogenen Daten\u201d).<\/p>\n<p>Wir k\u00f6nnen auch Informationen (die Ihre personenbezogenen Daten enthalten k\u00f6nnen) dar\u00fcber sammeln, wie Sie die Websites nutzen, sowie personenbezogene Daten in Bezug auf Ihre Teilnahme an den kollektiven Kaufprogrammen, zusammen mit allen personenbezogenen Daten, die Sie uns bei der Kontaktaufnahme per Telefon, E-Mail oder Post im Zusammenhang mit den kollektiven Kaufprogrammen bereitstellen.<\/p>\n<ol>\n<li><strong>WIE WIR IHRE PERSONENBEZOGENEN DATEN VERWENDEN<\/strong><\/li>\n<\/ol>\n<p>Die von Ihnen bereitgestellten personenbezogenen Daten werden f\u00fcr folgende Zwecke verwendet:<\/p>\n<ul>\n<li>Zur Verwaltung der kollektiven Kaufprogramme f\u00fcr die Teilnehmer;<\/li>\n<li>Zur Unterst\u00fctzung unserer Dienstleistungen und zur weiteren Verbesserung und Entwicklung dieser;<\/li>\n<li>Um Sie mit Ihrer Erlaubnis per E-Mail oder Post zu kontaktieren, um Ihre Meinung zu unseren Dienstleistungen zu erfahren;<\/li>\n<li>Um Sie \u00fcber wichtige \u00c4nderungen oder Entwicklungen der Websites oder unserer Dienstleistungen zu informieren;<\/li>\n<li>Um Sie mit Ihrer Erlaubnis per E-Mail, Post oder Telefon zu kontaktieren, um Sie zur Teilnahme an der F\u00f6rderung des Programms zu bitten;<\/li>\n<li>Zur Analyse des Webverkehrs auf unserer Website, um die Benutzererfahrung zu verbessern \u2013 wir verwenden Google Analytics, siehe Abschnitt 5.3 f\u00fcr weitere Informationen;<\/li>\n<li>Mit Ihrer Erlaubnis k\u00f6nnen wir Ihre personenbezogenen Daten verwenden, um Ihnen per E-Mail, Telefon (per SMS) oder Post Informationen \u00fcber unsere anderen Dienstleistungen und Produkte zu senden, die f\u00fcr Sie von Interesse sein k\u00f6nnten. Sie k\u00f6nnen Ihre Einwilligung, von uns auf diese Weise kontaktiert zu werden, jederzeit widerrufen, indem Sie uns \u00fcber die unten angegebenen Kontaktdaten kontaktieren, und wir werden Ihren W\u00fcnschen entsprechen.<\/li>\n<\/ul>\n<ol>\n<li><strong>EINSEHEN UND KORRIGIEREN IHRER PERSONENBEZOGENEN DATEN<\/strong><\/li>\n<\/ol>\n<p>Sie haben das Recht, die von uns \u00fcber Sie gespeicherten personenbezogenen Daten einzusehen und zu korrigieren und\/oder deren L\u00f6schung zu verlangen. Wenn Sie wissen m\u00f6chten, welche personenbezogenen Daten wir \u00fcber Sie gespeichert haben, kontaktieren Sie uns bitte \u00fcber die unten angegebenen Kontaktdaten. Wir werden uns bem\u00fchen, Ihre personenbezogenen Daten innerhalb von vier Wochen nach Erhalt Ihrer Anfrage zu \u00e4ndern oder zu aktualisieren.<\/p>\n<ol>\n<li><strong>WEITERGABE IHRER PERSONENBEZOGENEN DATEN AN DRITTE UND MARKETING<\/strong><\/li>\n<\/ol>\n<ul>\n<li><strong>Gemeinschaftsleiter<\/strong>: Wir werden Ihre personenbezogenen Daten mit dem Gemeinschaftsleiter teilen, mit dem wir das spezifische kollektive Kaufprogramm organisieren, f\u00fcr das Sie sich registrieren, damit dieser wei\u00df, wer teilgenommen hat, und um seine Kontaktdatenbank mit aktuellen Kontaktdaten zu aktualisieren.<\/li>\n<li><strong>Marketing durch den Gemeinschaftsleiter<\/strong>: Der Gemeinschaftsleiter m\u00f6chte Sie m\u00f6glicherweise (per E-Mail, SMS oder Post) kontaktieren, um Sie \u00fcber andere Dienstleistungen\/Produkte zu informieren, die er anbietet und die f\u00fcr Sie von Interesse sein k\u00f6nnten. Wenn Sie solche Marketingmitteilungen nicht erhalten m\u00f6chten, k\u00f6nnen Sie dem widersprechen, indem Sie beim Registrieren das entsprechende K\u00e4stchen ankreuzen. Wenn Sie Ihre Meinung \u00e4ndern, nachdem Sie dem Erhalt solcher Marketingmitteilungen zugestimmt haben, k\u00f6nnen Sie den entsprechenden Gemeinschaftsleiter jederzeit kontaktieren, um Ihren Widerspruch zu \u00e4u\u00dfern, indem Sie die Kontaktdaten im entsprechenden kollektiven Kaufprogramm verwenden.<\/li>\n<li><strong>Gewinnender Anbieter<\/strong>: Mit Ihrer Zustimmung werden wir Ihre personenbezogenen Daten auch mit dem Anbieter mit dem Gewinnenden Gebot teilen, damit dieser Sie direkt in Bezug auf das kollektive Kaufprogramm kontaktieren kann, dem Sie beigetreten sind.<\/li>\n<li>Abgesehen von der Weitergabe Ihrer personenbezogenen Daten an den Gemeinschaftsleiter und den Anbieter mit dem Gewinnenden Gebot, wie oben beschrieben, wird iChoosr Ihre personenbezogenen Daten nicht an andere Dritte weitergeben, es sei denn, Sie haben dem w\u00e4hrend des Registrierungsprozesses ausdr\u00fccklich zugestimmt oder wir sind gesetzlich dazu verpflichtet.<\/li>\n<\/ul>\n<ol>\n<li><strong>SCHUTZ UND SICHERUNG IHRER PERSONENBEZOGENEN DATEN<\/strong><\/li>\n<\/ol>\n<p>Die von Ihnen bereitgestellten personenbezogenen Daten werden auf unseren Servern gespeichert, und wir haben spezifische technologische Sicherungen und Sicherheitsma\u00dfnahmen implementiert, um Ihre personenbezogenen Daten zu sch\u00fctzen. iChoosr h\u00e4lt sich an die von der Regierung jedes Landes, in dem wir t\u00e4tig sind, festgelegten Richtlinien f\u00fcr die Verarbeitung und den Schutz Ihrer personenbezogenen Daten. Gem\u00e4\u00df dem britischen Datenschutzgesetz von 1998 haben wir technologische und organisatorische Ma\u00dfnahmen ergriffen, um eine unbefugte oder rechtswidrige Verarbeitung personenbezogener Daten sowie den versehentlichen Verlust, die Zerst\u00f6rung oder Besch\u00e4digung personenbezogener Daten zu verhindern. Wir sind beim britischen Datenschutzbeauftragten unter der Registrierungsnummer Z3558072 registriert.<\/p>\n<p>Gem\u00e4\u00df dem britischen Datenschutzgesetz von 1998 werden wir Ihre personenbezogenen Daten nicht in ein Land oder Gebiet au\u00dferhalb des EWR \u00fcbertragen, es sei denn, dieses Land oder Gebiet gew\u00e4hrleistet ein angemessenes Schutzniveau f\u00fcr die Rechte und Freiheiten der betroffenen Personen in Bezug auf die Verarbeitung personenbezogener Daten.<\/p>\n<ol>\n<li><strong>\u00c4NDERUNGEN UNSERER DATENSCHUTZERKL\u00c4RUNG<\/strong><\/li>\n<\/ol>\n<p>\u00c4nderungen unserer Datenschutzerkl\u00e4rung werden auf unserer Website ver\u00f6ffentlicht, und wir werden Sie benachrichtigen, indem wir eine E-Mail an die von Ihnen angegebene prim\u00e4re E-Mail-Adresse senden oder einen Brief an die von Ihnen w\u00e4hrend des Offline-Registrierungsprozesses angegebene Postadresse schicken.<\/p>\n<ol>\n<li><strong>KONTAKT<\/strong><\/li>\n<\/ol>\n<p>Wenn Sie Fragen haben oder uns Kommentare oder Anfragen zur Verwendung Ihrer personenbezogenen Daten senden m\u00f6chten, k\u00f6nnen Sie dies per E-Mail oder per Post an unsere registrierte Adresse tun: Bakkersstraat 23, 1017 CW Amsterdam. Bitte geben Sie in Ihrer Korrespondenz Ihren Vor- und Nachnamen, Ihre Adresse, Telefonnummer und, falls m\u00f6glich, Ihre E-Mail-Adresse an.<\/p>\n<p>Wir betreiben ein Beschwerdeverfahren, das wir nutzen werden, um Streitigkeiten zu l\u00f6sen, sobald sie auftreten: Bitte teilen Sie uns mit, wenn Sie Beschwerden oder Kommentare haben. Wenn Ihr Streitfall nicht gel\u00f6st wird, k\u00f6nnen Sie m\u00f6glicherweise die Online-Streitbeilegungsplattform der Europ\u00e4ischen Kommission hier nutzen.[\/vc_column_text][\/vc_column][\/vc_row]\n","protected":false},"excerpt":{"rendered":"<p>[vc_row type=&#8220;in_container&#8220; full_screen_row_position=&#8220;middle&#8220; column_margin=&#8220;default&#8220; column_direction=&#8220;default&#8220; column_direction_tablet=&#8220;default&#8220; column_direction_phone=&#8220;default&#8220; scene_position=&#8220;center&#8220; bottom_padding=&#8220;8%&#8220; bottom_padding_phone=&#8220;8%&#8220; text_color=&#8220;dark&#8220; text_align=&#8220;left&#8220; row_border_radius=&#8220;none&#8220; row_border_radius_applies=&#8220;bg&#8220; overflow=&#8220;visible&#8220; overlay_strength=&#8220;0.3&#8243; gradient_direction=&#8220;left_to_right&#8220; shape_divider_position=&#8220;bottom&#8220; bg_image_animation=&#8220;none&#8220; gradient_type=&#8220;default&#8220; shape_type=&#8220;&#8220;][vc_column column_padding=&#8220;no-extra-padding&#8220; column_padding_tablet=&#8220;inherit&#8220; column_padding_phone=&#8220;inherit&#8220; column_padding_position=&#8220;all&#8220; column_element_direction_desktop=&#8220;default&#8220; column_element_spacing=&#8220;default&#8220; desktop_text_alignment=&#8220;default&#8220; tablet_text_alignment=&#8220;default&#8220; phone_text_alignment=&#8220;default&#8220;&#8230;<\/p>\n","protected":false},"author":25,"featured_media":14328,"parent":0,"menu_order":0,"comment_status":"closed","ping_status":"closed","template":"","meta":{"inline_featured_image":false,"footnotes":""},"class_list":["post-16292","page","type-page","status-publish","has-post-thumbnail"],"yoast_head":"<!-- This site is optimized with the Yoast SEO plugin v27.3 - https:\/\/yoast.com\/product\/yoast-seo-wordpress\/ -->\n<title>Privacy policy &#8212; iChoosr<\/title>\n<meta name=\"robots\" content=\"noindex, nofollow\" \/>\n<meta property=\"og:locale\" content=\"de_DE\" \/>\n<meta property=\"og:type\" content=\"article\" \/>\n<meta property=\"og:title\" content=\"Privacy policy &#8212; iChoosr\" \/>\n<meta property=\"og:description\" content=\"[vc_row type=&#8220;in_container&#8220; full_screen_row_position=&#8220;middle&#8220; column_margin=&#8220;default&#8220; column_direction=&#8220;default&#8220; column_direction_tablet=&#8220;default&#8220; column_direction_phone=&#8220;default&#8220; scene_position=&#8220;center&#8220; bottom_padding=&#8220;8%&#8220; bottom_padding_phone=&#8220;8%&#8220; text_color=&#8220;dark&#8220; text_align=&#8220;left&#8220; row_border_radius=&#8220;none&#8220; row_border_radius_applies=&#8220;bg&#8220; overflow=&#8220;visible&#8220; overlay_strength=&#8220;0.3&#8243; gradient_direction=&#8220;left_to_right&#8220; shape_divider_position=&#8220;bottom&#8220; bg_image_animation=&#8220;none&#8220; gradient_type=&#8220;default&#8220; shape_type=&#8220;&#8220;][vc_column column_padding=&#8220;no-extra-padding&#8220; column_padding_tablet=&#8220;inherit&#8220; column_padding_phone=&#8220;inherit&#8220; column_padding_position=&#8220;all&#8220; column_element_direction_desktop=&#8220;default&#8220; column_element_spacing=&#8220;default&#8220; desktop_text_alignment=&#8220;default&#8220; tablet_text_alignment=&#8220;default&#8220; phone_text_alignment=&#8220;default&#8220;...\" \/>\n<meta property=\"og:url\" content=\"https:\/\/ichoosr.com\/de-de\/privacy\/\" \/>\n<meta property=\"og:site_name\" content=\"iChoosr\" \/>\n<meta property=\"article:modified_time\" content=\"2025-06-12T09:02:00+00:00\" \/>\n<meta property=\"og:image\" content=\"https:\/\/ichoosr.com\/wp-content\/uploads\/2023\/09\/FI_ichoosr.jpg\" \/>\n\t<meta property=\"og:image:width\" content=\"1696\" \/>\n\t<meta property=\"og:image:height\" content=\"937\" \/>\n\t<meta property=\"og:image:type\" content=\"image\/jpeg\" \/>\n<meta name=\"twitter:card\" content=\"summary_large_image\" \/>\n<meta name=\"twitter:site\" content=\"@UKiChoosr\" \/>\n<meta name=\"twitter:label1\" content=\"Gesch\u00e4tzte Lesezeit\" \/>\n\t<meta name=\"twitter:data1\" content=\"6\u00a0Minuten\" \/>\n<script type=\"application\/ld+json\" class=\"yoast-schema-graph\">{\"@context\":\"https:\\\/\\\/schema.org\",\"@graph\":[{\"@type\":\"WebPage\",\"@id\":\"https:\\\/\\\/ichoosr.com\\\/de-de\\\/privacy\\\/\",\"url\":\"https:\\\/\\\/ichoosr.com\\\/de-de\\\/privacy\\\/\",\"name\":\"Privacy policy &#8212; iChoosr\",\"isPartOf\":{\"@id\":\"https:\\\/\\\/ichoosr.com\\\/de-de\\\/#website\"},\"primaryImageOfPage\":{\"@id\":\"https:\\\/\\\/ichoosr.com\\\/de-de\\\/privacy\\\/#primaryimage\"},\"image\":{\"@id\":\"https:\\\/\\\/ichoosr.com\\\/de-de\\\/privacy\\\/#primaryimage\"},\"thumbnailUrl\":\"https:\\\/\\\/ichoosr.com\\\/wp-content\\\/uploads\\\/2023\\\/09\\\/FI_ichoosr.jpg\",\"datePublished\":\"2023-10-04T07:13:02+00:00\",\"dateModified\":\"2025-06-12T09:02:00+00:00\",\"breadcrumb\":{\"@id\":\"https:\\\/\\\/ichoosr.com\\\/de-de\\\/privacy\\\/#breadcrumb\"},\"inLanguage\":\"de\",\"potentialAction\":[{\"@type\":\"ReadAction\",\"target\":[\"https:\\\/\\\/ichoosr.com\\\/de-de\\\/privacy\\\/\"]}]},{\"@type\":\"ImageObject\",\"inLanguage\":\"de\",\"@id\":\"https:\\\/\\\/ichoosr.com\\\/de-de\\\/privacy\\\/#primaryimage\",\"url\":\"https:\\\/\\\/ichoosr.com\\\/wp-content\\\/uploads\\\/2023\\\/09\\\/FI_ichoosr.jpg\",\"contentUrl\":\"https:\\\/\\\/ichoosr.com\\\/wp-content\\\/uploads\\\/2023\\\/09\\\/FI_ichoosr.jpg\",\"width\":1696,\"height\":937},{\"@type\":\"BreadcrumbList\",\"@id\":\"https:\\\/\\\/ichoosr.com\\\/de-de\\\/privacy\\\/#breadcrumb\",\"itemListElement\":[{\"@type\":\"ListItem\",\"position\":1,\"name\":\"Homepage\",\"item\":\"https:\\\/\\\/ichoosr.com\\\/de-de\\\/\"},{\"@type\":\"ListItem\",\"position\":2,\"name\":\"Privacy policy\"}]},{\"@type\":\"WebSite\",\"@id\":\"https:\\\/\\\/ichoosr.com\\\/de-de\\\/#website\",\"url\":\"https:\\\/\\\/ichoosr.com\\\/de-de\\\/\",\"name\":\"iChoosr\",\"description\":\"Empowering people, energising society.\",\"publisher\":{\"@id\":\"https:\\\/\\\/ichoosr.com\\\/de-de\\\/#organization\"},\"alternateName\":\"Empowering people, energising society.\",\"potentialAction\":[{\"@type\":\"SearchAction\",\"target\":{\"@type\":\"EntryPoint\",\"urlTemplate\":\"https:\\\/\\\/ichoosr.com\\\/de-de\\\/?s={search_term_string}\"},\"query-input\":{\"@type\":\"PropertyValueSpecification\",\"valueRequired\":true,\"valueName\":\"search_term_string\"}}],\"inLanguage\":\"de\"},{\"@type\":\"Organization\",\"@id\":\"https:\\\/\\\/ichoosr.com\\\/de-de\\\/#organization\",\"name\":\"iChoosr\",\"url\":\"https:\\\/\\\/ichoosr.com\\\/de-de\\\/\",\"logo\":{\"@type\":\"ImageObject\",\"inLanguage\":\"de\",\"@id\":\"https:\\\/\\\/ichoosr.com\\\/de-de\\\/#\\\/schema\\\/logo\\\/image\\\/\",\"url\":\"https:\\\/\\\/ichoosr.com\\\/wp-content\\\/uploads\\\/2023\\\/09\\\/FI_ichoosr.jpg\",\"contentUrl\":\"https:\\\/\\\/ichoosr.com\\\/wp-content\\\/uploads\\\/2023\\\/09\\\/FI_ichoosr.jpg\",\"width\":1696,\"height\":937,\"caption\":\"iChoosr\"},\"image\":{\"@id\":\"https:\\\/\\\/ichoosr.com\\\/de-de\\\/#\\\/schema\\\/logo\\\/image\\\/\"},\"sameAs\":[\"https:\\\/\\\/x.com\\\/UKiChoosr\"]}]}<\/script>\n<!-- \/ Yoast SEO plugin. -->","yoast_head_json":{"title":"Privacy policy &#8212; iChoosr","robots":{"index":"noindex","follow":"nofollow"},"og_locale":"de_DE","og_type":"article","og_title":"Privacy policy &#8212; iChoosr","og_description":"[vc_row type=&#8220;in_container&#8220; full_screen_row_position=&#8220;middle&#8220; column_margin=&#8220;default&#8220; column_direction=&#8220;default&#8220; column_direction_tablet=&#8220;default&#8220; column_direction_phone=&#8220;default&#8220; scene_position=&#8220;center&#8220; bottom_padding=&#8220;8%&#8220; bottom_padding_phone=&#8220;8%&#8220; text_color=&#8220;dark&#8220; text_align=&#8220;left&#8220; row_border_radius=&#8220;none&#8220; row_border_radius_applies=&#8220;bg&#8220; overflow=&#8220;visible&#8220; overlay_strength=&#8220;0.3&#8243; gradient_direction=&#8220;left_to_right&#8220; shape_divider_position=&#8220;bottom&#8220; bg_image_animation=&#8220;none&#8220; gradient_type=&#8220;default&#8220; shape_type=&#8220;&#8220;][vc_column column_padding=&#8220;no-extra-padding&#8220; column_padding_tablet=&#8220;inherit&#8220; column_padding_phone=&#8220;inherit&#8220; column_padding_position=&#8220;all&#8220; column_element_direction_desktop=&#8220;default&#8220; column_element_spacing=&#8220;default&#8220; desktop_text_alignment=&#8220;default&#8220; tablet_text_alignment=&#8220;default&#8220; phone_text_alignment=&#8220;default&#8220;...","og_url":"https:\/\/ichoosr.com\/de-de\/privacy\/","og_site_name":"iChoosr","article_modified_time":"2025-06-12T09:02:00+00:00","og_image":[{"width":1696,"height":937,"url":"https:\/\/ichoosr.com\/wp-content\/uploads\/2023\/09\/FI_ichoosr.jpg","type":"image\/jpeg"}],"twitter_card":"summary_large_image","twitter_site":"@UKiChoosr","twitter_misc":{"Gesch\u00e4tzte Lesezeit":"6\u00a0Minuten"},"schema":{"@context":"https:\/\/schema.org","@graph":[{"@type":"WebPage","@id":"https:\/\/ichoosr.com\/de-de\/privacy\/","url":"https:\/\/ichoosr.com\/de-de\/privacy\/","name":"Privacy policy &#8212; iChoosr","isPartOf":{"@id":"https:\/\/ichoosr.com\/de-de\/#website"},"primaryImageOfPage":{"@id":"https:\/\/ichoosr.com\/de-de\/privacy\/#primaryimage"},"image":{"@id":"https:\/\/ichoosr.com\/de-de\/privacy\/#primaryimage"},"thumbnailUrl":"https:\/\/ichoosr.com\/wp-content\/uploads\/2023\/09\/FI_ichoosr.jpg","datePublished":"2023-10-04T07:13:02+00:00","dateModified":"2025-06-12T09:02:00+00:00","breadcrumb":{"@id":"https:\/\/ichoosr.com\/de-de\/privacy\/#breadcrumb"},"inLanguage":"de","potentialAction":[{"@type":"ReadAction","target":["https:\/\/ichoosr.com\/de-de\/privacy\/"]}]},{"@type":"ImageObject","inLanguage":"de","@id":"https:\/\/ichoosr.com\/de-de\/privacy\/#primaryimage","url":"https:\/\/ichoosr.com\/wp-content\/uploads\/2023\/09\/FI_ichoosr.jpg","contentUrl":"https:\/\/ichoosr.com\/wp-content\/uploads\/2023\/09\/FI_ichoosr.jpg","width":1696,"height":937},{"@type":"BreadcrumbList","@id":"https:\/\/ichoosr.com\/de-de\/privacy\/#breadcrumb","itemListElement":[{"@type":"ListItem","position":1,"name":"Homepage","item":"https:\/\/ichoosr.com\/de-de\/"},{"@type":"ListItem","position":2,"name":"Privacy policy"}]},{"@type":"WebSite","@id":"https:\/\/ichoosr.com\/de-de\/#website","url":"https:\/\/ichoosr.com\/de-de\/","name":"iChoosr","description":"Empowering people, energising society.","publisher":{"@id":"https:\/\/ichoosr.com\/de-de\/#organization"},"alternateName":"Empowering people, energising society.","potentialAction":[{"@type":"SearchAction","target":{"@type":"EntryPoint","urlTemplate":"https:\/\/ichoosr.com\/de-de\/?s={search_term_string}"},"query-input":{"@type":"PropertyValueSpecification","valueRequired":true,"valueName":"search_term_string"}}],"inLanguage":"de"},{"@type":"Organization","@id":"https:\/\/ichoosr.com\/de-de\/#organization","name":"iChoosr","url":"https:\/\/ichoosr.com\/de-de\/","logo":{"@type":"ImageObject","inLanguage":"de","@id":"https:\/\/ichoosr.com\/de-de\/#\/schema\/logo\/image\/","url":"https:\/\/ichoosr.com\/wp-content\/uploads\/2023\/09\/FI_ichoosr.jpg","contentUrl":"https:\/\/ichoosr.com\/wp-content\/uploads\/2023\/09\/FI_ichoosr.jpg","width":1696,"height":937,"caption":"iChoosr"},"image":{"@id":"https:\/\/ichoosr.com\/de-de\/#\/schema\/logo\/image\/"},"sameAs":["https:\/\/x.com\/UKiChoosr"]}]}},"_links":{"self":[{"href":"https:\/\/ichoosr.com\/de-de\/wp-json\/wp\/v2\/pages\/16292","targetHints":{"allow":["GET"]}}],"collection":[{"href":"https:\/\/ichoosr.com\/de-de\/wp-json\/wp\/v2\/pages"}],"about":[{"href":"https:\/\/ichoosr.com\/de-de\/wp-json\/wp\/v2\/types\/page"}],"author":[{"embeddable":true,"href":"https:\/\/ichoosr.com\/de-de\/wp-json\/wp\/v2\/users\/25"}],"replies":[{"embeddable":true,"href":"https:\/\/ichoosr.com\/de-de\/wp-json\/wp\/v2\/comments?post=16292"}],"version-history":[{"count":2,"href":"https:\/\/ichoosr.com\/de-de\/wp-json\/wp\/v2\/pages\/16292\/revisions"}],"predecessor-version":[{"id":16299,"href":"https:\/\/ichoosr.com\/de-de\/wp-json\/wp\/v2\/pages\/16292\/revisions\/16299"}],"wp:featuredmedia":[{"embeddable":true,"href":"https:\/\/ichoosr.com\/de-de\/wp-json\/wp\/v2\/media\/14328"}],"wp:attachment":[{"href":"https:\/\/ichoosr.com\/de-de\/wp-json\/wp\/v2\/media?parent=16292"}],"curies":[{"name":"wp","href":"https:\/\/api.w.org\/{rel}","templated":true}]}}