{"id":16900,"date":"2023-10-05T14:25:15","date_gmt":"2023-10-05T14:25:15","guid":{"rendered":"https:\/\/ichoosr.com\/cookie-policy\/"},"modified":"2023-10-05T14:25:15","modified_gmt":"2023-10-05T14:25:15","slug":"cookie-policy","status":"publish","type":"page","link":"https:\/\/ichoosr.com\/de-at\/cookie-policy\/","title":{"rendered":"Cookie policy"},"content":{"rendered":"[vc_row type=&#8220;in_container&#8220; full_screen_row_position=&#8220;middle&#8220; column_margin=&#8220;default&#8220; column_direction=&#8220;default&#8220; column_direction_tablet=&#8220;default&#8220; column_direction_phone=&#8220;default&#8220; scene_position=&#8220;center&#8220; bottom_padding=&#8220;8%&#8220; bottom_padding_phone=&#8220;8%&#8220; text_color=&#8220;dark&#8220; text_align=&#8220;left&#8220; row_border_radius=&#8220;none&#8220; row_border_radius_applies=&#8220;bg&#8220; overflow=&#8220;visible&#8220; overlay_strength=&#8220;0.3&#8243; gradient_direction=&#8220;left_to_right&#8220; shape_divider_position=&#8220;bottom&#8220; bg_image_animation=&#8220;none&#8220; gradient_type=&#8220;default&#8220; shape_type=&#8220;&#8220;][vc_column column_padding=&#8220;no-extra-padding&#8220; column_padding_tablet=&#8220;inherit&#8220; column_padding_phone=&#8220;inherit&#8220; column_padding_position=&#8220;all&#8220; column_element_direction_desktop=&#8220;default&#8220; column_element_spacing=&#8220;default&#8220; desktop_text_alignment=&#8220;default&#8220; tablet_text_alignment=&#8220;default&#8220; phone_text_alignment=&#8220;default&#8220; background_color_opacity=&#8220;1&#8243; background_hover_color_opacity=&#8220;1&#8243; column_backdrop_filter=&#8220;none&#8220; column_shadow=&#8220;none&#8220; column_border_radius=&#8220;none&#8220; column_link_target=&#8220;_self&#8220; column_position=&#8220;default&#8220; gradient_direction=&#8220;left_to_right&#8220; overlay_strength=&#8220;0.3&#8243; width=&#8220;1\/1&#8243; tablet_width_inherit=&#8220;default&#8220; animation_type=&#8220;default&#8220; enable_animation=&#8220;true&#8220; animation=&#8220;fade-in&#8220; animation_easing=&#8220;easeInQuad&#8220; bg_image_animation=&#8220;none&#8220; border_type=&#8220;simple&#8220; column_border_width=&#8220;none&#8220; column_border_style=&#8220;solid&#8220; column_padding_type=&#8220;default&#8220; gradient_type=&#8220;default&#8220;][vc_column_text css=&#8220;&#8220; text_direction=&#8220;default&#8220;]<strong>Cookie-Richtlinie<\/strong><\/p>\n<p><strong>Einleitung<\/strong><\/p>\n<p>Wenn Sie unsere Website besuchen, speichern wir kleine Datenst\u00fccke, sogenannte Cookies, auf Ihrem Computer oder mobilen Ger\u00e4t. Diese Cookies helfen uns, Ihre Pr\u00e4ferenzen und Aktionen, wie Anmeldedaten oder Sprachauswahl, zu merken, um Ihre zuk\u00fcnftige Nutzungserfahrung auf unserer Website zu verbessern. Zus\u00e4tzlich k\u00f6nnen Cookies zur Analyse von Benutzeraktivit\u00e4ten oder f\u00fcr gezielte Werbung eingesetzt werden. Wir informieren Sie \u00fcber die Arten von Cookies, die wir verwenden, deren Zwecke und ob Ihre Zustimmung erforderlich ist.<\/p>\n<p><strong>Funktionale Cookies<\/strong><\/p>\n<p>Funktionale Cookies sind entscheidend f\u00fcr das ordnungsgem\u00e4\u00dfe Funktionieren unserer Website. Sie erm\u00f6glichen beispielsweise die korrekte Anzeige von Videos. Diese Cookies k\u00f6nnen ohne Ihre Zustimmung gesetzt werden.<\/p>\n<p><strong>Analytische Cookies\/Tags<\/strong><\/p>\n<p>Analytische Cookies helfen uns, Daten dar\u00fcber zu sammeln, wie Besucher mit unserer Website interagieren. Sie liefern Statistiken \u00fcber Aspekte wie die H\u00e4ufigkeit der Besuche, die am h\u00e4ufigsten angeklickten Seiten und die Einstiegsseite.<\/p>\n<p>Wir nutzen Tools wie Google Ads Conversion, Bing Tags, Google Tag Manager und Google Analytics zu diesem Zweck. Die gesammelten Daten werden von Google in den USA gespeichert. Wenn gesetzlich vorgeschrieben, kann Google diese Informationen an Dritte weitergeben. Zum Schutz Ihrer Privatsph\u00e4re haben wir eine Datenverarbeitungsvereinbarung mit Google, anonymisieren das letzte Segment der IP-Adressen und beschr\u00e4nken Google darauf, die gesammelten Daten nicht f\u00fcr andere Dienste zu verwenden.<\/p>\n<p><strong>A\/B-Test-Cookies<\/strong><\/p>\n<p>Beim A\/B-Testing zeigen wir zwei verschiedene Versionen (Version A und Version B) unserer Website. Wir verwenden Cookies, um zu bestimmen, welche Version am effektivsten ist. Wir setzen zu diesem Zweck ein A\/B-Test-Cookie mit Visual Website Optimiser. Ihre Zustimmung ist hierf\u00fcr erforderlich.<\/p>\n<p><strong>Tracking-\/Remarketing-Cookies<\/strong><\/p>\n<p>Diese Cookies \u00fcberwachen Ihr Online-Verhalten, um Werbung entsprechend Ihren Pr\u00e4ferenzen zu optimieren und um Sie au\u00dferhalb unserer Website erneut anzusprechen. Zu diesem Zweck werden Profile erstellt. Wenn Sie diesen Cookies zustimmen, k\u00f6nnen Dritte wie Facebook und Google ebenfalls auf die gesammelten Informationen zugreifen. Wir verwenden Cookies von Facebook Pixel, Facebook Custom Audience, Google Ads Remarketing und Conversion sowie Adform. Da diese Cookies Ihre Privatsph\u00e4re betreffen, ben\u00f6tigen wir Ihre Zustimmung, um sie zu verwenden.<\/p>\n<p><strong>Datenschutzerkl\u00e4rungen Dritter<\/strong><\/p>\n<p>Wenn Sie daran interessiert sind, wie die genannten Dritten mit Ihrer Privatsph\u00e4re umgehen, k\u00f6nnen Sie die Datenschutzerkl\u00e4rung von Google Analytics <a href=\"https:\/\/policies.google.com\/privacy?hl=en-GB\">hier<\/a> einsehen.<\/p>\n<p>Die Datenschutzerkl\u00e4rung von Facebook finden Sie <a href=\"https:\/\/www.facebook.com\/privacy\/policy\/?entry_point=data_policy_redirect&amp;entry=0\">hier<\/a>.<\/p>\n<p>Die Datenschutzerkl\u00e4rung von Google Ads finden Sie <a href=\"https:\/\/policies.google.com\/technologies\/ads?hl=en-GB\">hier<\/a>.<\/p>\n<p>Diese Erkl\u00e4rungen \u00e4ndern sich regelm\u00e4\u00dfig. Um auf dem Laufenden zu bleiben, \u00fcberpr\u00fcfen Sie diese Erkl\u00e4rungen bitte h\u00e4ufig.<\/p>\n<p><strong>M\u00f6chten Sie Keine Cookies Akzeptieren?<\/strong><\/p>\n<p>Sie k\u00f6nnen alle Cookies \u00fcber Ihre Browsereinstellungen blockieren, aber beachten Sie, dass unsere Website m\u00f6glicherweise nicht optimal funktioniert. Wir empfehlen, nur unerw\u00fcnschte Cookies selektiv \u00fcber Ihre Browsereinstellungen zu deaktivieren. Wenn Sie mehrere Ger\u00e4te und\/oder Browser verwenden, m\u00fcssen Sie diese Aktion f\u00fcr jede Kombination wiederholen.<\/p>\n<p>Sie k\u00f6nnen auch alle zuvor gespeicherten Informationen \u00fcber Ihre Browsereinstellungen entfernen.<\/p>\n<p><strong>\u00c4nderungen<\/strong><\/p>\n<p>Diese Cookie-Richtlinie kann sich \u00e4ndern. Bitte \u00fcberpr\u00fcfen Sie diese Erkl\u00e4rung regelm\u00e4\u00dfig. Bei Fragen oder Bedenken bez\u00fcglich unserer Cookie-Richtlinie kontaktieren Sie bitte unseren Datenschutz- und Sicherheitsbeauftragten, Marc Fielmich, unter <a href=\"mailto:privacy@ichoosr.com\">privacy@ichoosr.com<\/a>.[\/vc_column_text][\/vc_column][\/vc_row][vc_row type=&#8220;in_container&#8220; full_screen_row_position=&#8220;middle&#8220; column_margin=&#8220;default&#8220; column_direction=&#8220;default&#8220; column_direction_tablet=&#8220;default&#8220; column_direction_phone=&#8220;default&#8220; scene_position=&#8220;center&#8220; text_color=&#8220;dark&#8220; text_align=&#8220;left&#8220; row_border_radius=&#8220;none&#8220; row_border_radius_applies=&#8220;bg&#8220; overflow=&#8220;visible&#8220; overlay_strength=&#8220;0.3&#8243; gradient_direction=&#8220;left_to_right&#8220; shape_divider_position=&#8220;bottom&#8220; bg_image_animation=&#8220;none&#8220;][vc_column column_padding=&#8220;no-extra-padding&#8220; column_padding_tablet=&#8220;inherit&#8220; column_padding_phone=&#8220;inherit&#8220; column_padding_position=&#8220;all&#8220; column_element_direction_desktop=&#8220;default&#8220; column_element_spacing=&#8220;default&#8220; desktop_text_alignment=&#8220;default&#8220; tablet_text_alignment=&#8220;default&#8220; phone_text_alignment=&#8220;default&#8220; background_color_opacity=&#8220;1&#8243; background_hover_color_opacity=&#8220;1&#8243; column_backdrop_filter=&#8220;none&#8220; column_shadow=&#8220;none&#8220; column_border_radius=&#8220;none&#8220; column_link_target=&#8220;_self&#8220; column_position=&#8220;default&#8220; gradient_direction=&#8220;left_to_right&#8220; overlay_strength=&#8220;0.3&#8243; width=&#8220;1\/1&#8243; tablet_width_inherit=&#8220;default&#8220; animation_type=&#8220;default&#8220; bg_image_animation=&#8220;none&#8220; border_type=&#8220;simple&#8220; column_border_width=&#8220;none&#8220; column_border_style=&#8220;solid&#8220;][vc_raw_html]JTNDJTIxLS0lMjBPbmVUcnVzdCUyMENvb2tpZXMlMjBMaXN0JTIwc3RhcnQlMjAtLSUzRSUwQSUzQ2RpdiUyMGlkJTNEJTIyb3Qtc2RrLWNvb2tpZS1wb2xpY3klMjIlM0UlM0MlMkZkaXYlM0UlMEElM0MlMjEtLSUyME9uZVRydXN0JTIwQ29va2llcyUyMExpc3QlMjBlbmQlMjAtLSUzRQ==[\/vc_raw_html][\/vc_column][\/vc_row]\n","protected":false},"excerpt":{"rendered":"<p>[vc_row type=&#8220;in_container&#8220; full_screen_row_position=&#8220;middle&#8220; column_margin=&#8220;default&#8220; column_direction=&#8220;default&#8220; column_direction_tablet=&#8220;default&#8220; column_direction_phone=&#8220;default&#8220; scene_position=&#8220;center&#8220; bottom_padding=&#8220;8%&#8220; bottom_padding_phone=&#8220;8%&#8220; text_color=&#8220;dark&#8220; text_align=&#8220;left&#8220; row_border_radius=&#8220;none&#8220; row_border_radius_applies=&#8220;bg&#8220; overflow=&#8220;visible&#8220; overlay_strength=&#8220;0.3&#8243; gradient_direction=&#8220;left_to_right&#8220; shape_divider_position=&#8220;bottom&#8220; bg_image_animation=&#8220;none&#8220; gradient_type=&#8220;default&#8220; shape_type=&#8220;&#8220;][vc_column column_padding=&#8220;no-extra-padding&#8220; column_padding_tablet=&#8220;inherit&#8220; column_padding_phone=&#8220;inherit&#8220; column_padding_position=&#8220;all&#8220; column_element_direction_desktop=&#8220;default&#8220; column_element_spacing=&#8220;default&#8220; desktop_text_alignment=&#8220;default&#8220; tablet_text_alignment=&#8220;default&#8220; phone_text_alignment=&#8220;default&#8220;&#8230;<\/p>\n","protected":false},"author":25,"featured_media":16786,"parent":0,"menu_order":0,"comment_status":"closed","ping_status":"closed","template":"","meta":{"inline_featured_image":false,"footnotes":""},"class_list":["post-16900","page","type-page","status-publish","has-post-thumbnail"],"yoast_head":"<!-- This site is optimized with the Yoast SEO plugin v27.3 - https:\/\/yoast.com\/product\/yoast-seo-wordpress\/ -->\n<title>Cookie policy &#8212; iChoosr<\/title>\n<meta name=\"robots\" content=\"noindex, nofollow\" \/>\n<meta property=\"og:locale\" content=\"de_DE\" \/>\n<meta property=\"og:type\" content=\"article\" \/>\n<meta property=\"og:title\" content=\"Cookie policy &#8212; iChoosr\" \/>\n<meta property=\"og:description\" content=\"[vc_row type=&#8220;in_container&#8220; full_screen_row_position=&#8220;middle&#8220; column_margin=&#8220;default&#8220; column_direction=&#8220;default&#8220; column_direction_tablet=&#8220;default&#8220; column_direction_phone=&#8220;default&#8220; scene_position=&#8220;center&#8220; bottom_padding=&#8220;8%&#8220; bottom_padding_phone=&#8220;8%&#8220; text_color=&#8220;dark&#8220; text_align=&#8220;left&#8220; row_border_radius=&#8220;none&#8220; row_border_radius_applies=&#8220;bg&#8220; overflow=&#8220;visible&#8220; overlay_strength=&#8220;0.3&#8243; gradient_direction=&#8220;left_to_right&#8220; shape_divider_position=&#8220;bottom&#8220; bg_image_animation=&#8220;none&#8220; gradient_type=&#8220;default&#8220; shape_type=&#8220;&#8220;][vc_column column_padding=&#8220;no-extra-padding&#8220; column_padding_tablet=&#8220;inherit&#8220; column_padding_phone=&#8220;inherit&#8220; column_padding_position=&#8220;all&#8220; column_element_direction_desktop=&#8220;default&#8220; column_element_spacing=&#8220;default&#8220; desktop_text_alignment=&#8220;default&#8220; tablet_text_alignment=&#8220;default&#8220; phone_text_alignment=&#8220;default&#8220;...\" \/>\n<meta property=\"og:url\" content=\"https:\/\/ichoosr.com\/de-at\/cookie-policy\/\" \/>\n<meta property=\"og:site_name\" content=\"iChoosr\" \/>\n<meta property=\"og:image\" content=\"https:\/\/ichoosr.com\/wp-content\/uploads\/2023\/09\/FI_ichoosr.jpg\" \/>\n\t<meta property=\"og:image:width\" content=\"1696\" \/>\n\t<meta property=\"og:image:height\" content=\"937\" \/>\n\t<meta property=\"og:image:type\" content=\"image\/jpeg\" \/>\n<meta name=\"twitter:card\" content=\"summary_large_image\" \/>\n<meta name=\"twitter:site\" content=\"@UKiChoosr\" \/>\n<meta name=\"twitter:label1\" content=\"Gesch\u00e4tzte Lesezeit\" \/>\n\t<meta name=\"twitter:data1\" content=\"3 Minuten\" \/>\n<script type=\"application\/ld+json\" class=\"yoast-schema-graph\">{\"@context\":\"https:\\\/\\\/schema.org\",\"@graph\":[{\"@type\":\"WebPage\",\"@id\":\"https:\\\/\\\/ichoosr.com\\\/de-at\\\/cookie-policy\\\/\",\"url\":\"https:\\\/\\\/ichoosr.com\\\/de-at\\\/cookie-policy\\\/\",\"name\":\"Cookie policy &#8212; iChoosr\",\"isPartOf\":{\"@id\":\"https:\\\/\\\/ichoosr.com\\\/de-at\\\/#website\"},\"primaryImageOfPage\":{\"@id\":\"https:\\\/\\\/ichoosr.com\\\/de-at\\\/cookie-policy\\\/#primaryimage\"},\"image\":{\"@id\":\"https:\\\/\\\/ichoosr.com\\\/de-at\\\/cookie-policy\\\/#primaryimage\"},\"thumbnailUrl\":\"https:\\\/\\\/ichoosr.com\\\/wp-content\\\/uploads\\\/2023\\\/09\\\/FI_ichoosr.jpg\",\"datePublished\":\"2023-10-05T14:25:15+00:00\",\"breadcrumb\":{\"@id\":\"https:\\\/\\\/ichoosr.com\\\/de-at\\\/cookie-policy\\\/#breadcrumb\"},\"inLanguage\":\"de-AT\",\"potentialAction\":[{\"@type\":\"ReadAction\",\"target\":[\"https:\\\/\\\/ichoosr.com\\\/de-at\\\/cookie-policy\\\/\"]}]},{\"@type\":\"ImageObject\",\"inLanguage\":\"de-AT\",\"@id\":\"https:\\\/\\\/ichoosr.com\\\/de-at\\\/cookie-policy\\\/#primaryimage\",\"url\":\"https:\\\/\\\/ichoosr.com\\\/wp-content\\\/uploads\\\/2023\\\/09\\\/FI_ichoosr.jpg\",\"contentUrl\":\"https:\\\/\\\/ichoosr.com\\\/wp-content\\\/uploads\\\/2023\\\/09\\\/FI_ichoosr.jpg\",\"width\":1696,\"height\":937},{\"@type\":\"BreadcrumbList\",\"@id\":\"https:\\\/\\\/ichoosr.com\\\/de-at\\\/cookie-policy\\\/#breadcrumb\",\"itemListElement\":[{\"@type\":\"ListItem\",\"position\":1,\"name\":\"Homepage\",\"item\":\"https:\\\/\\\/ichoosr.com\\\/de-at\\\/\"},{\"@type\":\"ListItem\",\"position\":2,\"name\":\"Cookie policy\"}]},{\"@type\":\"WebSite\",\"@id\":\"https:\\\/\\\/ichoosr.com\\\/de-at\\\/#website\",\"url\":\"https:\\\/\\\/ichoosr.com\\\/de-at\\\/\",\"name\":\"iChoosr\",\"description\":\"Empowering people, energising society.\",\"publisher\":{\"@id\":\"https:\\\/\\\/ichoosr.com\\\/de-at\\\/#organization\"},\"alternateName\":\"Empowering people, energising society.\",\"potentialAction\":[{\"@type\":\"SearchAction\",\"target\":{\"@type\":\"EntryPoint\",\"urlTemplate\":\"https:\\\/\\\/ichoosr.com\\\/de-at\\\/?s={search_term_string}\"},\"query-input\":{\"@type\":\"PropertyValueSpecification\",\"valueRequired\":true,\"valueName\":\"search_term_string\"}}],\"inLanguage\":\"de-AT\"},{\"@type\":\"Organization\",\"@id\":\"https:\\\/\\\/ichoosr.com\\\/de-at\\\/#organization\",\"name\":\"iChoosr\",\"url\":\"https:\\\/\\\/ichoosr.com\\\/de-at\\\/\",\"logo\":{\"@type\":\"ImageObject\",\"inLanguage\":\"de-AT\",\"@id\":\"https:\\\/\\\/ichoosr.com\\\/de-at\\\/#\\\/schema\\\/logo\\\/image\\\/\",\"url\":\"https:\\\/\\\/ichoosr.com\\\/wp-content\\\/uploads\\\/2023\\\/09\\\/FI_ichoosr.jpg\",\"contentUrl\":\"https:\\\/\\\/ichoosr.com\\\/wp-content\\\/uploads\\\/2023\\\/09\\\/FI_ichoosr.jpg\",\"width\":1696,\"height\":937,\"caption\":\"iChoosr\"},\"image\":{\"@id\":\"https:\\\/\\\/ichoosr.com\\\/de-at\\\/#\\\/schema\\\/logo\\\/image\\\/\"},\"sameAs\":[\"https:\\\/\\\/x.com\\\/UKiChoosr\"]}]}<\/script>\n<!-- \/ Yoast SEO plugin. -->","yoast_head_json":{"title":"Cookie policy &#8212; iChoosr","robots":{"index":"noindex","follow":"nofollow"},"og_locale":"de_DE","og_type":"article","og_title":"Cookie policy &#8212; iChoosr","og_description":"[vc_row type=&#8220;in_container&#8220; full_screen_row_position=&#8220;middle&#8220; column_margin=&#8220;default&#8220; column_direction=&#8220;default&#8220; column_direction_tablet=&#8220;default&#8220; column_direction_phone=&#8220;default&#8220; scene_position=&#8220;center&#8220; bottom_padding=&#8220;8%&#8220; bottom_padding_phone=&#8220;8%&#8220; text_color=&#8220;dark&#8220; text_align=&#8220;left&#8220; row_border_radius=&#8220;none&#8220; row_border_radius_applies=&#8220;bg&#8220; overflow=&#8220;visible&#8220; overlay_strength=&#8220;0.3&#8243; gradient_direction=&#8220;left_to_right&#8220; shape_divider_position=&#8220;bottom&#8220; bg_image_animation=&#8220;none&#8220; gradient_type=&#8220;default&#8220; shape_type=&#8220;&#8220;][vc_column column_padding=&#8220;no-extra-padding&#8220; column_padding_tablet=&#8220;inherit&#8220; column_padding_phone=&#8220;inherit&#8220; column_padding_position=&#8220;all&#8220; column_element_direction_desktop=&#8220;default&#8220; column_element_spacing=&#8220;default&#8220; desktop_text_alignment=&#8220;default&#8220; tablet_text_alignment=&#8220;default&#8220; phone_text_alignment=&#8220;default&#8220;...","og_url":"https:\/\/ichoosr.com\/de-at\/cookie-policy\/","og_site_name":"iChoosr","og_image":[{"width":1696,"height":937,"url":"https:\/\/ichoosr.com\/wp-content\/uploads\/2023\/09\/FI_ichoosr.jpg","type":"image\/jpeg"}],"twitter_card":"summary_large_image","twitter_site":"@UKiChoosr","twitter_misc":{"Gesch\u00e4tzte Lesezeit":"3 Minuten"},"schema":{"@context":"https:\/\/schema.org","@graph":[{"@type":"WebPage","@id":"https:\/\/ichoosr.com\/de-at\/cookie-policy\/","url":"https:\/\/ichoosr.com\/de-at\/cookie-policy\/","name":"Cookie policy &#8212; iChoosr","isPartOf":{"@id":"https:\/\/ichoosr.com\/de-at\/#website"},"primaryImageOfPage":{"@id":"https:\/\/ichoosr.com\/de-at\/cookie-policy\/#primaryimage"},"image":{"@id":"https:\/\/ichoosr.com\/de-at\/cookie-policy\/#primaryimage"},"thumbnailUrl":"https:\/\/ichoosr.com\/wp-content\/uploads\/2023\/09\/FI_ichoosr.jpg","datePublished":"2023-10-05T14:25:15+00:00","breadcrumb":{"@id":"https:\/\/ichoosr.com\/de-at\/cookie-policy\/#breadcrumb"},"inLanguage":"de-AT","potentialAction":[{"@type":"ReadAction","target":["https:\/\/ichoosr.com\/de-at\/cookie-policy\/"]}]},{"@type":"ImageObject","inLanguage":"de-AT","@id":"https:\/\/ichoosr.com\/de-at\/cookie-policy\/#primaryimage","url":"https:\/\/ichoosr.com\/wp-content\/uploads\/2023\/09\/FI_ichoosr.jpg","contentUrl":"https:\/\/ichoosr.com\/wp-content\/uploads\/2023\/09\/FI_ichoosr.jpg","width":1696,"height":937},{"@type":"BreadcrumbList","@id":"https:\/\/ichoosr.com\/de-at\/cookie-policy\/#breadcrumb","itemListElement":[{"@type":"ListItem","position":1,"name":"Homepage","item":"https:\/\/ichoosr.com\/de-at\/"},{"@type":"ListItem","position":2,"name":"Cookie policy"}]},{"@type":"WebSite","@id":"https:\/\/ichoosr.com\/de-at\/#website","url":"https:\/\/ichoosr.com\/de-at\/","name":"iChoosr","description":"Empowering people, energising society.","publisher":{"@id":"https:\/\/ichoosr.com\/de-at\/#organization"},"alternateName":"Empowering people, energising society.","potentialAction":[{"@type":"SearchAction","target":{"@type":"EntryPoint","urlTemplate":"https:\/\/ichoosr.com\/de-at\/?s={search_term_string}"},"query-input":{"@type":"PropertyValueSpecification","valueRequired":true,"valueName":"search_term_string"}}],"inLanguage":"de-AT"},{"@type":"Organization","@id":"https:\/\/ichoosr.com\/de-at\/#organization","name":"iChoosr","url":"https:\/\/ichoosr.com\/de-at\/","logo":{"@type":"ImageObject","inLanguage":"de-AT","@id":"https:\/\/ichoosr.com\/de-at\/#\/schema\/logo\/image\/","url":"https:\/\/ichoosr.com\/wp-content\/uploads\/2023\/09\/FI_ichoosr.jpg","contentUrl":"https:\/\/ichoosr.com\/wp-content\/uploads\/2023\/09\/FI_ichoosr.jpg","width":1696,"height":937,"caption":"iChoosr"},"image":{"@id":"https:\/\/ichoosr.com\/de-at\/#\/schema\/logo\/image\/"},"sameAs":["https:\/\/x.com\/UKiChoosr"]}]}},"_links":{"self":[{"href":"https:\/\/ichoosr.com\/de-at\/wp-json\/wp\/v2\/pages\/16900","targetHints":{"allow":["GET"]}}],"collection":[{"href":"https:\/\/ichoosr.com\/de-at\/wp-json\/wp\/v2\/pages"}],"about":[{"href":"https:\/\/ichoosr.com\/de-at\/wp-json\/wp\/v2\/types\/page"}],"author":[{"embeddable":true,"href":"https:\/\/ichoosr.com\/de-at\/wp-json\/wp\/v2\/users\/25"}],"replies":[{"embeddable":true,"href":"https:\/\/ichoosr.com\/de-at\/wp-json\/wp\/v2\/comments?post=16900"}],"version-history":[{"count":0,"href":"https:\/\/ichoosr.com\/de-at\/wp-json\/wp\/v2\/pages\/16900\/revisions"}],"wp:featuredmedia":[{"embeddable":true,"href":"https:\/\/ichoosr.com\/de-at\/wp-json\/wp\/v2\/media\/16786"}],"wp:attachment":[{"href":"https:\/\/ichoosr.com\/de-at\/wp-json\/wp\/v2\/media?parent=16900"}],"curies":[{"name":"wp","href":"https:\/\/api.w.org\/{rel}","templated":true}]}}